{"id":14156,"date":"2023-01-11T23:17:49","date_gmt":"2023-01-11T21:17:49","guid":{"rendered":"https:\/\/wheelde.com\/?page_id=14156"},"modified":"2025-07-18T19:27:23","modified_gmt":"2025-07-18T17:27:23","slug":"storitve","status":"publish","type":"page","link":"https:\/\/wheelde.com\/sl\/storitve\/","title":{"rendered":"Storitve"},"content":{"rendered":"\t\t<div data-elementor-type=\"wp-page\" data-elementor-id=\"14156\" class=\"elementor elementor-14156 elementor-3822\">\n\t\t\t\t\t\t<section class=\"elementor-section elementor-top-section elementor-element elementor-element-bbe1457 elementor-section-boxed elementor-section-height-default elementor-section-height-default\" data-id=\"bbe1457\" data-element_type=\"section\" data-e-type=\"section\">\n\t\t\t\t\t\t<div class=\"elementor-container elementor-column-gap-default\">\n\t\t\t\t\t<div class=\"elementor-column elementor-col-100 elementor-top-column elementor-element elementor-element-55dbbc1\" data-id=\"55dbbc1\" data-element_type=\"column\" data-e-type=\"column\">\n\t\t\t<div class=\"elementor-widget-wrap elementor-element-populated\">\n\t\t\t\t\t\t<div class=\"elementor-element elementor-element-568d0ed elementor-widget elementor-widget-text-editor\" data-id=\"568d0ed\" data-element_type=\"widget\" data-e-type=\"widget\" data-widget_type=\"text-editor.default\">\n\t\t\t\t<div class=\"elementor-widget-container\">\n\t\t\t\t\t\t\t\t\t<div class=\"ipWidget ipWidget-Heading ipSkin-default\">\n<h3 class=\"_title\">Na\u0161a storitev<\/h3>\n<\/div>\n<div class=\"ipWidget ipWidget-Text ipSkin-default\">\n<div class=\"ipsContainer\"><\/div>\n<\/div>\n<div class=\"ipWidget ipWidget-Text ipSkin-default\">\n<div class=\"ipsContainer\">\n\n&#8211; Ocenjevanje strojev\/linij\/obratov in tr\u017eenje\n<\/br>&#8211; Vizualni pregled in poro\u010dilo\n<\/br>&#8211; Finan\u010dna dokumentacija\n<\/br>&#8211; Priprava demonta\u017ee in transporta\n<\/br>&#8211; Namestitev in zagon\n\n<\/div>\n<\/div>\t\t\t\t\t\t\t\t<\/div>\n\t\t\t\t<\/div>\n\t\t\t\t\t<\/div>\n\t\t<\/div>\n\t\t\t\t\t<\/div>\n\t\t<\/section>\n\t\t\t\t<\/div>\n\t\t","protected":false},"excerpt":{"rendered":"<p>Na\u0161a storitev &#8211; Ocenjevanje strojev\/linij\/obratov in tr\u017eenje &#8211; Vizualni pregled in poro\u010dilo &#8211; Finan\u010dna dokumentacija &#8211; Priprava demonta\u017ee in transporta &#8211; Namestitev in zagon<\/p>\n","protected":false},"author":2,"featured_media":0,"parent":0,"menu_order":0,"comment_status":"closed","ping_status":"closed","template":"","meta":{"_acf_changed":false,"site-sidebar-layout":"no-sidebar","site-content-layout":"page-builder","ast-global-header-display":"","ast-main-header-display":"","ast-hfb-above-header-display":"","ast-hfb-below-header-display":"","ast-hfb-mobile-header-display":"","site-post-title":"disabled","ast-breadcrumbs-content":"","ast-featured-img":"disabled","footer-sml-layout":"","theme-transparent-header-meta":"default","adv-header-id-meta":"","stick-header-meta":"default","header-above-stick-meta":"","header-main-stick-meta":"","header-below-stick-meta":"","footnotes":""},"class_list":["post-14156","page","type-page","status-publish","hentry"],"acf":[],"yoast_head":"<title>CNC Training Courses<\/title>\n<meta name=\"description\" content=\"Mills CNC Training Academy offers training courses that cover all aspects of the machine lifecycle, from maintenance to operator.\" \/>\n<meta name=\"robots\" content=\"index, follow, max-snippet:-1, max-image-preview:large, max-video-preview:-1\" \/>\n<link rel=\"canonical\" href=\"https:\/\/wheelde.com\/sl\/storitve\/\" \/>\n<meta property=\"og:locale\" content=\"sl_SI\" \/>\n<meta property=\"og:type\" content=\"article\" \/>\n<meta property=\"og:title\" content=\"CNC Training Courses\" \/>\n<meta property=\"og:description\" content=\"Mills CNC Training Academy offers training courses that cover all aspects of the machine lifecycle, from maintenance to operator.\" \/>\n<meta property=\"og:url\" content=\"https:\/\/wheelde.com\/sl\/storitve\/\" \/>\n<meta property=\"og:site_name\" content=\"wheelde.com\" \/>\n<meta property=\"article:modified_time\" content=\"2025-07-18T17:27:23+00:00\" \/>\n<script type=\"application\/ld+json\" class=\"yoast-schema-graph\">{\"@context\":\"https:\\\/\\\/schema.org\",\"@graph\":[{\"@type\":\"WebPage\",\"@id\":\"https:\\\/\\\/wheelde.com\\\/sl\\\/storitve\\\/\",\"url\":\"https:\\\/\\\/wheelde.com\\\/sl\\\/storitve\\\/\",\"name\":\"CNC Training Courses\",\"isPartOf\":{\"@id\":\"https:\\\/\\\/wheelde.com\\\/sl\\\/#website\"},\"datePublished\":\"2023-01-11T21:17:49+00:00\",\"dateModified\":\"2025-07-18T17:27:23+00:00\",\"description\":\"Mills CNC Training Academy offers training courses that cover all aspects of the machine lifecycle, from maintenance to operator.\",\"breadcrumb\":{\"@id\":\"https:\\\/\\\/wheelde.com\\\/sl\\\/storitve\\\/#breadcrumb\"},\"inLanguage\":\"sl-SI\",\"potentialAction\":[{\"@type\":\"ReadAction\",\"target\":[\"https:\\\/\\\/wheelde.com\\\/sl\\\/storitve\\\/\"]}]},{\"@type\":\"BreadcrumbList\",\"@id\":\"https:\\\/\\\/wheelde.com\\\/sl\\\/storitve\\\/#breadcrumb\",\"itemListElement\":[{\"@type\":\"ListItem\",\"position\":1,\"name\":\"Home\",\"item\":\"https:\\\/\\\/wheelde.com\\\/sl\\\/\"},{\"@type\":\"ListItem\",\"position\":2,\"name\":\"Storitve\"}]},{\"@type\":\"WebSite\",\"@id\":\"https:\\\/\\\/wheelde.com\\\/sl\\\/#website\",\"url\":\"https:\\\/\\\/wheelde.com\\\/sl\\\/\",\"name\":\"wheelde.com\",\"description\":\"Global B2B portal to find used production machines\",\"publisher\":{\"@id\":\"https:\\\/\\\/wheelde.com\\\/sl\\\/#organization\"},\"potentialAction\":[{\"@type\":\"SearchAction\",\"target\":{\"@type\":\"EntryPoint\",\"urlTemplate\":\"https:\\\/\\\/wheelde.com\\\/sl\\\/?s={search_term_string}\"},\"query-input\":{\"@type\":\"PropertyValueSpecification\",\"valueRequired\":true,\"valueName\":\"search_term_string\"}}],\"inLanguage\":\"sl-SI\"},{\"@type\":\"Organization\",\"@id\":\"https:\\\/\\\/wheelde.com\\\/sl\\\/#organization\",\"name\":\"wheelde.com\",\"url\":\"https:\\\/\\\/wheelde.com\\\/sl\\\/\",\"logo\":{\"@type\":\"ImageObject\",\"inLanguage\":\"sl-SI\",\"@id\":\"https:\\\/\\\/wheelde.com\\\/sl\\\/#\\\/schema\\\/logo\\\/image\\\/\",\"url\":\"https:\\\/\\\/wheelde.com\\\/wp-content\\\/uploads\\\/2024\\\/11\\\/logo1.webp\",\"contentUrl\":\"https:\\\/\\\/wheelde.com\\\/wp-content\\\/uploads\\\/2024\\\/11\\\/logo1.webp\",\"width\":408,\"height\":103,\"caption\":\"wheelde.com\"},\"image\":{\"@id\":\"https:\\\/\\\/wheelde.com\\\/sl\\\/#\\\/schema\\\/logo\\\/image\\\/\"}}]}<\/script>","yoast_head_json":{"title":"CNC Training Courses","description":"Mills CNC Training Academy offers training courses that cover all aspects of the machine lifecycle, from maintenance to operator.","robots":{"index":"index","follow":"follow","max-snippet":"max-snippet:-1","max-image-preview":"max-image-preview:large","max-video-preview":"max-video-preview:-1"},"canonical":"https:\/\/wheelde.com\/sl\/storitve\/","og_locale":"sl_SI","og_type":"article","og_title":"CNC Training Courses","og_description":"Mills CNC Training Academy offers training courses that cover all aspects of the machine lifecycle, from maintenance to operator.","og_url":"https:\/\/wheelde.com\/sl\/storitve\/","og_site_name":"wheelde.com","article_modified_time":"2025-07-18T17:27:23+00:00","schema":{"@context":"https:\/\/schema.org","@graph":[{"@type":"WebPage","@id":"https:\/\/wheelde.com\/sl\/storitve\/","url":"https:\/\/wheelde.com\/sl\/storitve\/","name":"CNC Training Courses","isPartOf":{"@id":"https:\/\/wheelde.com\/sl\/#website"},"datePublished":"2023-01-11T21:17:49+00:00","dateModified":"2025-07-18T17:27:23+00:00","description":"Mills CNC Training Academy offers training courses that cover all aspects of the machine lifecycle, from maintenance to operator.","breadcrumb":{"@id":"https:\/\/wheelde.com\/sl\/storitve\/#breadcrumb"},"inLanguage":"sl-SI","potentialAction":[{"@type":"ReadAction","target":["https:\/\/wheelde.com\/sl\/storitve\/"]}]},{"@type":"BreadcrumbList","@id":"https:\/\/wheelde.com\/sl\/storitve\/#breadcrumb","itemListElement":[{"@type":"ListItem","position":1,"name":"Home","item":"https:\/\/wheelde.com\/sl\/"},{"@type":"ListItem","position":2,"name":"Storitve"}]},{"@type":"WebSite","@id":"https:\/\/wheelde.com\/sl\/#website","url":"https:\/\/wheelde.com\/sl\/","name":"wheelde.com","description":"Global B2B portal to find used production machines","publisher":{"@id":"https:\/\/wheelde.com\/sl\/#organization"},"potentialAction":[{"@type":"SearchAction","target":{"@type":"EntryPoint","urlTemplate":"https:\/\/wheelde.com\/sl\/?s={search_term_string}"},"query-input":{"@type":"PropertyValueSpecification","valueRequired":true,"valueName":"search_term_string"}}],"inLanguage":"sl-SI"},{"@type":"Organization","@id":"https:\/\/wheelde.com\/sl\/#organization","name":"wheelde.com","url":"https:\/\/wheelde.com\/sl\/","logo":{"@type":"ImageObject","inLanguage":"sl-SI","@id":"https:\/\/wheelde.com\/sl\/#\/schema\/logo\/image\/","url":"https:\/\/wheelde.com\/wp-content\/uploads\/2024\/11\/logo1.webp","contentUrl":"https:\/\/wheelde.com\/wp-content\/uploads\/2024\/11\/logo1.webp","width":408,"height":103,"caption":"wheelde.com"},"image":{"@id":"https:\/\/wheelde.com\/sl\/#\/schema\/logo\/image\/"}}]}},"_links":{"self":[{"href":"https:\/\/wheelde.com\/sl\/wp-json\/wp\/v2\/pages\/14156","targetHints":{"allow":["GET"]}}],"collection":[{"href":"https:\/\/wheelde.com\/sl\/wp-json\/wp\/v2\/pages"}],"about":[{"href":"https:\/\/wheelde.com\/sl\/wp-json\/wp\/v2\/types\/page"}],"author":[{"embeddable":true,"href":"https:\/\/wheelde.com\/sl\/wp-json\/wp\/v2\/users\/2"}],"replies":[{"embeddable":true,"href":"https:\/\/wheelde.com\/sl\/wp-json\/wp\/v2\/comments?post=14156"}],"version-history":[{"count":0,"href":"https:\/\/wheelde.com\/sl\/wp-json\/wp\/v2\/pages\/14156\/revisions"}],"wp:attachment":[{"href":"https:\/\/wheelde.com\/sl\/wp-json\/wp\/v2\/media?parent=14156"}],"curies":[{"name":"wp","href":"https:\/\/api.w.org\/{rel}","templated":true}]}}