{"id":14177,"date":"2023-02-08T18:19:24","date_gmt":"2023-02-08T16:19:24","guid":{"rendered":"https:\/\/wheelde.com\/?page_id=14177"},"modified":"2025-07-18T18:48:48","modified_gmt":"2025-07-18T16:48:48","slug":"hladane-stroje","status":"publish","type":"page","link":"https:\/\/wheelde.com\/sk\/hladane-stroje\/","title":{"rendered":"H\u013eadan\u00e9 stroje"},"content":{"rendered":"\t\t<div data-elementor-type=\"wp-page\" data-elementor-id=\"14177\" class=\"elementor elementor-14177 elementor-7127\">\n\t\t\t\t\t\t<section class=\"elementor-section elementor-top-section elementor-element elementor-element-ec068c8 elementor-section-boxed elementor-section-height-default elementor-section-height-default\" data-id=\"ec068c8\" data-element_type=\"section\" data-e-type=\"section\">\n\t\t\t\t\t\t<div class=\"elementor-container elementor-column-gap-default\">\n\t\t\t\t\t<div class=\"elementor-column elementor-col-50 elementor-top-column elementor-element elementor-element-ca23f21\" data-id=\"ca23f21\" data-element_type=\"column\" data-e-type=\"column\" data-settings=\"{&quot;background_background&quot;:&quot;classic&quot;}\">\n\t\t\t<div class=\"elementor-widget-wrap elementor-element-populated\">\n\t\t\t\t\t\t<div class=\"elementor-element elementor-element-705ee49 elementor-widget elementor-widget-shortcode\" data-id=\"705ee49\" data-element_type=\"widget\" data-e-type=\"widget\" data-widget_type=\"shortcode.default\">\n\t\t\t\t<div class=\"elementor-widget-container\">\n\t\t\t\t\t\t\t<div class=\"elementor-shortcode\">\n<div class=\"wpcf7 no-js\" id=\"wpcf7-f15325-o1\" lang=\"en-US\" dir=\"ltr\" data-wpcf7-id=\"15325\">\n<div class=\"screen-reader-response\"><p role=\"status\" aria-live=\"polite\" aria-atomic=\"true\"><\/p> <ul><\/ul><\/div>\n<form action=\"\/sk\/wp-json\/wp\/v2\/pages\/14177#wpcf7-f15325-o1\" method=\"post\" class=\"wpcf7-form init\" aria-label=\"Contact form\" novalidate=\"novalidate\" data-status=\"init\">\n<div style=\"display: none;\">\n<input type=\"hidden\" name=\"_wpcf7\" value=\"15325\" \/>\n<input type=\"hidden\" name=\"_wpcf7_version\" value=\"6.0.6\" \/>\n<input type=\"hidden\" name=\"_wpcf7_locale\" value=\"en_US\" \/>\n<input type=\"hidden\" name=\"_wpcf7_unit_tag\" value=\"wpcf7-f15325-o1\" \/>\n<input type=\"hidden\" name=\"_wpcf7_container_post\" value=\"0\" \/>\n<input type=\"hidden\" name=\"_wpcf7_posted_data_hash\" value=\"\" \/>\n<input type=\"hidden\" name=\"_wpcf7dtx_version\" value=\"5.0.5\" \/>\n<input type=\"hidden\" name=\"_wpcf7_recaptcha_response\" value=\"\" \/>\n<\/div>\n<h3>Kontakty spolo\u010dnosti\n<\/h3>\n<p><label> N\u00e1zov spolo\u010dnosti:<br \/>\n<span class=\"wpcf7-form-control-wrap\" data-name=\"company\"><input size=\"40\" maxlength=\"400\" class=\"wpcf7-form-control wpcf7-text wpcf7-validates-as-required\" aria-required=\"true\" aria-invalid=\"false\" value=\"\" type=\"text\" name=\"company\" \/><\/span> <\/label>\n<\/p>\n<p><label> Kontaktn\u00e1 osoba:<br \/>\n<span class=\"wpcf7-form-control-wrap\" data-name=\"person\"><input size=\"40\" maxlength=\"400\" class=\"wpcf7-form-control wpcf7-text wpcf7-validates-as-required\" aria-required=\"true\" aria-invalid=\"false\" value=\"\" type=\"text\" name=\"person\" \/><\/span> <\/label>\n<\/p>\n<p><label> Krajina:<br \/>\n<span class=\"wpcf7-form-control-wrap\" data-name=\"country\"><select class=\"wpcf7-form-control wpcf7-select wpcf7-validates-as-required\" aria-required=\"true\" aria-invalid=\"false\" name=\"country\"><option value=\"\">--Select country--<\/option><option value=\"10\">Afghanistan<\/option><option value=\"11\">\u00c5land Islands<\/option><option value=\"12\">Albania<\/option><option value=\"13\">Algeria<\/option><option value=\"14\">American Samoa<\/option><option value=\"15\">Andorra<\/option><option value=\"16\">Angola<\/option><option value=\"17\">Anguilla<\/option><option value=\"18\">Antarctica<\/option><option value=\"19\">Antigua and Barbuda<\/option><option value=\"20\">Argentina<\/option><option value=\"21\">Armenia<\/option><option value=\"22\">Aruba<\/option><option value=\"23\">Australia<\/option><option value=\"3084\">Austria<\/option><option value=\"3247\">Azerbaijan<\/option><option value=\"2749\">Bahamas<\/option><option value=\"3481\">Bahrain<\/option><option value=\"28\">Bangladesh<\/option><option value=\"29\">Barbados<\/option><option value=\"3930\">Belarus<\/option><option value=\"31\">Belgium<\/option><option value=\"32\">Belize<\/option><option value=\"33\">Benin<\/option><option value=\"34\">Bermuda<\/option><option value=\"35\">Bhutan<\/option><option value=\"36\">Bolivia, Plurinational State of<\/option><option value=\"37\">Bonaire, Sint Eustatius and Saba<\/option><option value=\"3964\">Bosnia and Herzegovina<\/option><option value=\"39\">Botswana<\/option><option value=\"40\">Bouvet Island<\/option><option value=\"41\">Brazil<\/option><option value=\"42\">British Indian Ocean Territory<\/option><option value=\"43\">Brunei Darussalam<\/option><option value=\"3843\">Bulgaria<\/option><option value=\"45\">Burkina Faso<\/option><option value=\"46\">Burundi<\/option><option value=\"47\">Cambodia<\/option><option value=\"48\">Cameroon<\/option><option value=\"2807\">Canada<\/option><option value=\"50\">Cape Verde<\/option><option value=\"51\">Cayman Islands<\/option><option value=\"52\">Central African Republic<\/option><option value=\"53\">Chad<\/option><option value=\"54\">Chile<\/option><option value=\"3415\">China<\/option><option value=\"56\">Christmas Island<\/option><option value=\"57\">Cocos (Keeling) Islands<\/option><option value=\"58\">Colombia<\/option><option value=\"59\">Comoros<\/option><option value=\"60\">Congo<\/option><option value=\"61\">Congo, the Democratic Republic of the<\/option><option value=\"62\">Cook Islands<\/option><option value=\"63\">Costa Rica<\/option><option value=\"64\">C\u00f4te d&#039;Ivoire<\/option><option value=\"65\">Croatia<\/option><option value=\"66\">Cuba<\/option><option value=\"67\">Cura\u00e7ao<\/option><option value=\"68\">Cyprus<\/option><option value=\"3233\">Czech Republic<\/option><option value=\"3050\">Denmark<\/option><option value=\"71\">Djibouti<\/option><option value=\"72\">Dominica<\/option><option value=\"73\">Dominican Republic<\/option><option value=\"74\">Ecuador<\/option><option value=\"3528\">Egypt<\/option><option value=\"76\">El Salvador<\/option><option value=\"77\">Equatorial Guinea<\/option><option value=\"78\">Eritrea<\/option><option value=\"79\">Estonia<\/option><option value=\"80\">Ethiopia<\/option><option value=\"81\">Falkland Islands (Malvinas)<\/option><option value=\"82\">Faroe Islands<\/option><option value=\"83\">Fiji<\/option><option value=\"3036\">Finland<\/option><option value=\"3428\">France<\/option><option value=\"86\">French Guiana<\/option><option value=\"87\">French Polynesia<\/option><option value=\"88\">French Southern Territories<\/option><option value=\"89\">Gabon<\/option><option value=\"90\">Gambia<\/option><option value=\"91\">Georgia<\/option><option value=\"2783\">Germany<\/option><option value=\"93\">Ghana<\/option><option value=\"94\">Gibraltar<\/option><option value=\"3120\">Greece<\/option><option value=\"96\">Greenland<\/option><option value=\"97\">Grenada<\/option><option value=\"98\">Guadeloupe<\/option><option value=\"99\">Guam<\/option><option value=\"100\">Guatemala<\/option><option value=\"101\">Guernsey<\/option><option value=\"102\">Guinea<\/option><option value=\"103\">Guinea-Bissau<\/option><option value=\"104\">Guyana<\/option><option value=\"105\">Haiti<\/option><option value=\"106\">Heard Island and McDonald Islands<\/option><option value=\"107\">Holy See (Vatican City State)<\/option><option value=\"108\">Honduras<\/option><option value=\"109\">Hong Kong<\/option><option value=\"3651\">Hungary<\/option><option value=\"111\">Iceland<\/option><option value=\"112\">India<\/option><option value=\"2771\">Indonesia<\/option><option value=\"477\">Iran<\/option><option value=\"114\">Iran, Islamic Republic of<\/option><option value=\"115\">Iraq<\/option><option value=\"2853\">Ireland<\/option><option value=\"478\">Islamic Republic of<\/option><option value=\"117\">Isle of Man<\/option><option value=\"2942\">Israel<\/option><option value=\"3391\">Italy<\/option><option value=\"120\">Jamaica<\/option><option value=\"2795\">Japan<\/option><option value=\"122\">Jersey<\/option><option value=\"123\">Jordan<\/option><option value=\"124\">Kazakhstan<\/option><option value=\"125\">Kenya<\/option><option value=\"126\">Kiribati<\/option><option value=\"475\">Korea<\/option><option value=\"127\">Korea, Democratic People&#039;s Republic of<\/option><option value=\"128\">Korea, Republic of<\/option><option value=\"129\">Kuwait<\/option><option value=\"130\">Kyrgyzstan<\/option><option value=\"131\">Lao People&#039;s Democratic Republic<\/option><option value=\"3918\">Latvia<\/option><option value=\"3807\">Lebanon<\/option><option value=\"134\">Lesotho<\/option><option value=\"135\">Liberia<\/option><option value=\"136\">Libya<\/option><option value=\"137\">Liechtenstein<\/option><option value=\"2978\">Lithuania<\/option><option value=\"139\">Luxembourg<\/option><option value=\"140\">Macao<\/option><option value=\"479\">Macedonia<\/option><option value=\"141\">Macedonia, the former Yugoslav Republic of<\/option><option value=\"142\">Madagascar<\/option><option value=\"143\">Malawi<\/option><option value=\"3603\">Malaysia<\/option><option value=\"145\">Maldives<\/option><option value=\"146\">Mali<\/option><option value=\"147\">Malta<\/option><option value=\"148\">Marshall Islands<\/option><option value=\"149\">Martinique<\/option><option value=\"150\">Mauritania<\/option><option value=\"151\">Mauritius<\/option><option value=\"152\">Mayotte<\/option><option value=\"3881\">Mexico<\/option><option value=\"154\">Micronesia, Federated States of<\/option><option value=\"155\">Moldova, Republic of<\/option><option value=\"156\">Monaco<\/option><option value=\"157\">Mongolia<\/option><option value=\"158\">Montenegro<\/option><option value=\"159\">Montserrat<\/option><option value=\"160\">Morocco<\/option><option value=\"161\">Mozambique<\/option><option value=\"162\">Myanmar<\/option><option value=\"163\">Namibia<\/option><option value=\"164\">Nauru<\/option><option value=\"165\">Nepal<\/option><option value=\"3193\">Netherlands<\/option><option value=\"167\">New Caledonia<\/option><option value=\"168\">New Zealand<\/option><option value=\"169\">Nicaragua<\/option><option value=\"170\">Niger<\/option><option value=\"171\">Nigeria<\/option><option value=\"172\">Niue<\/option><option value=\"173\">Norfolk Island<\/option><option value=\"174\">Northern Mariana Islands<\/option><option value=\"175\">Norway<\/option><option value=\"176\">Oman<\/option><option value=\"177\">Pakistan<\/option><option value=\"178\">Palau<\/option><option value=\"179\">Palestinian Territory, Occupied<\/option><option value=\"180\">Panama<\/option><option value=\"181\">Papua New Guinea<\/option><option value=\"182\">Paraguay<\/option><option value=\"183\">Peru<\/option><option value=\"184\">Philippines<\/option><option value=\"185\">Pitcairn<\/option><option value=\"2867\">Poland<\/option><option value=\"187\">Portugal<\/option><option value=\"482\">Province of China<\/option><option value=\"188\">Puerto Rico<\/option><option value=\"189\">Qatar<\/option><option value=\"476\">Republic of<\/option><option value=\"190\">R\u00e9union<\/option><option value=\"3505\">Romania<\/option><option value=\"3627\">Russian Federation<\/option><option value=\"193\">Rwanda<\/option><option value=\"194\">Saint Barth\u00e9lemy<\/option><option value=\"195\">Saint Helena, Ascension and Tristan da Cunha<\/option><option value=\"196\">Saint Kitts and Nevis<\/option><option value=\"197\">Saint Lucia<\/option><option value=\"198\">Saint Martin (French part)<\/option><option value=\"199\">Saint Pierre and Miquelon<\/option><option value=\"200\">Saint Vincent and the Grenadines<\/option><option value=\"201\">Samoa<\/option><option value=\"202\">San Marino<\/option><option value=\"203\">Sao Tome and Principe<\/option><option value=\"204\">Saudi Arabia<\/option><option value=\"205\">Senegal<\/option><option value=\"3759\">Serbia<\/option><option value=\"207\">Seychelles<\/option><option value=\"208\">Sierra Leone<\/option><option value=\"209\">Singapore<\/option><option value=\"210\">Sint Maarten (Dutch part)<\/option><option value=\"3493\">Slovakia<\/option><option value=\"212\">Slovenia<\/option><option value=\"213\">Solomon Islands<\/option><option value=\"214\">Somalia<\/option><option value=\"215\">South Africa<\/option><option value=\"216\">South Georgia and the South Sandwich Islands<\/option><option value=\"217\">South Sudan<\/option><option value=\"2893\">Spain<\/option><option value=\"219\">Sri Lanka<\/option><option value=\"220\">Sudan<\/option><option value=\"221\">Suriname<\/option><option value=\"222\">Svalbard and Jan Mayen<\/option><option value=\"223\">Swaziland<\/option><option value=\"2831\">Sweden<\/option><option value=\"225\">Switzerland<\/option><option value=\"226\">Syrian Arab Republic<\/option><option value=\"481\">Taiwan<\/option><option value=\"227\">Taiwan, Province of China<\/option><option value=\"228\">Tajikistan<\/option><option value=\"229\">Tanzania, United Republic of<\/option><option value=\"230\">Thailand<\/option><option value=\"480\">The former Yugoslav Republic<\/option><option value=\"231\">Timor-Leste<\/option><option value=\"232\">Togo<\/option><option value=\"233\">Tokelau<\/option><option value=\"234\">Tonga<\/option><option value=\"235\">Trinidad and Tobago<\/option><option value=\"236\">Tunisia<\/option><option value=\"3181\">Turkey<\/option><option value=\"238\">Turkmenistan<\/option><option value=\"239\">Turks and Caicos Islands<\/option><option value=\"240\">Tuvalu<\/option><option value=\"241\">Uganda<\/option><option value=\"3554\">Ukraine<\/option><option value=\"243\">United Arab Emirates<\/option><option value=\"3379\">United Kingdom<\/option><option value=\"3000\">United States<\/option><option value=\"246\">United States Minor Outlying Islands<\/option><option value=\"247\">Uruguay<\/option><option value=\"248\">Uzbekistan<\/option><option value=\"249\">Vanuatu<\/option><option value=\"250\">Venezuela, Bolivarian Republic of<\/option><option value=\"251\">Viet Nam<\/option><option value=\"252\">Virgin Islands, British<\/option><option value=\"253\">Virgin Islands, U.S.<\/option><option value=\"254\">Wallis and Futuna<\/option><option value=\"255\">Western Sahara<\/option><option value=\"256\">Yemen<\/option><option value=\"257\">Zambia<\/option><option value=\"258\">Zimbabwe<\/option><\/select><\/span><\/label>\n<\/p>\n<p><label> Telef\u00f3n:<br \/>\n<span class=\"wpcf7-form-control-wrap\" data-name=\"phone\"><input size=\"40\" maxlength=\"400\" class=\"wpcf7-form-control wpcf7-text wpcf7-validates-as-required\" aria-required=\"true\" aria-invalid=\"false\" value=\"\" type=\"text\" name=\"phone\" \/><\/span> <\/label>\n<\/p>\n<p><label> E-mail<br \/>\n<span class=\"wpcf7-form-control-wrap\" data-name=\"email\"><input size=\"40\" maxlength=\"400\" class=\"wpcf7-form-control wpcf7-email wpcf7-validates-as-required wpcf7-text wpcf7-validates-as-email\" aria-required=\"true\" aria-invalid=\"false\" value=\"\" type=\"email\" name=\"email\" \/><\/span> <\/label>\n<\/p>\n<p><label> Model stroja:<br \/>\n<span class=\"wpcf7-form-control-wrap\" data-name=\"machinemodel\"><input size=\"40\" maxlength=\"400\" class=\"wpcf7-form-control wpcf7-text wpcf7-validates-as-required\" aria-required=\"true\" aria-invalid=\"false\" value=\"\" type=\"text\" name=\"machinemodel\" \/><\/span><\/label>\n<\/p>\n<p><label> Predajca strojov?:<\/label><br \/>\n<span class=\"wpcf7-form-control-wrap\" data-name=\"dealer\"><span class=\"wpcf7-form-control wpcf7-radio\"><span class=\"wpcf7-list-item first\"><label><input type=\"radio\" name=\"dealer\" value=\"Nie\" checked=\"checked\" \/><span class=\"wpcf7-list-item-label\">Nie<\/span><\/label><\/span><span class=\"wpcf7-list-item last\"><label><input type=\"radio\" name=\"dealer\" value=\"\u00e1no\" \/><span class=\"wpcf7-list-item-label\">\u00e1no<\/span><\/label><\/span><\/span><\/span>\n<\/p>\n<p><input class=\"wpcf7-form-control wpcf7-submit has-spinner\" type=\"submit\" value=\"Odosla\u0165\" \/>\n<\/p><input type='hidden' class='wpcf7-pum' value='{\"closepopup\":false,\"closedelay\":0,\"openpopup\":false,\"openpopup_id\":0}' \/><div class=\"wpcf7-response-output\" aria-hidden=\"true\"><\/div>\n<\/form>\n<\/div>\n<\/div>\n\t\t\t\t\t\t<\/div>\n\t\t\t\t<\/div>\n\t\t\t\t\t<\/div>\n\t\t<\/div>\n\t\t\t\t<div class=\"elementor-column elementor-col-50 elementor-top-column elementor-element elementor-element-f3ae4d6\" data-id=\"f3ae4d6\" data-element_type=\"column\" data-e-type=\"column\">\n\t\t\t<div class=\"elementor-widget-wrap elementor-element-populated\">\n\t\t\t\t\t\t<div class=\"elementor-element elementor-element-a44a9b0 elementor-widget elementor-widget-heading\" data-id=\"a44a9b0\" data-element_type=\"widget\" data-e-type=\"widget\" data-widget_type=\"heading.default\">\n\t\t\t\t<div class=\"elementor-widget-container\">\n\t\t\t\t\t<h5 class=\"elementor-heading-title elementor-size-default\">Moment\u00e1lne h\u013ead\u00e1me tieto stroje:<\/h5>\t\t\t\t<\/div>\n\t\t\t\t<\/div>\n\t\t\t\t<div class=\"elementor-element elementor-element-d98fc35 elementor-widget elementor-widget-shortcode\" data-id=\"d98fc35\" data-element_type=\"widget\" data-e-type=\"widget\" data-widget_type=\"shortcode.default\">\n\t\t\t\t<div class=\"elementor-widget-container\">\n\t\t\t\t\t\t\t<div class=\"elementor-shortcode\">Reinforced member bitumen production line | Dalcos LFN800 | Gear grinding upto 14 module with crowning and profile grinding | fine Blanking Press | Danieli Pres | Ewamatic line and Ewag laser line for sale | PV SL2 \/ 2-2 | Br\u00fcckenkran 20 tonnen | HAUSR S50 CNC | Maver glass MV SKL 370 | DISH END FLANGING MACHINE | BATTENFELD UNILOG B2 TM 1000\/525 or equivalent ? | ESAB Combirex DX 3000 2012 year | Zoller tool presetter|SAACKE|Walter|Schutte|ANCA|ROLLOMATIC|VOLLMER universal tool grinding machines | MAAG SH100 | Tetra Therm Aseptic VTIS | NILPETER MO3300 | HAAS VF9-50 and VF6-50 | Okuma MA600HII | Okuma ma 600 hb | Italpack packaging machine | Elumatec SBZ 151 | <\/div>\n\t\t\t\t\t\t<\/div>\n\t\t\t\t<\/div>\n\t\t\t\t\t<\/div>\n\t\t<\/div>\n\t\t\t\t\t<\/div>\n\t\t<\/section>\n\t\t\t\t<section class=\"elementor-section elementor-top-section elementor-element elementor-element-b71acf3 elementor-section-boxed elementor-section-height-default elementor-section-height-default\" data-id=\"b71acf3\" data-element_type=\"section\" data-e-type=\"section\">\n\t\t\t\t\t\t<div class=\"elementor-container elementor-column-gap-default\">\n\t\t\t\t\t<div class=\"elementor-column elementor-col-100 elementor-top-column elementor-element elementor-element-03685e9\" data-id=\"03685e9\" data-element_type=\"column\" data-e-type=\"column\">\n\t\t\t<div class=\"elementor-widget-wrap elementor-element-populated\">\n\t\t\t\t\t\t<div class=\"elementor-element elementor-element-8469554 elementor-widget elementor-widget-spacer\" data-id=\"8469554\" data-element_type=\"widget\" data-e-type=\"widget\" data-widget_type=\"spacer.default\">\n\t\t\t\t<div class=\"elementor-widget-container\">\n\t\t\t\t\t\t\t<div class=\"elementor-spacer\">\n\t\t\t<div class=\"elementor-spacer-inner\"><\/div>\n\t\t<\/div>\n\t\t\t\t\t\t<\/div>\n\t\t\t\t<\/div>\n\t\t\t\t\t<\/div>\n\t\t<\/div>\n\t\t\t\t\t<\/div>\n\t\t<\/section>\n\t\t\t\t<\/div>\n\t\t","protected":false},"excerpt":{"rendered":"<p>Moment\u00e1lne h\u013ead\u00e1me tieto stroje:<\/p>\n","protected":false},"author":2,"featured_media":0,"parent":0,"menu_order":0,"comment_status":"closed","ping_status":"closed","template":"","meta":{"_acf_changed":false,"site-sidebar-layout":"no-sidebar","site-content-layout":"page-builder","ast-global-header-display":"","ast-main-header-display":"","ast-hfb-above-header-display":"","ast-hfb-below-header-display":"","ast-hfb-mobile-header-display":"","site-post-title":"disabled","ast-breadcrumbs-content":"","ast-featured-img":"disabled","footer-sml-layout":"","theme-transparent-header-meta":"default","adv-header-id-meta":"","stick-header-meta":"default","header-above-stick-meta":"","header-main-stick-meta":"","header-below-stick-meta":"","footnotes":""},"class_list":["post-14177","page","type-page","status-publish","hentry"],"acf":[],"yoast_head":"<title>Used Packaging machinery for sale<\/title>\n<meta name=\"description\" content=\"Buy or sell from a wide selection of used packaging equipment categories at Wheelde Equipment Browse top categories including stretch wrappers\" \/>\n<meta name=\"robots\" content=\"index, follow, max-snippet:-1, max-image-preview:large, max-video-preview:-1\" \/>\n<link rel=\"canonical\" href=\"https:\/\/wheelde.com\/sk\/hladane-stroje\/\" \/>\n<meta property=\"og:locale\" content=\"sk_SK\" \/>\n<meta property=\"og:type\" content=\"article\" \/>\n<meta property=\"og:title\" content=\"Used Packaging machinery for sale\" \/>\n<meta property=\"og:description\" content=\"Buy or sell from a wide selection of used packaging equipment categories at Wheelde Equipment Browse top categories including stretch wrappers\" \/>\n<meta property=\"og:url\" content=\"https:\/\/wheelde.com\/sk\/hladane-stroje\/\" \/>\n<meta property=\"og:site_name\" content=\"wheelde.com\" \/>\n<meta property=\"article:modified_time\" content=\"2025-07-18T16:48:48+00:00\" \/>\n<script type=\"application\/ld+json\" class=\"yoast-schema-graph\">{\"@context\":\"https:\\\/\\\/schema.org\",\"@graph\":[{\"@type\":\"WebPage\",\"@id\":\"https:\\\/\\\/wheelde.com\\\/sk\\\/hladane-stroje\\\/\",\"url\":\"https:\\\/\\\/wheelde.com\\\/sk\\\/hladane-stroje\\\/\",\"name\":\"Used Packaging machinery for sale\",\"isPartOf\":{\"@id\":\"https:\\\/\\\/wheelde.com\\\/sk\\\/#website\"},\"datePublished\":\"2023-02-08T16:19:24+00:00\",\"dateModified\":\"2025-07-18T16:48:48+00:00\",\"description\":\"Buy or sell from a wide selection of used packaging equipment categories at Wheelde Equipment Browse top categories including stretch wrappers\",\"breadcrumb\":{\"@id\":\"https:\\\/\\\/wheelde.com\\\/sk\\\/hladane-stroje\\\/#breadcrumb\"},\"inLanguage\":\"sk-SK\",\"potentialAction\":[{\"@type\":\"ReadAction\",\"target\":[\"https:\\\/\\\/wheelde.com\\\/sk\\\/hladane-stroje\\\/\"]}]},{\"@type\":\"BreadcrumbList\",\"@id\":\"https:\\\/\\\/wheelde.com\\\/sk\\\/hladane-stroje\\\/#breadcrumb\",\"itemListElement\":[{\"@type\":\"ListItem\",\"position\":1,\"name\":\"Home\",\"item\":\"https:\\\/\\\/wheelde.com\\\/sk\\\/\"},{\"@type\":\"ListItem\",\"position\":2,\"name\":\"H\u013eadan\u00e9 stroje\"}]},{\"@type\":\"WebSite\",\"@id\":\"https:\\\/\\\/wheelde.com\\\/sk\\\/#website\",\"url\":\"https:\\\/\\\/wheelde.com\\\/sk\\\/\",\"name\":\"wheelde.com\",\"description\":\"Global B2B portal to find used production machines\",\"publisher\":{\"@id\":\"https:\\\/\\\/wheelde.com\\\/sk\\\/#organization\"},\"potentialAction\":[{\"@type\":\"SearchAction\",\"target\":{\"@type\":\"EntryPoint\",\"urlTemplate\":\"https:\\\/\\\/wheelde.com\\\/sk\\\/?s={search_term_string}\"},\"query-input\":{\"@type\":\"PropertyValueSpecification\",\"valueRequired\":true,\"valueName\":\"search_term_string\"}}],\"inLanguage\":\"sk-SK\"},{\"@type\":\"Organization\",\"@id\":\"https:\\\/\\\/wheelde.com\\\/sk\\\/#organization\",\"name\":\"wheelde.com\",\"url\":\"https:\\\/\\\/wheelde.com\\\/sk\\\/\",\"logo\":{\"@type\":\"ImageObject\",\"inLanguage\":\"sk-SK\",\"@id\":\"https:\\\/\\\/wheelde.com\\\/sk\\\/#\\\/schema\\\/logo\\\/image\\\/\",\"url\":\"https:\\\/\\\/wheelde.com\\\/wp-content\\\/uploads\\\/2024\\\/11\\\/logo1.webp\",\"contentUrl\":\"https:\\\/\\\/wheelde.com\\\/wp-content\\\/uploads\\\/2024\\\/11\\\/logo1.webp\",\"width\":408,\"height\":103,\"caption\":\"wheelde.com\"},\"image\":{\"@id\":\"https:\\\/\\\/wheelde.com\\\/sk\\\/#\\\/schema\\\/logo\\\/image\\\/\"}}]}<\/script>","yoast_head_json":{"title":"Used Packaging machinery for sale","description":"Buy or sell from a wide selection of used packaging equipment categories at Wheelde Equipment Browse top categories including stretch wrappers","robots":{"index":"index","follow":"follow","max-snippet":"max-snippet:-1","max-image-preview":"max-image-preview:large","max-video-preview":"max-video-preview:-1"},"canonical":"https:\/\/wheelde.com\/sk\/hladane-stroje\/","og_locale":"sk_SK","og_type":"article","og_title":"Used Packaging machinery for sale","og_description":"Buy or sell from a wide selection of used packaging equipment categories at Wheelde Equipment Browse top categories including stretch wrappers","og_url":"https:\/\/wheelde.com\/sk\/hladane-stroje\/","og_site_name":"wheelde.com","article_modified_time":"2025-07-18T16:48:48+00:00","schema":{"@context":"https:\/\/schema.org","@graph":[{"@type":"WebPage","@id":"https:\/\/wheelde.com\/sk\/hladane-stroje\/","url":"https:\/\/wheelde.com\/sk\/hladane-stroje\/","name":"Used Packaging machinery for sale","isPartOf":{"@id":"https:\/\/wheelde.com\/sk\/#website"},"datePublished":"2023-02-08T16:19:24+00:00","dateModified":"2025-07-18T16:48:48+00:00","description":"Buy or sell from a wide selection of used packaging equipment categories at Wheelde Equipment Browse top categories including stretch wrappers","breadcrumb":{"@id":"https:\/\/wheelde.com\/sk\/hladane-stroje\/#breadcrumb"},"inLanguage":"sk-SK","potentialAction":[{"@type":"ReadAction","target":["https:\/\/wheelde.com\/sk\/hladane-stroje\/"]}]},{"@type":"BreadcrumbList","@id":"https:\/\/wheelde.com\/sk\/hladane-stroje\/#breadcrumb","itemListElement":[{"@type":"ListItem","position":1,"name":"Home","item":"https:\/\/wheelde.com\/sk\/"},{"@type":"ListItem","position":2,"name":"H\u013eadan\u00e9 stroje"}]},{"@type":"WebSite","@id":"https:\/\/wheelde.com\/sk\/#website","url":"https:\/\/wheelde.com\/sk\/","name":"wheelde.com","description":"Global B2B portal to find used production machines","publisher":{"@id":"https:\/\/wheelde.com\/sk\/#organization"},"potentialAction":[{"@type":"SearchAction","target":{"@type":"EntryPoint","urlTemplate":"https:\/\/wheelde.com\/sk\/?s={search_term_string}"},"query-input":{"@type":"PropertyValueSpecification","valueRequired":true,"valueName":"search_term_string"}}],"inLanguage":"sk-SK"},{"@type":"Organization","@id":"https:\/\/wheelde.com\/sk\/#organization","name":"wheelde.com","url":"https:\/\/wheelde.com\/sk\/","logo":{"@type":"ImageObject","inLanguage":"sk-SK","@id":"https:\/\/wheelde.com\/sk\/#\/schema\/logo\/image\/","url":"https:\/\/wheelde.com\/wp-content\/uploads\/2024\/11\/logo1.webp","contentUrl":"https:\/\/wheelde.com\/wp-content\/uploads\/2024\/11\/logo1.webp","width":408,"height":103,"caption":"wheelde.com"},"image":{"@id":"https:\/\/wheelde.com\/sk\/#\/schema\/logo\/image\/"}}]}},"_links":{"self":[{"href":"https:\/\/wheelde.com\/sk\/wp-json\/wp\/v2\/pages\/14177","targetHints":{"allow":["GET"]}}],"collection":[{"href":"https:\/\/wheelde.com\/sk\/wp-json\/wp\/v2\/pages"}],"about":[{"href":"https:\/\/wheelde.com\/sk\/wp-json\/wp\/v2\/types\/page"}],"author":[{"embeddable":true,"href":"https:\/\/wheelde.com\/sk\/wp-json\/wp\/v2\/users\/2"}],"replies":[{"embeddable":true,"href":"https:\/\/wheelde.com\/sk\/wp-json\/wp\/v2\/comments?post=14177"}],"version-history":[{"count":0,"href":"https:\/\/wheelde.com\/sk\/wp-json\/wp\/v2\/pages\/14177\/revisions"}],"wp:attachment":[{"href":"https:\/\/wheelde.com\/sk\/wp-json\/wp\/v2\/media?parent=14177"}],"curies":[{"name":"wp","href":"https:\/\/api.w.org\/{rel}","templated":true}]}}