{"id":13979,"date":"2023-01-11T23:17:27","date_gmt":"2023-01-11T21:17:27","guid":{"rendered":"https:\/\/wheelde.com\/?page_id=13979"},"modified":"2025-07-18T20:44:44","modified_gmt":"2025-07-18T18:44:44","slug":"o-nas","status":"publish","type":"page","link":"https:\/\/wheelde.com\/sk\/o-nas\/","title":{"rendered":"O n\u00e1s"},"content":{"rendered":"\t\t<div data-elementor-type=\"wp-page\" data-elementor-id=\"13979\" class=\"elementor elementor-13979 elementor-3820\">\n\t\t\t\t\t\t<section class=\"elementor-section elementor-top-section elementor-element elementor-element-2a54cc8 elementor-section-boxed elementor-section-height-default elementor-section-height-default\" data-id=\"2a54cc8\" data-element_type=\"section\" data-e-type=\"section\">\n\t\t\t\t\t\t<div class=\"elementor-container elementor-column-gap-default\">\n\t\t\t\t\t<div class=\"elementor-column elementor-col-100 elementor-top-column elementor-element elementor-element-552f89e\" data-id=\"552f89e\" data-element_type=\"column\" data-e-type=\"column\">\n\t\t\t<div class=\"elementor-widget-wrap elementor-element-populated\">\n\t\t\t\t\t\t<div class=\"elementor-element elementor-element-adfaae1 elementor-widget elementor-widget-text-editor\" data-id=\"adfaae1\" data-element_type=\"widget\" data-e-type=\"widget\" data-widget_type=\"text-editor.default\">\n\t\t\t\t<div class=\"elementor-widget-container\">\n\t\t\t\t\t\t\t\t\t<div class=\"ipWidget ipWidget-Heading ipSkin-default\">\n<h2 class=\"_title\">Vitajte v WheelDE<\/h2>\n<\/div>\n<div class=\"ipWidget ipWidget-Text ipSkin-default\">\n<div class=\"ipsContainer\">\n\n<strong>NOV\u00c1 SLU\u017dBA\u00a0 \u2013 zmluvn\u00e9 v\u00fdrobn\u00e9 slu\u017eby pod\u013ea va\u0161ich potrieb.<\/strong>\n<ul>\n  <li>Presn\u00e9 s\u00fa\u010diastky obr\u00e1ban\u00e9 CNC<\/li>\n  <li>Fr\u00e9zovanie<\/li>\n  <li>Ot\u00e1\u010danie<\/li>\n  <li>Dizajn &amp; Reverzn\u00e9 in\u017einierstvo<\/li>\n  <li>Spracovanie plechu<\/li>\n  <li>Zv\u00e1ran\u00e9 r\u00e1my<\/li>\n  <li>Pr\u00e1\u0161kov\u00e9 lakovanie<\/li>\n  <li>Elektrick\u00e9 vedenie<\/li>\n  <li>Mont\u00e1\u017e &amp; Testovanie<\/li>\n  <li>Mont\u00e1\u017e v \u010distej miestnosti<\/li>\n  <li>Kontrola &amp; Kontrola kvality<\/li>\n  <li>Obstar\u00e1vanie<\/li>\n<\/ul>\n<\/div>\n<\/div>\n<div class=\"ipWidget ipWidget-Text ipSkin-default\">\n<div class=\"ipsContainer\">\n\nSme medzin\u00e1rodne p\u00f4sobiaca obchodn\u00e1 spolo\u010dnos\u0165, celosvetovo prepojen\u00e1 a sme va\u0161\u00edm odborn\u00fdm partnerom, ak h\u013ead\u00e1te dobre udr\u017eiavan\u00e9, pou\u017eit\u00e9 stroje a v\u00fdrobn\u00e9 linky\/zariadenia.\n\nSpolupracujeme so \u0161kandin\u00e1vskymi, nemeck\u00fdmi, franc\u00fazskymi, po\u013esk\u00fdmi, rak\u00faskymi, britsk\u00fdmi, rak\u00faskymi a \u010fal\u0161\u00edmi spolo\u010dnos\u0165ami na spracovanie kovov. Na\u0161i partneri neust\u00e1le obnovuj\u00fa v\u00fdrobn\u00fa technol\u00f3giu a pred\u00e1vaj\u00fa dobre udr\u017eiavan\u00e9 stroje z druhej ruky.\n\nPou\u017eit\u00e9 stroje alebo v\u00fdrobn\u00e9 linky\/zariadenia je mo\u017en\u00e9 zak\u00fapi\u0165 priamo u u\u017e\u00edvate\u013ea alebo v na\u0161om sklade.\n\nN\u00e1\u0161 sortiment zah\u0155\u0148a:\n<ul>\n  <li>CNC obr\u00e1bacie centr\u00e1, horizont\u00e1lne<\/li>\n  <li>CNC obr\u00e1bacie centr\u00e1, vertik\u00e1lne<\/li>\n  <li>CNC vyvrt\u00e1va\u010dky<\/li>\n  <li>CNC vertik\u00e1lne s\u00fastruhy<\/li>\n  <li>CNC s\u00fastruhy<\/li>\n  <li>CNC s\u00fastru\u017en\u00edcke a fr\u00e9zovacie centr\u00e1 s viacer\u00fdmi osami<\/li>\n  <li>CNC pozd\u013a\u017ene s\u00fastru\u017en\u00edcke stroje<\/li>\n  <li>CNC laserov\u00e9 rezacie jednotky<\/li>\n  <li>Viacvretenov\u00e9 automatick\u00e9 s\u00fastruhy<\/li>\n  <li>Konven\u010dn\u00e9 s\u00fastru\u017en\u00edcke a fr\u00e9zovacie stroje<\/li>\n  <li>\u010ciarky narezan\u00e9 na d\u013a\u017eku<\/li>\n  <li>\u010eal\u0161ie pou\u017eit\u00e9 stroje na vy\u017eiadanie<\/li>\n  <li>Pr\u00edslu\u0161enstvo na rezanie<\/li>\n<\/ul>\n&#8212; V\u00fdrobn\u00e9 linky\/z\u00e1vody &#8212;\n\n<\/div>\n<\/div>\n<div class=\"ipWidget ipWidget-Divider ipSkin-default\"><\/div>\n<div class=\"ipWidget ipWidget-Heading ipSkin-default\">\n<h3 class=\"_title\">Na\u0161a slu\u017eba<\/h3>\n<\/div>\n<div class=\"ipWidget ipWidget-Text ipSkin-default\">\n<div class=\"ipsContainer\"><\/div>\n<\/div>\n<div class=\"ipWidget ipWidget-Text ipSkin-default\">\n<div class=\"ipsContainer\">\n\n&#8211; Hodnotenie a marketing strojov\/l\u00edni\u00ed\/zariaden\u00ed\n&#8211; Vizu\u00e1lna kontrola a spr\u00e1va\n&#8211; Finan\u010dn\u00e1 dokument\u00e1cia\n&#8211; Demont\u00e1\u017e a pr\u00edprava na prepravu\n&#8211; In\u0161tal\u00e1cia a spustenie\n\n<\/div>\n<\/div>\t\t\t\t\t\t\t\t<\/div>\n\t\t\t\t<\/div>\n\t\t\t\t\t<\/div>\n\t\t<\/div>\n\t\t\t\t\t<\/div>\n\t\t<\/section>\n\t\t\t\t<\/div>\n\t\t","protected":false},"excerpt":{"rendered":"<p>Vitajte v WheelDE NOV\u00c1 SLU\u017dBA\u00a0 \u2013 zmluvn\u00e9 v\u00fdrobn\u00e9 slu\u017eby pod\u013ea va\u0161ich potrieb. Presn\u00e9 s\u00fa\u010diastky obr\u00e1ban\u00e9 CNC Fr\u00e9zovanie Ot\u00e1\u010danie Dizajn &amp; Reverzn\u00e9 in\u017einierstvo Spracovanie plechu Zv\u00e1ran\u00e9 r\u00e1my Pr\u00e1\u0161kov\u00e9 lakovanie Elektrick\u00e9 vedenie Mont\u00e1\u017e &amp; Testovanie Mont\u00e1\u017e v \u010distej miestnosti Kontrola &amp; Kontrola kvality Obstar\u00e1vanie Sme medzin\u00e1rodne p\u00f4sobiaca obchodn\u00e1 spolo\u010dnos\u0165, celosvetovo prepojen\u00e1 a sme va\u0161\u00edm odborn\u00fdm partnerom, ak &hellip;<\/p>\n<p class=\"read-more\"> <a class=\"\" href=\"https:\/\/wheelde.com\/sk\/o-nas\/\"> <span class=\"screen-reader-text\">O n\u00e1s<\/span> \u010c\u00edtajte viac &raquo;<\/a><\/p>\n","protected":false},"author":2,"featured_media":0,"parent":0,"menu_order":0,"comment_status":"closed","ping_status":"closed","template":"","meta":{"_acf_changed":false,"site-sidebar-layout":"default","site-content-layout":"default","ast-global-header-display":"","ast-main-header-display":"","ast-hfb-above-header-display":"","ast-hfb-below-header-display":"","ast-hfb-mobile-header-display":"","site-post-title":"","ast-breadcrumbs-content":"","ast-featured-img":"","footer-sml-layout":"","theme-transparent-header-meta":"default","adv-header-id-meta":"","stick-header-meta":"default","header-above-stick-meta":"","header-main-stick-meta":"","header-below-stick-meta":"","footnotes":""},"class_list":["post-13979","page","type-page","status-publish","hentry"],"acf":[],"yoast_head":"<title>Pou\u017eit\u00e9 po\u013enohospod\u00e1rske stroje stroje k\u00fapi\u0165 pou\u017eit\u00e9 stroje<\/title>\n<meta name=\"description\" content=\"K\u00fapi\u0165 pou\u017eit\u00e9 stroje (300 000) ; Dopravn\u00e9 vozidl\u00e1 a \u00fa\u017eitkov\u00e9 vozidl\u00e1. 3 789 ; Stroje na obr\u00e1banie kovov a obr\u00e1bacie stroje. 3 110\" \/>\n<meta name=\"robots\" content=\"index, follow, max-snippet:-1, max-image-preview:large, max-video-preview:-1\" \/>\n<link rel=\"canonical\" href=\"https:\/\/wheelde.com\/sk\/o-nas\/\" \/>\n<meta property=\"og:locale\" content=\"sk_SK\" \/>\n<meta property=\"og:type\" content=\"article\" \/>\n<meta property=\"og:title\" content=\"Pou\u017eit\u00e9 po\u013enohospod\u00e1rske stroje stroje k\u00fapi\u0165 pou\u017eit\u00e9 stroje\" \/>\n<meta property=\"og:description\" content=\"K\u00fapi\u0165 pou\u017eit\u00e9 stroje (300 000) ; Dopravn\u00e9 vozidl\u00e1 a \u00fa\u017eitkov\u00e9 vozidl\u00e1. 3 789 ; Stroje na obr\u00e1banie kovov a obr\u00e1bacie stroje. 3 110\" \/>\n<meta property=\"og:url\" content=\"https:\/\/wheelde.com\/sk\/o-nas\/\" \/>\n<meta property=\"og:site_name\" content=\"wheelde.com\" \/>\n<meta property=\"article:modified_time\" content=\"2025-07-18T18:44:44+00:00\" \/>\n<script type=\"application\/ld+json\" class=\"yoast-schema-graph\">{\"@context\":\"https:\\\/\\\/schema.org\",\"@graph\":[{\"@type\":\"WebPage\",\"@id\":\"https:\\\/\\\/wheelde.com\\\/sk\\\/o-nas\\\/\",\"url\":\"https:\\\/\\\/wheelde.com\\\/sk\\\/o-nas\\\/\",\"name\":\"Pou\u017eit\u00e9 po\u013enohospod\u00e1rske stroje stroje k\u00fapi\u0165 pou\u017eit\u00e9 stroje\",\"isPartOf\":{\"@id\":\"https:\\\/\\\/wheelde.com\\\/sk\\\/#website\"},\"datePublished\":\"2023-01-11T21:17:27+00:00\",\"dateModified\":\"2025-07-18T18:44:44+00:00\",\"description\":\"K\u00fapi\u0165 pou\u017eit\u00e9 stroje (300 000) ; Dopravn\u00e9 vozidl\u00e1 a \u00fa\u017eitkov\u00e9 vozidl\u00e1. 3 789 ; Stroje na obr\u00e1banie kovov a obr\u00e1bacie stroje. 3 110\",\"breadcrumb\":{\"@id\":\"https:\\\/\\\/wheelde.com\\\/sk\\\/o-nas\\\/#breadcrumb\"},\"inLanguage\":\"sk-SK\",\"potentialAction\":[{\"@type\":\"ReadAction\",\"target\":[\"https:\\\/\\\/wheelde.com\\\/sk\\\/o-nas\\\/\"]}]},{\"@type\":\"BreadcrumbList\",\"@id\":\"https:\\\/\\\/wheelde.com\\\/sk\\\/o-nas\\\/#breadcrumb\",\"itemListElement\":[{\"@type\":\"ListItem\",\"position\":1,\"name\":\"Home\",\"item\":\"https:\\\/\\\/wheelde.com\\\/sk\\\/\"},{\"@type\":\"ListItem\",\"position\":2,\"name\":\"O n\u00e1s\"}]},{\"@type\":\"WebSite\",\"@id\":\"https:\\\/\\\/wheelde.com\\\/sk\\\/#website\",\"url\":\"https:\\\/\\\/wheelde.com\\\/sk\\\/\",\"name\":\"wheelde.com\",\"description\":\"Global B2B portal to find used production machines\",\"publisher\":{\"@id\":\"https:\\\/\\\/wheelde.com\\\/sk\\\/#organization\"},\"potentialAction\":[{\"@type\":\"SearchAction\",\"target\":{\"@type\":\"EntryPoint\",\"urlTemplate\":\"https:\\\/\\\/wheelde.com\\\/sk\\\/?s={search_term_string}\"},\"query-input\":{\"@type\":\"PropertyValueSpecification\",\"valueRequired\":true,\"valueName\":\"search_term_string\"}}],\"inLanguage\":\"sk-SK\"},{\"@type\":\"Organization\",\"@id\":\"https:\\\/\\\/wheelde.com\\\/sk\\\/#organization\",\"name\":\"wheelde.com\",\"url\":\"https:\\\/\\\/wheelde.com\\\/sk\\\/\",\"logo\":{\"@type\":\"ImageObject\",\"inLanguage\":\"sk-SK\",\"@id\":\"https:\\\/\\\/wheelde.com\\\/sk\\\/#\\\/schema\\\/logo\\\/image\\\/\",\"url\":\"https:\\\/\\\/wheelde.com\\\/wp-content\\\/uploads\\\/2024\\\/11\\\/logo1.webp\",\"contentUrl\":\"https:\\\/\\\/wheelde.com\\\/wp-content\\\/uploads\\\/2024\\\/11\\\/logo1.webp\",\"width\":408,\"height\":103,\"caption\":\"wheelde.com\"},\"image\":{\"@id\":\"https:\\\/\\\/wheelde.com\\\/sk\\\/#\\\/schema\\\/logo\\\/image\\\/\"}}]}<\/script>","yoast_head_json":{"title":"Pou\u017eit\u00e9 po\u013enohospod\u00e1rske stroje stroje k\u00fapi\u0165 pou\u017eit\u00e9 stroje","description":"K\u00fapi\u0165 pou\u017eit\u00e9 stroje (300 000) ; Dopravn\u00e9 vozidl\u00e1 a \u00fa\u017eitkov\u00e9 vozidl\u00e1. 3 789 ; Stroje na obr\u00e1banie kovov a obr\u00e1bacie stroje. 3 110","robots":{"index":"index","follow":"follow","max-snippet":"max-snippet:-1","max-image-preview":"max-image-preview:large","max-video-preview":"max-video-preview:-1"},"canonical":"https:\/\/wheelde.com\/sk\/o-nas\/","og_locale":"sk_SK","og_type":"article","og_title":"Pou\u017eit\u00e9 po\u013enohospod\u00e1rske stroje stroje k\u00fapi\u0165 pou\u017eit\u00e9 stroje","og_description":"K\u00fapi\u0165 pou\u017eit\u00e9 stroje (300 000) ; Dopravn\u00e9 vozidl\u00e1 a \u00fa\u017eitkov\u00e9 vozidl\u00e1. 3 789 ; Stroje na obr\u00e1banie kovov a obr\u00e1bacie stroje. 3 110","og_url":"https:\/\/wheelde.com\/sk\/o-nas\/","og_site_name":"wheelde.com","article_modified_time":"2025-07-18T18:44:44+00:00","schema":{"@context":"https:\/\/schema.org","@graph":[{"@type":"WebPage","@id":"https:\/\/wheelde.com\/sk\/o-nas\/","url":"https:\/\/wheelde.com\/sk\/o-nas\/","name":"Pou\u017eit\u00e9 po\u013enohospod\u00e1rske stroje stroje k\u00fapi\u0165 pou\u017eit\u00e9 stroje","isPartOf":{"@id":"https:\/\/wheelde.com\/sk\/#website"},"datePublished":"2023-01-11T21:17:27+00:00","dateModified":"2025-07-18T18:44:44+00:00","description":"K\u00fapi\u0165 pou\u017eit\u00e9 stroje (300 000) ; Dopravn\u00e9 vozidl\u00e1 a \u00fa\u017eitkov\u00e9 vozidl\u00e1. 3 789 ; Stroje na obr\u00e1banie kovov a obr\u00e1bacie stroje. 3 110","breadcrumb":{"@id":"https:\/\/wheelde.com\/sk\/o-nas\/#breadcrumb"},"inLanguage":"sk-SK","potentialAction":[{"@type":"ReadAction","target":["https:\/\/wheelde.com\/sk\/o-nas\/"]}]},{"@type":"BreadcrumbList","@id":"https:\/\/wheelde.com\/sk\/o-nas\/#breadcrumb","itemListElement":[{"@type":"ListItem","position":1,"name":"Home","item":"https:\/\/wheelde.com\/sk\/"},{"@type":"ListItem","position":2,"name":"O n\u00e1s"}]},{"@type":"WebSite","@id":"https:\/\/wheelde.com\/sk\/#website","url":"https:\/\/wheelde.com\/sk\/","name":"wheelde.com","description":"Global B2B portal to find used production machines","publisher":{"@id":"https:\/\/wheelde.com\/sk\/#organization"},"potentialAction":[{"@type":"SearchAction","target":{"@type":"EntryPoint","urlTemplate":"https:\/\/wheelde.com\/sk\/?s={search_term_string}"},"query-input":{"@type":"PropertyValueSpecification","valueRequired":true,"valueName":"search_term_string"}}],"inLanguage":"sk-SK"},{"@type":"Organization","@id":"https:\/\/wheelde.com\/sk\/#organization","name":"wheelde.com","url":"https:\/\/wheelde.com\/sk\/","logo":{"@type":"ImageObject","inLanguage":"sk-SK","@id":"https:\/\/wheelde.com\/sk\/#\/schema\/logo\/image\/","url":"https:\/\/wheelde.com\/wp-content\/uploads\/2024\/11\/logo1.webp","contentUrl":"https:\/\/wheelde.com\/wp-content\/uploads\/2024\/11\/logo1.webp","width":408,"height":103,"caption":"wheelde.com"},"image":{"@id":"https:\/\/wheelde.com\/sk\/#\/schema\/logo\/image\/"}}]}},"_links":{"self":[{"href":"https:\/\/wheelde.com\/sk\/wp-json\/wp\/v2\/pages\/13979","targetHints":{"allow":["GET"]}}],"collection":[{"href":"https:\/\/wheelde.com\/sk\/wp-json\/wp\/v2\/pages"}],"about":[{"href":"https:\/\/wheelde.com\/sk\/wp-json\/wp\/v2\/types\/page"}],"author":[{"embeddable":true,"href":"https:\/\/wheelde.com\/sk\/wp-json\/wp\/v2\/users\/2"}],"replies":[{"embeddable":true,"href":"https:\/\/wheelde.com\/sk\/wp-json\/wp\/v2\/comments?post=13979"}],"version-history":[{"count":0,"href":"https:\/\/wheelde.com\/sk\/wp-json\/wp\/v2\/pages\/13979\/revisions"}],"wp:attachment":[{"href":"https:\/\/wheelde.com\/sk\/wp-json\/wp\/v2\/media?parent=13979"}],"curies":[{"name":"wp","href":"https:\/\/api.w.org\/{rel}","templated":true}]}}