{"id":14672,"date":"2023-01-11T23:17:49","date_gmt":"2023-01-11T21:17:49","guid":{"rendered":"https:\/\/wheelde.com\/services\/"},"modified":"2025-07-18T19:25:27","modified_gmt":"2025-07-18T17:25:27","slug":"tjanster","status":"publish","type":"page","link":"https:\/\/wheelde.com\/se\/tjanster\/","title":{"rendered":"Tj\u00e4nster"},"content":{"rendered":"\t\t<div data-elementor-type=\"wp-page\" data-elementor-id=\"14672\" class=\"elementor elementor-14672 elementor-3822\">\n\t\t\t\t\t\t<section class=\"elementor-section elementor-top-section elementor-element elementor-element-bbe1457 elementor-section-boxed elementor-section-height-default elementor-section-height-default\" data-id=\"bbe1457\" data-element_type=\"section\" data-e-type=\"section\">\n\t\t\t\t\t\t<div class=\"elementor-container elementor-column-gap-default\">\n\t\t\t\t\t<div class=\"elementor-column elementor-col-100 elementor-top-column elementor-element elementor-element-55dbbc1\" data-id=\"55dbbc1\" data-element_type=\"column\" data-e-type=\"column\">\n\t\t\t<div class=\"elementor-widget-wrap elementor-element-populated\">\n\t\t\t\t\t\t<div class=\"elementor-element elementor-element-568d0ed elementor-widget elementor-widget-text-editor\" data-id=\"568d0ed\" data-element_type=\"widget\" data-e-type=\"widget\" data-widget_type=\"text-editor.default\">\n\t\t\t\t<div class=\"elementor-widget-container\">\n\t\t\t\t\t\t\t\t\t<div class=\"ipWidget ipWidget-Heading ipSkin-default\">\n<h3 class=\"_title\">V\u00e5r tj\u00e4nst<\/h3>\n<\/div>\n<div class=\"ipWidget ipWidget-Text ipSkin-default\">\n<div class=\"ipsContainer\"><\/div>\n<\/div>\n<div class=\"ipWidget ipWidget-Text ipSkin-default\">\n<div class=\"ipsContainer\">\n\n&#8211; Maskin\/Linje\/Anl\u00e4ggningsbed\u00f6mning och marknadsf\u00f6ring<\/br>\n&#8211; Visuell inspektion och rapport<\/br>\n&#8211; Ekonomisk dokumentation<\/br>\n&#8211; Demontering och transportf\u00f6rberedelse<\/br>\n&#8211; Installation och uppstart\n\n<\/div>\n<\/div>\t\t\t\t\t\t\t\t<\/div>\n\t\t\t\t<\/div>\n\t\t\t\t\t<\/div>\n\t\t<\/div>\n\t\t\t\t\t<\/div>\n\t\t<\/section>\n\t\t\t\t<\/div>\n\t\t","protected":false},"excerpt":{"rendered":"<p>V\u00e5r tj\u00e4nst &#8211; Maskin\/Linje\/Anl\u00e4ggningsbed\u00f6mning och marknadsf\u00f6ring &#8211; Visuell inspektion och rapport &#8211; Ekonomisk dokumentation &#8211; Demontering och transportf\u00f6rberedelse &#8211; Installation och uppstart<\/p>\n","protected":false},"author":1,"featured_media":0,"parent":0,"menu_order":0,"comment_status":"closed","ping_status":"closed","template":"","meta":{"_acf_changed":false,"site-sidebar-layout":"no-sidebar","site-content-layout":"page-builder","ast-global-header-display":"","ast-main-header-display":"","ast-hfb-above-header-display":"","ast-hfb-below-header-display":"","ast-hfb-mobile-header-display":"","site-post-title":"disabled","ast-breadcrumbs-content":"","ast-featured-img":"disabled","footer-sml-layout":"","theme-transparent-header-meta":"default","adv-header-id-meta":"","stick-header-meta":"default","header-above-stick-meta":"","header-main-stick-meta":"","header-below-stick-meta":"","footnotes":""},"class_list":["post-14672","page","type-page","status-publish","hentry"],"acf":[],"yoast_head":"<title>CNC Machining Services<\/title>\n<meta name=\"description\" content=\"CNC Machining Is Widely Used throughout the Aerospace, Medical, And Automotive Industries. Your trusted CNC partner. Decades of experience.\" \/>\n<meta name=\"robots\" content=\"index, follow, max-snippet:-1, max-image-preview:large, max-video-preview:-1\" \/>\n<link rel=\"canonical\" href=\"https:\/\/wheelde.com\/se\/tjanster\/\" \/>\n<meta property=\"og:locale\" content=\"en_US\" \/>\n<meta property=\"og:type\" content=\"article\" \/>\n<meta property=\"og:title\" content=\"CNC Machining Services\" \/>\n<meta property=\"og:description\" content=\"CNC Machining Is Widely Used throughout the Aerospace, Medical, And Automotive Industries. Your trusted CNC partner. Decades of experience.\" \/>\n<meta property=\"og:url\" content=\"https:\/\/wheelde.com\/se\/tjanster\/\" \/>\n<meta property=\"og:site_name\" content=\"wheelde.com\" \/>\n<meta property=\"article:modified_time\" content=\"2025-07-18T17:25:27+00:00\" \/>\n<script type=\"application\/ld+json\" class=\"yoast-schema-graph\">{\"@context\":\"https:\\\/\\\/schema.org\",\"@graph\":[{\"@type\":\"WebPage\",\"@id\":\"https:\\\/\\\/wheelde.com\\\/se\\\/tjanster\\\/\",\"url\":\"https:\\\/\\\/wheelde.com\\\/se\\\/tjanster\\\/\",\"name\":\"CNC Machining Services\",\"isPartOf\":{\"@id\":\"https:\\\/\\\/wheelde.com\\\/se\\\/#website\"},\"datePublished\":\"2023-01-11T21:17:49+00:00\",\"dateModified\":\"2025-07-18T17:25:27+00:00\",\"description\":\"CNC Machining Is Widely Used throughout the Aerospace, Medical, And Automotive Industries. Your trusted CNC partner. Decades of experience.\",\"breadcrumb\":{\"@id\":\"https:\\\/\\\/wheelde.com\\\/se\\\/tjanster\\\/#breadcrumb\"},\"inLanguage\":\"se-se\",\"potentialAction\":[{\"@type\":\"ReadAction\",\"target\":[\"https:\\\/\\\/wheelde.com\\\/se\\\/tjanster\\\/\"]}]},{\"@type\":\"BreadcrumbList\",\"@id\":\"https:\\\/\\\/wheelde.com\\\/se\\\/tjanster\\\/#breadcrumb\",\"itemListElement\":[{\"@type\":\"ListItem\",\"position\":1,\"name\":\"Home\",\"item\":\"https:\\\/\\\/wheelde.com\\\/se\\\/\"},{\"@type\":\"ListItem\",\"position\":2,\"name\":\"Tj\u00e4nster\"}]},{\"@type\":\"WebSite\",\"@id\":\"https:\\\/\\\/wheelde.com\\\/se\\\/#website\",\"url\":\"https:\\\/\\\/wheelde.com\\\/se\\\/\",\"name\":\"wheelde.com\",\"description\":\"Global B2B portal to find used production machines\",\"publisher\":{\"@id\":\"https:\\\/\\\/wheelde.com\\\/se\\\/#organization\"},\"potentialAction\":[{\"@type\":\"SearchAction\",\"target\":{\"@type\":\"EntryPoint\",\"urlTemplate\":\"https:\\\/\\\/wheelde.com\\\/se\\\/?s={search_term_string}\"},\"query-input\":{\"@type\":\"PropertyValueSpecification\",\"valueRequired\":true,\"valueName\":\"search_term_string\"}}],\"inLanguage\":\"se-se\"},{\"@type\":\"Organization\",\"@id\":\"https:\\\/\\\/wheelde.com\\\/se\\\/#organization\",\"name\":\"wheelde.com\",\"url\":\"https:\\\/\\\/wheelde.com\\\/se\\\/\",\"logo\":{\"@type\":\"ImageObject\",\"inLanguage\":\"se-se\",\"@id\":\"https:\\\/\\\/wheelde.com\\\/se\\\/#\\\/schema\\\/logo\\\/image\\\/\",\"url\":\"https:\\\/\\\/wheelde.com\\\/wp-content\\\/uploads\\\/2024\\\/11\\\/logo1.webp\",\"contentUrl\":\"https:\\\/\\\/wheelde.com\\\/wp-content\\\/uploads\\\/2024\\\/11\\\/logo1.webp\",\"width\":408,\"height\":103,\"caption\":\"wheelde.com\"},\"image\":{\"@id\":\"https:\\\/\\\/wheelde.com\\\/se\\\/#\\\/schema\\\/logo\\\/image\\\/\"}}]}<\/script>","yoast_head_json":{"title":"CNC Machining Services","description":"CNC Machining Is Widely Used throughout the Aerospace, Medical, And Automotive Industries. Your trusted CNC partner. Decades of experience.","robots":{"index":"index","follow":"follow","max-snippet":"max-snippet:-1","max-image-preview":"max-image-preview:large","max-video-preview":"max-video-preview:-1"},"canonical":"https:\/\/wheelde.com\/se\/tjanster\/","og_locale":"en_US","og_type":"article","og_title":"CNC Machining Services","og_description":"CNC Machining Is Widely Used throughout the Aerospace, Medical, And Automotive Industries. Your trusted CNC partner. Decades of experience.","og_url":"https:\/\/wheelde.com\/se\/tjanster\/","og_site_name":"wheelde.com","article_modified_time":"2025-07-18T17:25:27+00:00","schema":{"@context":"https:\/\/schema.org","@graph":[{"@type":"WebPage","@id":"https:\/\/wheelde.com\/se\/tjanster\/","url":"https:\/\/wheelde.com\/se\/tjanster\/","name":"CNC Machining Services","isPartOf":{"@id":"https:\/\/wheelde.com\/se\/#website"},"datePublished":"2023-01-11T21:17:49+00:00","dateModified":"2025-07-18T17:25:27+00:00","description":"CNC Machining Is Widely Used throughout the Aerospace, Medical, And Automotive Industries. Your trusted CNC partner. Decades of experience.","breadcrumb":{"@id":"https:\/\/wheelde.com\/se\/tjanster\/#breadcrumb"},"inLanguage":"se-se","potentialAction":[{"@type":"ReadAction","target":["https:\/\/wheelde.com\/se\/tjanster\/"]}]},{"@type":"BreadcrumbList","@id":"https:\/\/wheelde.com\/se\/tjanster\/#breadcrumb","itemListElement":[{"@type":"ListItem","position":1,"name":"Home","item":"https:\/\/wheelde.com\/se\/"},{"@type":"ListItem","position":2,"name":"Tj\u00e4nster"}]},{"@type":"WebSite","@id":"https:\/\/wheelde.com\/se\/#website","url":"https:\/\/wheelde.com\/se\/","name":"wheelde.com","description":"Global B2B portal to find used production machines","publisher":{"@id":"https:\/\/wheelde.com\/se\/#organization"},"potentialAction":[{"@type":"SearchAction","target":{"@type":"EntryPoint","urlTemplate":"https:\/\/wheelde.com\/se\/?s={search_term_string}"},"query-input":{"@type":"PropertyValueSpecification","valueRequired":true,"valueName":"search_term_string"}}],"inLanguage":"se-se"},{"@type":"Organization","@id":"https:\/\/wheelde.com\/se\/#organization","name":"wheelde.com","url":"https:\/\/wheelde.com\/se\/","logo":{"@type":"ImageObject","inLanguage":"se-se","@id":"https:\/\/wheelde.com\/se\/#\/schema\/logo\/image\/","url":"https:\/\/wheelde.com\/wp-content\/uploads\/2024\/11\/logo1.webp","contentUrl":"https:\/\/wheelde.com\/wp-content\/uploads\/2024\/11\/logo1.webp","width":408,"height":103,"caption":"wheelde.com"},"image":{"@id":"https:\/\/wheelde.com\/se\/#\/schema\/logo\/image\/"}}]}},"_links":{"self":[{"href":"https:\/\/wheelde.com\/se\/wp-json\/wp\/v2\/pages\/14672","targetHints":{"allow":["GET"]}}],"collection":[{"href":"https:\/\/wheelde.com\/se\/wp-json\/wp\/v2\/pages"}],"about":[{"href":"https:\/\/wheelde.com\/se\/wp-json\/wp\/v2\/types\/page"}],"author":[{"embeddable":true,"href":"https:\/\/wheelde.com\/se\/wp-json\/wp\/v2\/users\/1"}],"replies":[{"embeddable":true,"href":"https:\/\/wheelde.com\/se\/wp-json\/wp\/v2\/comments?post=14672"}],"version-history":[{"count":0,"href":"https:\/\/wheelde.com\/se\/wp-json\/wp\/v2\/pages\/14672\/revisions"}],"wp:attachment":[{"href":"https:\/\/wheelde.com\/se\/wp-json\/wp\/v2\/media?parent=14672"}],"curies":[{"name":"wp","href":"https:\/\/api.w.org\/{rel}","templated":true}]}}