{"id":13982,"date":"2023-01-11T23:17:27","date_gmt":"2023-01-11T21:17:27","guid":{"rendered":"https:\/\/wheelde.com\/?page_id=13982"},"modified":"2025-06-27T06:53:51","modified_gmt":"2025-06-27T04:53:51","slug":"pa-amende","status":"publish","type":"page","link":"https:\/\/wheelde.com\/ro\/pa-amende\/","title":{"rendered":"Pa amende"},"content":{"rendered":"\t\t<div data-elementor-type=\"wp-page\" data-elementor-id=\"13982\" class=\"elementor elementor-13982 elementor-3820\">\n\t\t\t\t\t\t<section class=\"elementor-section elementor-top-section elementor-element elementor-element-2a54cc8 elementor-section-boxed elementor-section-height-default elementor-section-height-default\" data-id=\"2a54cc8\" data-element_type=\"section\" data-e-type=\"section\">\n\t\t\t\t\t\t<div class=\"elementor-container elementor-column-gap-default\">\n\t\t\t\t\t<div class=\"elementor-column elementor-col-100 elementor-top-column elementor-element elementor-element-552f89e\" data-id=\"552f89e\" data-element_type=\"column\" data-e-type=\"column\">\n\t\t\t<div class=\"elementor-widget-wrap elementor-element-populated\">\n\t\t\t\t\t\t<div class=\"elementor-element elementor-element-adfaae1 elementor-widget elementor-widget-text-editor\" data-id=\"adfaae1\" data-element_type=\"widget\" data-e-type=\"widget\" data-widget_type=\"text-editor.default\">\n\t\t\t\t<div class=\"elementor-widget-container\">\n\t\t\t\t\t\t\t\t\t<div class=\"ipWidget ipWidget-Heading ipSkin-default\">\n<h2 class=\"_title\">Bahtalo avilan ko WheelDE<\/h2>\n<\/div>\n<div class=\"ipWidget ipWidget-Text ipSkin-default\">\n<div class=\"ipsContainer\">\n\n<strong>NEVO SERVISO\u00a0 &#8211; Kontrakto va\u015b e Servisura va\u015b o Fabrik\u00e0cia te \u015baj te aven la\u0107he va\u015b tumare trubujimata.<\/strong>\n<ul>\n  <li>CNC Machine Precision Parts<\/li>\n  <li>Freza<\/li>\n  <li>Turning<\/li>\n  <li>Dizajno &amp; Reverso In\u017aeneria<\/li>\n  <li>Fabrik\u00e0cia e metalosqi<\/li>\n  <li>Svarde Frames<\/li>\n  <li>Powder Coating<\/li>\n  <li>Elektrikane kable<\/li>\n  <li>Asamblea &amp; Testing<\/li>\n  <li>Asamblea e \u0106u\u0107he Sobake<\/li>\n  <li>Inspekcia &amp; Kontrolo e kvalitetosqo<\/li>\n  <li>Procurement<\/li>\n<\/ul>\n<\/div>\n<\/div>\n<div class=\"ipWidget ipWidget-Text ipSkin-default\">\n<div class=\"ipsContainer\">\n\nAmen sam jekh ma\u0161karthemutni buti savi kerel buti e tradimaske kompanijasa, globalno netvorkosa thaj sam tumaro specialistikano partneri te roden la\u010dhe garavde, dujto vasteske ma\u0161ine thaj produkciake linie\/fabrike.\n\nAmen keras buti e Skandinavikane, Njamcikane, Francijake, Polskake, Austriake, UK, Austriake et cetera metaloske procesurake firmenca. Amare partneria sajekh nevljaren e produkciaki teknologia thaj bikinen mishto garavde, dujto vasteske ma\u0161ine.\n\nLe dujto vasteske ma\u0161ine vaj podukciake linie\/fabrike \u0161aj te kinen pes direktno katar o u\u017aitori vaj katar amaro magazino.\n\nAmaro spektro e produktengo si:\n<ul>\n  <li>CNC ma\u0161in\u00e0ciaqe centrur\u0103, horizont\u00e0lo<\/li>\n  <li>CNC ma\u015bin\u00e0ciaqe centrur\u0103, vertik\u00e0lo<\/li>\n  <li>CNC borimaske ma\u0161ine<\/li>\n  <li>CNC vertikalne torne<\/li>\n  <li>CNC torne<\/li>\n  <li>CNC turniripe thaj frezipeske centrura bute aksenca<\/li>\n  <li>Ma\u015bine va\u015b o \u0107hivipen CNC<\/li>\n  <li>CNC laser cutting units<\/li>\n  <li>Bute-\u0161pindele automatikane torne<\/li>\n  <li>Konvencionalno ma\u0161ine te \u0107hivel pes thaj te \u0107hivel pes<\/li>\n  <li>Le linie \u0107hind\u01cerde an\u03b8-i lungipen<\/li>\n  <li>Aver dujto vasteske ma\u0161ine pe mangipe<\/li>\n  <li>Aksesori va\u015b e operacie e \u0107hivipnaske<\/li>\n<\/ul>\n&#8212; Produkciake linie\/fabrike&#8211;\n\n<\/div>\n<\/div>\n<div class=\"ipWidget ipWidget-Divider ipSkin-default\"><\/div>\n<div class=\"ipWidget ipWidget-Heading ipSkin-default\">\n<h3 class=\"_title\">Amaro serviso<\/h3>\n<\/div>\n<div class=\"ipWidget ipWidget-Text ipSkin-default\">\n<div class=\"ipsContainer\"><\/div>\n<\/div>\n<div class=\"ipWidget ipWidget-Text ipSkin-default\">\n<div class=\"ipsContainer\">\n\n&#8211; Ma\u015bina\/Linia\/F\u00e0brikaqo dikhipen thaj marketingo\n&#8211; Vizualno inspekcia thaj raporto\n&#8211; Finansi\u00e0lo dokument\u00e0cia\n&#8211; O \u0107hivipen thaj o transporto gatisaripe\n&#8211; Instalacia thaj starto\n\n<\/div>\n<\/div>\t\t\t\t\t\t\t\t<\/div>\n\t\t\t\t<\/div>\n\t\t\t\t\t<\/div>\n\t\t<\/div>\n\t\t\t\t\t<\/div>\n\t\t<\/section>\n\t\t\t\t<\/div>\n\t\t","protected":false},"excerpt":{"rendered":"<p>Bahtalo avilan ko WheelDE NEVO SERVISO\u00a0 &#8211; Kontrakto va\u015b e Servisura va\u015b o Fabrik\u00e0cia te \u015baj te aven la\u0107he va\u015b tumare trubujimata. CNC Machine Precision Parts Freza Turning Dizajno &amp; Reverso In\u017aeneria Fabrik\u00e0cia e metalosqi Svarde Frames Powder Coating Elektrikane kable Asamblea &amp; Testing Asamblea e \u0106u\u0107he Sobake Inspekcia &amp; Kontrolo e kvalitetosqo Procurement Amen &hellip;<\/p>\n<p class=\"read-more\"> <a class=\"\" href=\"https:\/\/wheelde.com\/ro\/pa-amende\/\"> <span class=\"screen-reader-text\">Pa amende<\/span> Read More &raquo;<\/a><\/p>\n","protected":false},"author":2,"featured_media":0,"parent":0,"menu_order":0,"comment_status":"closed","ping_status":"closed","template":"","meta":{"_acf_changed":false,"site-sidebar-layout":"default","site-content-layout":"default","ast-global-header-display":"","ast-main-header-display":"","ast-hfb-above-header-display":"","ast-hfb-below-header-display":"","ast-hfb-mobile-header-display":"","site-post-title":"","ast-breadcrumbs-content":"","ast-featured-img":"","footer-sml-layout":"","theme-transparent-header-meta":"default","adv-header-id-meta":"","stick-header-meta":"default","header-above-stick-meta":"","header-main-stick-meta":"","header-below-stick-meta":"","footnotes":""},"class_list":["post-13982","page","type-page","status-publish","hentry"],"acf":[],"yoast_head":"<title>Utilaje second hand de v\u00e2nzare, cump\u0103rare \u0219i vinde CNC<\/title>\n<meta name=\"description\" content=\"Modul simplu \u0219i sigur de a cump\u0103ra \u0219i de a vinde utilaje uzate. Vinde cu noi. Licita\u021bi inteligent, cump\u0103ra\u021bi inteligentMa\u0219ini\" \/>\n<meta name=\"robots\" content=\"index, follow, max-snippet:-1, max-image-preview:large, max-video-preview:-1\" \/>\n<link rel=\"canonical\" href=\"https:\/\/wheelde.com\/ro\/pa-amende\/\" \/>\n<meta property=\"og:locale\" content=\"ro_RO\" \/>\n<meta property=\"og:type\" content=\"article\" \/>\n<meta property=\"og:title\" content=\"Utilaje second hand de v\u00e2nzare, cump\u0103rare \u0219i vinde CNC\" \/>\n<meta property=\"og:description\" content=\"Modul simplu \u0219i sigur de a cump\u0103ra \u0219i de a vinde utilaje uzate. Vinde cu noi. Licita\u021bi inteligent, cump\u0103ra\u021bi inteligentMa\u0219ini\" \/>\n<meta property=\"og:url\" content=\"https:\/\/wheelde.com\/ro\/pa-amende\/\" \/>\n<meta property=\"og:site_name\" content=\"wheelde.com\" \/>\n<meta property=\"article:modified_time\" content=\"2025-06-27T04:53:51+00:00\" \/>\n<script type=\"application\/ld+json\" class=\"yoast-schema-graph\">{\"@context\":\"https:\\\/\\\/schema.org\",\"@graph\":[{\"@type\":\"WebPage\",\"@id\":\"https:\\\/\\\/wheelde.com\\\/ro\\\/pa-amende\\\/\",\"url\":\"https:\\\/\\\/wheelde.com\\\/ro\\\/pa-amende\\\/\",\"name\":\"Utilaje second hand de v\u00e2nzare, cump\u0103rare \u0219i vinde CNC\",\"isPartOf\":{\"@id\":\"https:\\\/\\\/wheelde.com\\\/ro\\\/#website\"},\"datePublished\":\"2023-01-11T21:17:27+00:00\",\"dateModified\":\"2025-06-27T04:53:51+00:00\",\"description\":\"Modul simplu \u0219i sigur de a cump\u0103ra \u0219i de a vinde utilaje uzate. Vinde cu noi. Licita\u021bi inteligent, cump\u0103ra\u021bi inteligentMa\u0219ini\",\"breadcrumb\":{\"@id\":\"https:\\\/\\\/wheelde.com\\\/ro\\\/pa-amende\\\/#breadcrumb\"},\"inLanguage\":\"ro-RO\",\"potentialAction\":[{\"@type\":\"ReadAction\",\"target\":[\"https:\\\/\\\/wheelde.com\\\/ro\\\/pa-amende\\\/\"]}]},{\"@type\":\"BreadcrumbList\",\"@id\":\"https:\\\/\\\/wheelde.com\\\/ro\\\/pa-amende\\\/#breadcrumb\",\"itemListElement\":[{\"@type\":\"ListItem\",\"position\":1,\"name\":\"Home\",\"item\":\"https:\\\/\\\/wheelde.com\\\/ro\\\/\"},{\"@type\":\"ListItem\",\"position\":2,\"name\":\"Pa amende\"}]},{\"@type\":\"WebSite\",\"@id\":\"https:\\\/\\\/wheelde.com\\\/ro\\\/#website\",\"url\":\"https:\\\/\\\/wheelde.com\\\/ro\\\/\",\"name\":\"wheelde.com\",\"description\":\"Global B2B portal to find used production machines\",\"publisher\":{\"@id\":\"https:\\\/\\\/wheelde.com\\\/ro\\\/#organization\"},\"potentialAction\":[{\"@type\":\"SearchAction\",\"target\":{\"@type\":\"EntryPoint\",\"urlTemplate\":\"https:\\\/\\\/wheelde.com\\\/ro\\\/?s={search_term_string}\"},\"query-input\":{\"@type\":\"PropertyValueSpecification\",\"valueRequired\":true,\"valueName\":\"search_term_string\"}}],\"inLanguage\":\"ro-RO\"},{\"@type\":\"Organization\",\"@id\":\"https:\\\/\\\/wheelde.com\\\/ro\\\/#organization\",\"name\":\"wheelde.com\",\"url\":\"https:\\\/\\\/wheelde.com\\\/ro\\\/\",\"logo\":{\"@type\":\"ImageObject\",\"inLanguage\":\"ro-RO\",\"@id\":\"https:\\\/\\\/wheelde.com\\\/ro\\\/#\\\/schema\\\/logo\\\/image\\\/\",\"url\":\"https:\\\/\\\/wheelde.com\\\/wp-content\\\/uploads\\\/2024\\\/11\\\/logo1.webp\",\"contentUrl\":\"https:\\\/\\\/wheelde.com\\\/wp-content\\\/uploads\\\/2024\\\/11\\\/logo1.webp\",\"width\":408,\"height\":103,\"caption\":\"wheelde.com\"},\"image\":{\"@id\":\"https:\\\/\\\/wheelde.com\\\/ro\\\/#\\\/schema\\\/logo\\\/image\\\/\"}}]}<\/script>","yoast_head_json":{"title":"Utilaje second hand de v\u00e2nzare, cump\u0103rare \u0219i vinde CNC","description":"Modul simplu \u0219i sigur de a cump\u0103ra \u0219i de a vinde utilaje uzate. Vinde cu noi. Licita\u021bi inteligent, cump\u0103ra\u021bi inteligentMa\u0219ini","robots":{"index":"index","follow":"follow","max-snippet":"max-snippet:-1","max-image-preview":"max-image-preview:large","max-video-preview":"max-video-preview:-1"},"canonical":"https:\/\/wheelde.com\/ro\/pa-amende\/","og_locale":"ro_RO","og_type":"article","og_title":"Utilaje second hand de v\u00e2nzare, cump\u0103rare \u0219i vinde CNC","og_description":"Modul simplu \u0219i sigur de a cump\u0103ra \u0219i de a vinde utilaje uzate. Vinde cu noi. Licita\u021bi inteligent, cump\u0103ra\u021bi inteligentMa\u0219ini","og_url":"https:\/\/wheelde.com\/ro\/pa-amende\/","og_site_name":"wheelde.com","article_modified_time":"2025-06-27T04:53:51+00:00","schema":{"@context":"https:\/\/schema.org","@graph":[{"@type":"WebPage","@id":"https:\/\/wheelde.com\/ro\/pa-amende\/","url":"https:\/\/wheelde.com\/ro\/pa-amende\/","name":"Utilaje second hand de v\u00e2nzare, cump\u0103rare \u0219i vinde CNC","isPartOf":{"@id":"https:\/\/wheelde.com\/ro\/#website"},"datePublished":"2023-01-11T21:17:27+00:00","dateModified":"2025-06-27T04:53:51+00:00","description":"Modul simplu \u0219i sigur de a cump\u0103ra \u0219i de a vinde utilaje uzate. Vinde cu noi. Licita\u021bi inteligent, cump\u0103ra\u021bi inteligentMa\u0219ini","breadcrumb":{"@id":"https:\/\/wheelde.com\/ro\/pa-amende\/#breadcrumb"},"inLanguage":"ro-RO","potentialAction":[{"@type":"ReadAction","target":["https:\/\/wheelde.com\/ro\/pa-amende\/"]}]},{"@type":"BreadcrumbList","@id":"https:\/\/wheelde.com\/ro\/pa-amende\/#breadcrumb","itemListElement":[{"@type":"ListItem","position":1,"name":"Home","item":"https:\/\/wheelde.com\/ro\/"},{"@type":"ListItem","position":2,"name":"Pa amende"}]},{"@type":"WebSite","@id":"https:\/\/wheelde.com\/ro\/#website","url":"https:\/\/wheelde.com\/ro\/","name":"wheelde.com","description":"Global B2B portal to find used production machines","publisher":{"@id":"https:\/\/wheelde.com\/ro\/#organization"},"potentialAction":[{"@type":"SearchAction","target":{"@type":"EntryPoint","urlTemplate":"https:\/\/wheelde.com\/ro\/?s={search_term_string}"},"query-input":{"@type":"PropertyValueSpecification","valueRequired":true,"valueName":"search_term_string"}}],"inLanguage":"ro-RO"},{"@type":"Organization","@id":"https:\/\/wheelde.com\/ro\/#organization","name":"wheelde.com","url":"https:\/\/wheelde.com\/ro\/","logo":{"@type":"ImageObject","inLanguage":"ro-RO","@id":"https:\/\/wheelde.com\/ro\/#\/schema\/logo\/image\/","url":"https:\/\/wheelde.com\/wp-content\/uploads\/2024\/11\/logo1.webp","contentUrl":"https:\/\/wheelde.com\/wp-content\/uploads\/2024\/11\/logo1.webp","width":408,"height":103,"caption":"wheelde.com"},"image":{"@id":"https:\/\/wheelde.com\/ro\/#\/schema\/logo\/image\/"}}]}},"_links":{"self":[{"href":"https:\/\/wheelde.com\/ro\/wp-json\/wp\/v2\/pages\/13982","targetHints":{"allow":["GET"]}}],"collection":[{"href":"https:\/\/wheelde.com\/ro\/wp-json\/wp\/v2\/pages"}],"about":[{"href":"https:\/\/wheelde.com\/ro\/wp-json\/wp\/v2\/types\/page"}],"author":[{"embeddable":true,"href":"https:\/\/wheelde.com\/ro\/wp-json\/wp\/v2\/users\/2"}],"replies":[{"embeddable":true,"href":"https:\/\/wheelde.com\/ro\/wp-json\/wp\/v2\/comments?post=13982"}],"version-history":[{"count":0,"href":"https:\/\/wheelde.com\/ro\/wp-json\/wp\/v2\/pages\/13982\/revisions"}],"wp:attachment":[{"href":"https:\/\/wheelde.com\/ro\/wp-json\/wp\/v2\/media?parent=13982"}],"curies":[{"name":"wp","href":"https:\/\/api.w.org\/{rel}","templated":true}]}}