{"id":14151,"date":"2023-01-11T23:17:49","date_gmt":"2023-01-11T21:17:49","guid":{"rendered":"https:\/\/wheelde.com\/?page_id=14151"},"modified":"2025-07-18T19:21:27","modified_gmt":"2025-07-18T17:21:27","slug":"servicos","status":"publish","type":"page","link":"https:\/\/wheelde.com\/pt-pt\/servicos\/","title":{"rendered":"Servi\u00e7os"},"content":{"rendered":"\t\t<div data-elementor-type=\"wp-page\" data-elementor-id=\"14151\" class=\"elementor elementor-14151 elementor-3822\">\n\t\t\t\t\t\t<section class=\"elementor-section elementor-top-section elementor-element elementor-element-bbe1457 elementor-section-boxed elementor-section-height-default elementor-section-height-default\" data-id=\"bbe1457\" data-element_type=\"section\" data-e-type=\"section\">\n\t\t\t\t\t\t<div class=\"elementor-container elementor-column-gap-default\">\n\t\t\t\t\t<div class=\"elementor-column elementor-col-100 elementor-top-column elementor-element elementor-element-55dbbc1\" data-id=\"55dbbc1\" data-element_type=\"column\" data-e-type=\"column\">\n\t\t\t<div class=\"elementor-widget-wrap elementor-element-populated\">\n\t\t\t\t\t\t<div class=\"elementor-element elementor-element-568d0ed elementor-widget elementor-widget-text-editor\" data-id=\"568d0ed\" data-element_type=\"widget\" data-e-type=\"widget\" data-widget_type=\"text-editor.default\">\n\t\t\t\t<div class=\"elementor-widget-container\">\n\t\t\t\t\t\t\t\t\t<div class=\"ipWidget ipWidget-Heading ipSkin-default\">\n<h3 class=\"_title\">O nosso servi\u00e7o<\/h3>\n<\/div>\n<div class=\"ipWidget ipWidget-Text ipSkin-default\">\n<div class=\"ipsContainer\"><\/div>\n<\/div>\n<div class=\"ipWidget ipWidget-Text ipSkin-default\">\n<div class=\"ipsContainer\">\n\n&#8211; Avalia\u00e7\u00e3o e comercializa\u00e7\u00e3o de m\u00e1quinas\/linhas\/plantas\n<\/br>&#8211; Inspe\u00e7\u00e3o visual e relat\u00f3rio\n<\/br>&#8211; Documenta\u00e7\u00e3o financeira\n<\/br>&#8211; Desmontagem e prepara\u00e7\u00e3o para transporte\n<\/br>&#8211; Instala\u00e7\u00e3o e arranque\n\n<\/div>\n<\/div>\t\t\t\t\t\t\t\t<\/div>\n\t\t\t\t<\/div>\n\t\t\t\t\t<\/div>\n\t\t<\/div>\n\t\t\t\t\t<\/div>\n\t\t<\/section>\n\t\t\t\t<\/div>\n\t\t","protected":false},"excerpt":{"rendered":"<p>O nosso servi\u00e7o &#8211; Avalia\u00e7\u00e3o e comercializa\u00e7\u00e3o de m\u00e1quinas\/linhas\/plantas &#8211; Inspe\u00e7\u00e3o visual e relat\u00f3rio &#8211; Documenta\u00e7\u00e3o financeira &#8211; Desmontagem e prepara\u00e7\u00e3o para transporte &#8211; Instala\u00e7\u00e3o e arranque<\/p>\n","protected":false},"author":2,"featured_media":0,"parent":0,"menu_order":0,"comment_status":"closed","ping_status":"closed","template":"","meta":{"_acf_changed":false,"site-sidebar-layout":"no-sidebar","site-content-layout":"page-builder","ast-global-header-display":"","ast-main-header-display":"","ast-hfb-above-header-display":"","ast-hfb-below-header-display":"","ast-hfb-mobile-header-display":"","site-post-title":"disabled","ast-breadcrumbs-content":"","ast-featured-img":"disabled","footer-sml-layout":"","theme-transparent-header-meta":"default","adv-header-id-meta":"","stick-header-meta":"default","header-above-stick-meta":"","header-main-stick-meta":"","header-below-stick-meta":"","footnotes":""},"class_list":["post-14151","page","type-page","status-publish","hentry"],"acf":[],"yoast_head":"<title>CNC milling machine operator - Job - Make it in Germany<\/title>\n<meta name=\"description\" content=\"Search Operator cnc jobs in Germany with company ratings &amp; salaries. 42 open jobs for Operator cnc in Germany.\" \/>\n<meta name=\"robots\" content=\"index, follow, max-snippet:-1, max-image-preview:large, max-video-preview:-1\" \/>\n<link rel=\"canonical\" href=\"https:\/\/wheelde.com\/pt-pt\/servicos\/\" \/>\n<meta property=\"og:locale\" content=\"pt_PT\" \/>\n<meta property=\"og:type\" content=\"article\" \/>\n<meta property=\"og:title\" content=\"CNC milling machine operator - Job - Make it in Germany\" \/>\n<meta property=\"og:description\" content=\"Search Operator cnc jobs in Germany with company ratings &amp; salaries. 42 open jobs for Operator cnc in Germany.\" \/>\n<meta property=\"og:url\" content=\"https:\/\/wheelde.com\/pt-pt\/servicos\/\" \/>\n<meta property=\"og:site_name\" content=\"wheelde.com\" \/>\n<meta property=\"article:modified_time\" content=\"2025-07-18T17:21:27+00:00\" \/>\n<script type=\"application\/ld+json\" class=\"yoast-schema-graph\">{\"@context\":\"https:\\\/\\\/schema.org\",\"@graph\":[{\"@type\":\"WebPage\",\"@id\":\"https:\\\/\\\/wheelde.com\\\/pt-pt\\\/servicos\\\/\",\"url\":\"https:\\\/\\\/wheelde.com\\\/pt-pt\\\/servicos\\\/\",\"name\":\"CNC milling machine operator - Job - Make it in Germany\",\"isPartOf\":{\"@id\":\"https:\\\/\\\/wheelde.com\\\/pt-pt\\\/#website\"},\"datePublished\":\"2023-01-11T21:17:49+00:00\",\"dateModified\":\"2025-07-18T17:21:27+00:00\",\"description\":\"Search Operator cnc jobs in Germany with company ratings & salaries. 42 open jobs for Operator cnc in Germany.\",\"breadcrumb\":{\"@id\":\"https:\\\/\\\/wheelde.com\\\/pt-pt\\\/servicos\\\/#breadcrumb\"},\"inLanguage\":\"pt-PT\",\"potentialAction\":[{\"@type\":\"ReadAction\",\"target\":[\"https:\\\/\\\/wheelde.com\\\/pt-pt\\\/servicos\\\/\"]}]},{\"@type\":\"BreadcrumbList\",\"@id\":\"https:\\\/\\\/wheelde.com\\\/pt-pt\\\/servicos\\\/#breadcrumb\",\"itemListElement\":[{\"@type\":\"ListItem\",\"position\":1,\"name\":\"Home\",\"item\":\"https:\\\/\\\/wheelde.com\\\/pt-pt\\\/\"},{\"@type\":\"ListItem\",\"position\":2,\"name\":\"Servi\u00e7os\"}]},{\"@type\":\"WebSite\",\"@id\":\"https:\\\/\\\/wheelde.com\\\/pt-pt\\\/#website\",\"url\":\"https:\\\/\\\/wheelde.com\\\/pt-pt\\\/\",\"name\":\"wheelde.com\",\"description\":\"Global B2B portal to find used production machines\",\"publisher\":{\"@id\":\"https:\\\/\\\/wheelde.com\\\/pt-pt\\\/#organization\"},\"potentialAction\":[{\"@type\":\"SearchAction\",\"target\":{\"@type\":\"EntryPoint\",\"urlTemplate\":\"https:\\\/\\\/wheelde.com\\\/pt-pt\\\/?s={search_term_string}\"},\"query-input\":{\"@type\":\"PropertyValueSpecification\",\"valueRequired\":true,\"valueName\":\"search_term_string\"}}],\"inLanguage\":\"pt-PT\"},{\"@type\":\"Organization\",\"@id\":\"https:\\\/\\\/wheelde.com\\\/pt-pt\\\/#organization\",\"name\":\"wheelde.com\",\"url\":\"https:\\\/\\\/wheelde.com\\\/pt-pt\\\/\",\"logo\":{\"@type\":\"ImageObject\",\"inLanguage\":\"pt-PT\",\"@id\":\"https:\\\/\\\/wheelde.com\\\/pt-pt\\\/#\\\/schema\\\/logo\\\/image\\\/\",\"url\":\"https:\\\/\\\/wheelde.com\\\/wp-content\\\/uploads\\\/2024\\\/11\\\/logo1.webp\",\"contentUrl\":\"https:\\\/\\\/wheelde.com\\\/wp-content\\\/uploads\\\/2024\\\/11\\\/logo1.webp\",\"width\":408,\"height\":103,\"caption\":\"wheelde.com\"},\"image\":{\"@id\":\"https:\\\/\\\/wheelde.com\\\/pt-pt\\\/#\\\/schema\\\/logo\\\/image\\\/\"}}]}<\/script>","yoast_head_json":{"title":"CNC milling machine operator - Job - Make it in Germany","description":"Search Operator cnc jobs in Germany with company ratings & salaries. 42 open jobs for Operator cnc in Germany.","robots":{"index":"index","follow":"follow","max-snippet":"max-snippet:-1","max-image-preview":"max-image-preview:large","max-video-preview":"max-video-preview:-1"},"canonical":"https:\/\/wheelde.com\/pt-pt\/servicos\/","og_locale":"pt_PT","og_type":"article","og_title":"CNC milling machine operator - Job - Make it in Germany","og_description":"Search Operator cnc jobs in Germany with company ratings & salaries. 42 open jobs for Operator cnc in Germany.","og_url":"https:\/\/wheelde.com\/pt-pt\/servicos\/","og_site_name":"wheelde.com","article_modified_time":"2025-07-18T17:21:27+00:00","schema":{"@context":"https:\/\/schema.org","@graph":[{"@type":"WebPage","@id":"https:\/\/wheelde.com\/pt-pt\/servicos\/","url":"https:\/\/wheelde.com\/pt-pt\/servicos\/","name":"CNC milling machine operator - Job - Make it in Germany","isPartOf":{"@id":"https:\/\/wheelde.com\/pt-pt\/#website"},"datePublished":"2023-01-11T21:17:49+00:00","dateModified":"2025-07-18T17:21:27+00:00","description":"Search Operator cnc jobs in Germany with company ratings & salaries. 42 open jobs for Operator cnc in Germany.","breadcrumb":{"@id":"https:\/\/wheelde.com\/pt-pt\/servicos\/#breadcrumb"},"inLanguage":"pt-PT","potentialAction":[{"@type":"ReadAction","target":["https:\/\/wheelde.com\/pt-pt\/servicos\/"]}]},{"@type":"BreadcrumbList","@id":"https:\/\/wheelde.com\/pt-pt\/servicos\/#breadcrumb","itemListElement":[{"@type":"ListItem","position":1,"name":"Home","item":"https:\/\/wheelde.com\/pt-pt\/"},{"@type":"ListItem","position":2,"name":"Servi\u00e7os"}]},{"@type":"WebSite","@id":"https:\/\/wheelde.com\/pt-pt\/#website","url":"https:\/\/wheelde.com\/pt-pt\/","name":"wheelde.com","description":"Global B2B portal to find used production machines","publisher":{"@id":"https:\/\/wheelde.com\/pt-pt\/#organization"},"potentialAction":[{"@type":"SearchAction","target":{"@type":"EntryPoint","urlTemplate":"https:\/\/wheelde.com\/pt-pt\/?s={search_term_string}"},"query-input":{"@type":"PropertyValueSpecification","valueRequired":true,"valueName":"search_term_string"}}],"inLanguage":"pt-PT"},{"@type":"Organization","@id":"https:\/\/wheelde.com\/pt-pt\/#organization","name":"wheelde.com","url":"https:\/\/wheelde.com\/pt-pt\/","logo":{"@type":"ImageObject","inLanguage":"pt-PT","@id":"https:\/\/wheelde.com\/pt-pt\/#\/schema\/logo\/image\/","url":"https:\/\/wheelde.com\/wp-content\/uploads\/2024\/11\/logo1.webp","contentUrl":"https:\/\/wheelde.com\/wp-content\/uploads\/2024\/11\/logo1.webp","width":408,"height":103,"caption":"wheelde.com"},"image":{"@id":"https:\/\/wheelde.com\/pt-pt\/#\/schema\/logo\/image\/"}}]}},"_links":{"self":[{"href":"https:\/\/wheelde.com\/pt-pt\/wp-json\/wp\/v2\/pages\/14151","targetHints":{"allow":["GET"]}}],"collection":[{"href":"https:\/\/wheelde.com\/pt-pt\/wp-json\/wp\/v2\/pages"}],"about":[{"href":"https:\/\/wheelde.com\/pt-pt\/wp-json\/wp\/v2\/types\/page"}],"author":[{"embeddable":true,"href":"https:\/\/wheelde.com\/pt-pt\/wp-json\/wp\/v2\/users\/2"}],"replies":[{"embeddable":true,"href":"https:\/\/wheelde.com\/pt-pt\/wp-json\/wp\/v2\/comments?post=14151"}],"version-history":[{"count":0,"href":"https:\/\/wheelde.com\/pt-pt\/wp-json\/wp\/v2\/pages\/14151\/revisions"}],"wp:attachment":[{"href":"https:\/\/wheelde.com\/pt-pt\/wp-json\/wp\/v2\/media?parent=14151"}],"curies":[{"name":"wp","href":"https:\/\/api.w.org\/{rel}","templated":true}]}}