{"id":13990,"date":"2023-01-11T23:17:27","date_gmt":"2023-01-11T21:17:27","guid":{"rendered":"https:\/\/wheelde.com\/?page_id=13990"},"modified":"2025-07-18T20:44:08","modified_gmt":"2025-07-18T18:44:08","slug":"sobre-nos","status":"publish","type":"page","link":"https:\/\/wheelde.com\/pt-pt\/sobre-nos\/","title":{"rendered":"Sobre n\u00f3s"},"content":{"rendered":"\t\t<div data-elementor-type=\"wp-page\" data-elementor-id=\"13990\" class=\"elementor elementor-13990 elementor-3820\">\n\t\t\t\t\t\t<section class=\"elementor-section elementor-top-section elementor-element elementor-element-2a54cc8 elementor-section-boxed elementor-section-height-default elementor-section-height-default\" data-id=\"2a54cc8\" data-element_type=\"section\" data-e-type=\"section\">\n\t\t\t\t\t\t<div class=\"elementor-container elementor-column-gap-default\">\n\t\t\t\t\t<div class=\"elementor-column elementor-col-100 elementor-top-column elementor-element elementor-element-552f89e\" data-id=\"552f89e\" data-element_type=\"column\" data-e-type=\"column\">\n\t\t\t<div class=\"elementor-widget-wrap elementor-element-populated\">\n\t\t\t\t\t\t<div class=\"elementor-element elementor-element-adfaae1 elementor-widget elementor-widget-text-editor\" data-id=\"adfaae1\" data-element_type=\"widget\" data-e-type=\"widget\" data-widget_type=\"text-editor.default\">\n\t\t\t\t<div class=\"elementor-widget-container\">\n\t\t\t\t\t\t\t\t\t<div class=\"ipWidget ipWidget-Heading ipSkin-default\">\n<h2 class=\"_title\">Bem-vindo ao WheelDE<\/h2>\n<\/div>\n<div class=\"ipWidget ipWidget-Text ipSkin-default\">\n<div class=\"ipsContainer\">\n\n<strong>NOVO SERVI\u00c7O\u00a0 &#8211; Contrate servi\u00e7os de fabrico para satisfazer as suas necessidades.<\/strong>\n<ul>\n  <li>Pe\u00e7as de precis\u00e3o maquinadas CNC<\/li>\n  <li>Fresagem<\/li>\n  <li>Tornar<\/li>\n  <li>Design e design Engenharia Reversa<\/li>\n  <li>Fabrica\u00e7\u00e3o de chapa<\/li>\n  <li>Quadros soldados<\/li>\n  <li>Revestimento em p\u00f3<\/li>\n  <li>Cablagem El\u00e9trica<\/li>\n  <li>Montagem e montagem Teste<\/li>\n  <li>Montagem de sala limpa<\/li>\n  <li>Inspec\u00e7\u00e3o e inspec\u00e7\u00e3o Controlo de qualidade<\/li>\n  <li>Compras<\/li>\n<\/ul>\n<\/div>\n<\/div>\n<div class=\"ipWidget ipWidget-Text ipSkin-default\">\n<div class=\"ipsContainer\">\n\nSomos uma empresa comercial com opera\u00e7\u00e3o internacional, globalmente conectada e somos o seu parceiro especializado se procura m\u00e1quinas e linhas\/f\u00e1bricas de produ\u00e7\u00e3o usadas e bem conservadas.\n\nTrabalhamos com empresas de processamento de metal escandinavas, alem\u00e3s, francesas, polacas, austr\u00edacas, do Reino Unido, austr\u00edacas etc. Os nossos parceiros renovam constantemente a tecnologia de produ\u00e7\u00e3o e vendem m\u00e1quinas usadas e bem conservadas.\n\nAs m\u00e1quinas ou linhas\/instala\u00e7\u00f5es de produ\u00e7\u00e3o usadas podem ser adquiridas diretamente ao utilizador ou no nosso armaz\u00e9m.\n\nA nossa gama de produtos inclui:\n<ul>\n  <li>Centros de maquina\u00e7\u00e3o CNC, horizontais<\/li>\n  <li>Centros de maquina\u00e7\u00e3o CNC, verticais<\/li>\n  <li>Mandriladoras CNC<\/li>\n  <li>Tornos verticais CNC<\/li>\n  <li>Tornos CNC<\/li>\n  <li>Centros de torneamento e fresagem CNC com m\u00faltiplos eixos<\/li>\n  <li>Torneadores longitudinais CNC<\/li>\n  <li>Unidades de corte a laser CNC<\/li>\n  <li>Tornos autom\u00e1ticos multifusos<\/li>\n  <li>Torneamento e fresadora convencionais<\/li>\n  <li>Linhas cortadas ao comprido<\/li>\n  <li>Outras m\u00e1quinas utilizadas sob consulta<\/li>\n  <li>Acess\u00f3rios para opera\u00e7\u00f5es de corte<\/li>\n<\/ul>\n&#8212; Linhas\/f\u00e1bricas de produ\u00e7\u00e3o&#8211;\n\n<\/div>\n<\/div>\n<div class=\"ipWidget ipWidget-Divider ipSkin-default\"><\/div>\n<div class=\"ipWidget ipWidget-Heading ipSkin-default\">\n<h3 class=\"_title\">O nosso servi\u00e7o<\/h3>\n<\/div>\n<div class=\"ipWidget ipWidget-Text ipSkin-default\">\n<div class=\"ipsContainer\"><\/div>\n<\/div>\n<div class=\"ipWidget ipWidget-Text ipSkin-default\">\n<div class=\"ipsContainer\">\n\n&#8211; Avalia\u00e7\u00e3o e comercializa\u00e7\u00e3o de m\u00e1quinas\/linhas\/plantas\n&#8211; Inspe\u00e7\u00e3o visual e relat\u00f3rio\n&#8211; Documenta\u00e7\u00e3o financeira\n&#8211; Desmontagem e prepara\u00e7\u00e3o para transporte\n&#8211; Instala\u00e7\u00e3o e arranque\n\n<\/div>\n<\/div>\t\t\t\t\t\t\t\t<\/div>\n\t\t\t\t<\/div>\n\t\t\t\t\t<\/div>\n\t\t<\/div>\n\t\t\t\t\t<\/div>\n\t\t<\/section>\n\t\t\t\t<\/div>\n\t\t","protected":false},"excerpt":{"rendered":"<p>Bem-vindo ao WheelDE NOVO SERVI\u00c7O\u00a0 &#8211; Contrate servi\u00e7os de fabrico para satisfazer as suas necessidades. Pe\u00e7as de precis\u00e3o maquinadas CNC Fresagem Tornar Design e design Engenharia Reversa Fabrica\u00e7\u00e3o de chapa Quadros soldados Revestimento em p\u00f3 Cablagem El\u00e9trica Montagem e montagem Teste Montagem de sala limpa Inspec\u00e7\u00e3o e inspec\u00e7\u00e3o Controlo de qualidade Compras Somos uma empresa &hellip;<\/p>\n<p class=\"read-more\"> <a class=\"\" href=\"https:\/\/wheelde.com\/pt-pt\/sobre-nos\/\"> <span class=\"screen-reader-text\">Sobre n\u00f3s<\/span> Read More &raquo;<\/a><\/p>\n","protected":false},"author":2,"featured_media":0,"parent":0,"menu_order":0,"comment_status":"closed","ping_status":"closed","template":"","meta":{"_acf_changed":false,"site-sidebar-layout":"default","site-content-layout":"default","ast-global-header-display":"","ast-main-header-display":"","ast-hfb-above-header-display":"","ast-hfb-below-header-display":"","ast-hfb-mobile-header-display":"","site-post-title":"","ast-breadcrumbs-content":"","ast-featured-img":"","footer-sml-layout":"","theme-transparent-header-meta":"default","adv-header-id-meta":"","stick-header-meta":"default","header-above-stick-meta":"","header-main-stick-meta":"","header-below-stick-meta":"","footnotes":""},"class_list":["post-13990","page","type-page","status-publish","hentry"],"acf":[],"yoast_head":"<title>Comprar m\u00e1quinas de madera usadas<\/title>\n<meta name=\"description\" content=\"El mercado de m\u00e1quinas Machines le ofrece una variedad de m\u00e1quinas de madera usadas para la industria y el comercio\" \/>\n<meta name=\"robots\" content=\"index, follow, max-snippet:-1, max-image-preview:large, max-video-preview:-1\" \/>\n<link rel=\"canonical\" href=\"https:\/\/wheelde.com\/pt-pt\/sobre-nos\/\" \/>\n<meta property=\"og:locale\" content=\"pt_PT\" \/>\n<meta property=\"og:type\" content=\"article\" \/>\n<meta property=\"og:title\" content=\"Comprar m\u00e1quinas de madera usadas\" \/>\n<meta property=\"og:description\" content=\"El mercado de m\u00e1quinas Machines le ofrece una variedad de m\u00e1quinas de madera usadas para la industria y el comercio\" \/>\n<meta property=\"og:url\" content=\"https:\/\/wheelde.com\/pt-pt\/sobre-nos\/\" \/>\n<meta property=\"og:site_name\" content=\"wheelde.com\" \/>\n<meta property=\"article:modified_time\" content=\"2025-07-18T18:44:08+00:00\" \/>\n<script type=\"application\/ld+json\" class=\"yoast-schema-graph\">{\"@context\":\"https:\\\/\\\/schema.org\",\"@graph\":[{\"@type\":\"WebPage\",\"@id\":\"https:\\\/\\\/wheelde.com\\\/pt-pt\\\/sobre-nos\\\/\",\"url\":\"https:\\\/\\\/wheelde.com\\\/pt-pt\\\/sobre-nos\\\/\",\"name\":\"Comprar m\u00e1quinas de madera usadas\",\"isPartOf\":{\"@id\":\"https:\\\/\\\/wheelde.com\\\/pt-pt\\\/#website\"},\"datePublished\":\"2023-01-11T21:17:27+00:00\",\"dateModified\":\"2025-07-18T18:44:08+00:00\",\"description\":\"El mercado de m\u00e1quinas Machines le ofrece una variedad de m\u00e1quinas de madera usadas para la industria y el comercio\",\"breadcrumb\":{\"@id\":\"https:\\\/\\\/wheelde.com\\\/pt-pt\\\/sobre-nos\\\/#breadcrumb\"},\"inLanguage\":\"pt-PT\",\"potentialAction\":[{\"@type\":\"ReadAction\",\"target\":[\"https:\\\/\\\/wheelde.com\\\/pt-pt\\\/sobre-nos\\\/\"]}]},{\"@type\":\"BreadcrumbList\",\"@id\":\"https:\\\/\\\/wheelde.com\\\/pt-pt\\\/sobre-nos\\\/#breadcrumb\",\"itemListElement\":[{\"@type\":\"ListItem\",\"position\":1,\"name\":\"Home\",\"item\":\"https:\\\/\\\/wheelde.com\\\/pt-pt\\\/\"},{\"@type\":\"ListItem\",\"position\":2,\"name\":\"Sobre n\u00f3s\"}]},{\"@type\":\"WebSite\",\"@id\":\"https:\\\/\\\/wheelde.com\\\/pt-pt\\\/#website\",\"url\":\"https:\\\/\\\/wheelde.com\\\/pt-pt\\\/\",\"name\":\"wheelde.com\",\"description\":\"Global B2B portal to find used production machines\",\"publisher\":{\"@id\":\"https:\\\/\\\/wheelde.com\\\/pt-pt\\\/#organization\"},\"potentialAction\":[{\"@type\":\"SearchAction\",\"target\":{\"@type\":\"EntryPoint\",\"urlTemplate\":\"https:\\\/\\\/wheelde.com\\\/pt-pt\\\/?s={search_term_string}\"},\"query-input\":{\"@type\":\"PropertyValueSpecification\",\"valueRequired\":true,\"valueName\":\"search_term_string\"}}],\"inLanguage\":\"pt-PT\"},{\"@type\":\"Organization\",\"@id\":\"https:\\\/\\\/wheelde.com\\\/pt-pt\\\/#organization\",\"name\":\"wheelde.com\",\"url\":\"https:\\\/\\\/wheelde.com\\\/pt-pt\\\/\",\"logo\":{\"@type\":\"ImageObject\",\"inLanguage\":\"pt-PT\",\"@id\":\"https:\\\/\\\/wheelde.com\\\/pt-pt\\\/#\\\/schema\\\/logo\\\/image\\\/\",\"url\":\"https:\\\/\\\/wheelde.com\\\/wp-content\\\/uploads\\\/2024\\\/11\\\/logo1.webp\",\"contentUrl\":\"https:\\\/\\\/wheelde.com\\\/wp-content\\\/uploads\\\/2024\\\/11\\\/logo1.webp\",\"width\":408,\"height\":103,\"caption\":\"wheelde.com\"},\"image\":{\"@id\":\"https:\\\/\\\/wheelde.com\\\/pt-pt\\\/#\\\/schema\\\/logo\\\/image\\\/\"}}]}<\/script>","yoast_head_json":{"title":"Comprar m\u00e1quinas de madera usadas","description":"El mercado de m\u00e1quinas Machines le ofrece una variedad de m\u00e1quinas de madera usadas para la industria y el comercio","robots":{"index":"index","follow":"follow","max-snippet":"max-snippet:-1","max-image-preview":"max-image-preview:large","max-video-preview":"max-video-preview:-1"},"canonical":"https:\/\/wheelde.com\/pt-pt\/sobre-nos\/","og_locale":"pt_PT","og_type":"article","og_title":"Comprar m\u00e1quinas de madera usadas","og_description":"El mercado de m\u00e1quinas Machines le ofrece una variedad de m\u00e1quinas de madera usadas para la industria y el comercio","og_url":"https:\/\/wheelde.com\/pt-pt\/sobre-nos\/","og_site_name":"wheelde.com","article_modified_time":"2025-07-18T18:44:08+00:00","schema":{"@context":"https:\/\/schema.org","@graph":[{"@type":"WebPage","@id":"https:\/\/wheelde.com\/pt-pt\/sobre-nos\/","url":"https:\/\/wheelde.com\/pt-pt\/sobre-nos\/","name":"Comprar m\u00e1quinas de madera usadas","isPartOf":{"@id":"https:\/\/wheelde.com\/pt-pt\/#website"},"datePublished":"2023-01-11T21:17:27+00:00","dateModified":"2025-07-18T18:44:08+00:00","description":"El mercado de m\u00e1quinas Machines le ofrece una variedad de m\u00e1quinas de madera usadas para la industria y el comercio","breadcrumb":{"@id":"https:\/\/wheelde.com\/pt-pt\/sobre-nos\/#breadcrumb"},"inLanguage":"pt-PT","potentialAction":[{"@type":"ReadAction","target":["https:\/\/wheelde.com\/pt-pt\/sobre-nos\/"]}]},{"@type":"BreadcrumbList","@id":"https:\/\/wheelde.com\/pt-pt\/sobre-nos\/#breadcrumb","itemListElement":[{"@type":"ListItem","position":1,"name":"Home","item":"https:\/\/wheelde.com\/pt-pt\/"},{"@type":"ListItem","position":2,"name":"Sobre n\u00f3s"}]},{"@type":"WebSite","@id":"https:\/\/wheelde.com\/pt-pt\/#website","url":"https:\/\/wheelde.com\/pt-pt\/","name":"wheelde.com","description":"Global B2B portal to find used production machines","publisher":{"@id":"https:\/\/wheelde.com\/pt-pt\/#organization"},"potentialAction":[{"@type":"SearchAction","target":{"@type":"EntryPoint","urlTemplate":"https:\/\/wheelde.com\/pt-pt\/?s={search_term_string}"},"query-input":{"@type":"PropertyValueSpecification","valueRequired":true,"valueName":"search_term_string"}}],"inLanguage":"pt-PT"},{"@type":"Organization","@id":"https:\/\/wheelde.com\/pt-pt\/#organization","name":"wheelde.com","url":"https:\/\/wheelde.com\/pt-pt\/","logo":{"@type":"ImageObject","inLanguage":"pt-PT","@id":"https:\/\/wheelde.com\/pt-pt\/#\/schema\/logo\/image\/","url":"https:\/\/wheelde.com\/wp-content\/uploads\/2024\/11\/logo1.webp","contentUrl":"https:\/\/wheelde.com\/wp-content\/uploads\/2024\/11\/logo1.webp","width":408,"height":103,"caption":"wheelde.com"},"image":{"@id":"https:\/\/wheelde.com\/pt-pt\/#\/schema\/logo\/image\/"}}]}},"_links":{"self":[{"href":"https:\/\/wheelde.com\/pt-pt\/wp-json\/wp\/v2\/pages\/13990","targetHints":{"allow":["GET"]}}],"collection":[{"href":"https:\/\/wheelde.com\/pt-pt\/wp-json\/wp\/v2\/pages"}],"about":[{"href":"https:\/\/wheelde.com\/pt-pt\/wp-json\/wp\/v2\/types\/page"}],"author":[{"embeddable":true,"href":"https:\/\/wheelde.com\/pt-pt\/wp-json\/wp\/v2\/users\/2"}],"replies":[{"embeddable":true,"href":"https:\/\/wheelde.com\/pt-pt\/wp-json\/wp\/v2\/comments?post=13990"}],"version-history":[{"count":0,"href":"https:\/\/wheelde.com\/pt-pt\/wp-json\/wp\/v2\/pages\/13990\/revisions"}],"wp:attachment":[{"href":"https:\/\/wheelde.com\/pt-pt\/wp-json\/wp\/v2\/media?parent=13990"}],"curies":[{"name":"wp","href":"https:\/\/api.w.org\/{rel}","templated":true}]}}