{"id":14009,"date":"2024-10-11T15:00:56","date_gmt":"2024-10-11T13:00:56","guid":{"rendered":"https:\/\/wheelde.com\/?page_id=14009"},"modified":"2025-06-26T18:05:17","modified_gmt":"2025-06-26T16:05:17","slug":"kariera","status":"publish","type":"page","link":"https:\/\/wheelde.com\/pl\/kariera\/","title":{"rendered":"Kariera"},"content":{"rendered":"\t\t<div data-elementor-type=\"wp-page\" data-elementor-id=\"14009\" class=\"elementor elementor-14009 elementor-13546\">\n\t\t\t\t\t\t<section class=\"elementor-section elementor-top-section elementor-element elementor-element-2a54cc8 elementor-section-boxed elementor-section-height-default elementor-section-height-default\" data-id=\"2a54cc8\" data-element_type=\"section\" data-e-type=\"section\">\n\t\t\t\t\t\t<div class=\"elementor-container elementor-column-gap-default\">\n\t\t\t\t\t<div class=\"elementor-column elementor-col-100 elementor-top-column elementor-element elementor-element-552f89e\" data-id=\"552f89e\" data-element_type=\"column\" data-e-type=\"column\">\n\t\t\t<div class=\"elementor-widget-wrap elementor-element-populated\">\n\t\t\t\t\t\t<div class=\"elementor-element elementor-element-adfaae1 elementor-widget elementor-widget-text-editor\" data-id=\"adfaae1\" data-element_type=\"widget\" data-e-type=\"widget\" data-widget_type=\"text-editor.default\">\n\t\t\t\t<div class=\"elementor-widget-container\">\n\t\t\t\t\t\t\t\t\t<div class=\"ipWidget ipWidget-Heading ipSkin-default\"><h2 class=\"_title\">Working at Wheelde<\/h2><\/div><h3>Join Our Team!<\/h3><p>At Wheelde, we believe that our employees are the cornerstone of our success. We are always looking for passionate, innovative, and dedicated individuals to join our dynamic team. Whether you are just starting your career or are an experienced professional, there\u2019s a place for you to grow and make an impact with us.<\/p><h4>Why Work With Us?<\/h4><ul><li><strong>Innovative Environment<\/strong>: Be part of a forward-thinking company that values creativity and continuous improvement.<\/li><li><strong>Career Growth<\/strong>: We invest in the development of our employees through training programs, mentorship, and opportunities for advancement.<\/li><li><strong>Collaborative Culture<\/strong>: Work with a diverse team of talented individuals who value teamwork and collaboration.<\/li><li><strong>Competitive Benefits<\/strong>: We offer a comprehensive benefits package that includes health insurance, retirement plans, and more.<\/li><li><strong>Work-Life Balance<\/strong>: We understand the importance of balancing your career with your personal life and offer flexible working arrangements.<\/li><\/ul><h4>Open Positions<\/h4><p>We are currently hiring for the following roles:<\/p><ul><li>Sales specialist<\/li><li>Administrator<\/li><li>Team management<\/li><\/ul><p>To get more details about each role and apply, please contact us on <a href=\"\/contact\">Contact page<\/a><\/p><hr \/><h4>Internship &amp; Graduate Programs<\/h4><p>If you\u2019re a student or recent graduate, our internship and entry-level programs are designed to provide hands-on experience and professional growth. You\u2019ll have the opportunity to learn from industry experts, gain practical skills, and potentially kickstart your career with us.<\/p><hr \/><h4>How to Apply<\/h4><p>Interested in joining the team? We\u2019d love to hear from you!<\/p><ol><li><strong>See Open Positions<\/strong>: Review the roles that align with your skills and career goals.<\/li><li><strong>Submit Your Application<\/strong>: Open the <a href=\"\/contacts\">Contacts page<\/a> and submit your job application.<\/li><li><strong>Stay Connected<\/strong>: If you don\u2019t see a position that matches your profile, <a href=\"\/contacts\">submit a general application<\/a> or sign up for job alerts to be notified of future openings.<\/li><\/ol><hr \/><hr \/><h3>Contact Us<\/h3><p>For questions about careers at Wheelde, please email us at <a href=\"mailto:sales@wheelde.com\">sales@wheelde.com<\/a> or <a href=\"tel:+370 675 79742\">call +370 675 79742<\/a>.<\/p><hr \/>\t\t\t\t\t\t\t\t<\/div>\n\t\t\t\t<\/div>\n\t\t\t\t\t<\/div>\n\t\t<\/div>\n\t\t\t\t\t<\/div>\n\t\t<\/section>\n\t\t\t\t<\/div>\n\t\t","protected":false},"excerpt":{"rendered":"","protected":false},"author":2,"featured_media":0,"parent":0,"menu_order":0,"comment_status":"closed","ping_status":"closed","template":"","meta":{"_acf_changed":false,"site-sidebar-layout":"default","site-content-layout":"default","ast-global-header-display":"","ast-main-header-display":"","ast-hfb-above-header-display":"","ast-hfb-below-header-display":"","ast-hfb-mobile-header-display":"","site-post-title":"","ast-breadcrumbs-content":"","ast-featured-img":"","footer-sml-layout":"","theme-transparent-header-meta":"default","adv-header-id-meta":"","stick-header-meta":"default","header-above-stick-meta":"","header-main-stick-meta":"","header-below-stick-meta":"","footnotes":""},"class_list":["post-14009","page","type-page","status-publish","hentry"],"acf":[],"yoast_head":"<title>CNC obradne centre www.wheelde.com<\/title>\n<meta name=\"description\" content=\"U na\u0161oj ponudi mo\u017eete naci veliki izbor novih i polovnih CNC ma\u0161ina za obradu metala: CNC strugove, CNC glodalice, CNC obradne centre\" \/>\n<meta name=\"robots\" content=\"index, follow, max-snippet:-1, max-image-preview:large, max-video-preview:-1\" \/>\n<link rel=\"canonical\" href=\"https:\/\/wheelde.com\/pl\/kariera\/\" \/>\n<meta property=\"og:locale\" content=\"pl_PL\" \/>\n<meta property=\"og:type\" content=\"article\" \/>\n<meta property=\"og:title\" content=\"CNC obradne centre www.wheelde.com\" \/>\n<meta property=\"og:description\" content=\"U na\u0161oj ponudi mo\u017eete naci veliki izbor novih i polovnih CNC ma\u0161ina za obradu metala: CNC strugove, CNC glodalice, CNC obradne centre\" \/>\n<meta property=\"og:url\" content=\"https:\/\/wheelde.com\/pl\/kariera\/\" \/>\n<meta property=\"og:site_name\" content=\"wheelde.com\" \/>\n<meta property=\"article:modified_time\" content=\"2025-06-26T16:05:17+00:00\" \/>\n<script type=\"application\/ld+json\" class=\"yoast-schema-graph\">{\"@context\":\"https:\\\/\\\/schema.org\",\"@graph\":[{\"@type\":\"WebPage\",\"@id\":\"https:\\\/\\\/wheelde.com\\\/pl\\\/kariera\\\/\",\"url\":\"https:\\\/\\\/wheelde.com\\\/pl\\\/kariera\\\/\",\"name\":\"CNC obradne centre www.wheelde.com\",\"isPartOf\":{\"@id\":\"https:\\\/\\\/wheelde.com\\\/pl\\\/#website\"},\"datePublished\":\"2024-10-11T13:00:56+00:00\",\"dateModified\":\"2025-06-26T16:05:17+00:00\",\"description\":\"U na\u0161oj ponudi mo\u017eete naci veliki izbor novih i polovnih CNC ma\u0161ina za obradu metala: CNC strugove, CNC glodalice, CNC obradne centre\",\"breadcrumb\":{\"@id\":\"https:\\\/\\\/wheelde.com\\\/pl\\\/kariera\\\/#breadcrumb\"},\"inLanguage\":\"pl-PL\",\"potentialAction\":[{\"@type\":\"ReadAction\",\"target\":[\"https:\\\/\\\/wheelde.com\\\/pl\\\/kariera\\\/\"]}]},{\"@type\":\"BreadcrumbList\",\"@id\":\"https:\\\/\\\/wheelde.com\\\/pl\\\/kariera\\\/#breadcrumb\",\"itemListElement\":[{\"@type\":\"ListItem\",\"position\":1,\"name\":\"Home\",\"item\":\"https:\\\/\\\/wheelde.com\\\/pl\\\/\"},{\"@type\":\"ListItem\",\"position\":2,\"name\":\"Kariera\"}]},{\"@type\":\"WebSite\",\"@id\":\"https:\\\/\\\/wheelde.com\\\/pl\\\/#website\",\"url\":\"https:\\\/\\\/wheelde.com\\\/pl\\\/\",\"name\":\"wheelde.com\",\"description\":\"Globalny portal B2B do wyszukiwania u\u017cywanych maszyn produkcyjnych\",\"publisher\":{\"@id\":\"https:\\\/\\\/wheelde.com\\\/pl\\\/#organization\"},\"potentialAction\":[{\"@type\":\"SearchAction\",\"target\":{\"@type\":\"EntryPoint\",\"urlTemplate\":\"https:\\\/\\\/wheelde.com\\\/pl\\\/?s={search_term_string}\"},\"query-input\":{\"@type\":\"PropertyValueSpecification\",\"valueRequired\":true,\"valueName\":\"search_term_string\"}}],\"inLanguage\":\"pl-PL\"},{\"@type\":\"Organization\",\"@id\":\"https:\\\/\\\/wheelde.com\\\/pl\\\/#organization\",\"name\":\"wheelde.com\",\"url\":\"https:\\\/\\\/wheelde.com\\\/pl\\\/\",\"logo\":{\"@type\":\"ImageObject\",\"inLanguage\":\"pl-PL\",\"@id\":\"https:\\\/\\\/wheelde.com\\\/pl\\\/#\\\/schema\\\/logo\\\/image\\\/\",\"url\":\"https:\\\/\\\/wheelde.com\\\/wp-content\\\/uploads\\\/2024\\\/11\\\/logo1.webp\",\"contentUrl\":\"https:\\\/\\\/wheelde.com\\\/wp-content\\\/uploads\\\/2024\\\/11\\\/logo1.webp\",\"width\":408,\"height\":103,\"caption\":\"wheelde.com\"},\"image\":{\"@id\":\"https:\\\/\\\/wheelde.com\\\/pl\\\/#\\\/schema\\\/logo\\\/image\\\/\"}}]}<\/script>","yoast_head_json":{"title":"CNC obradne centre www.wheelde.com","description":"U na\u0161oj ponudi mo\u017eete naci veliki izbor novih i polovnih CNC ma\u0161ina za obradu metala: CNC strugove, CNC glodalice, CNC obradne centre","robots":{"index":"index","follow":"follow","max-snippet":"max-snippet:-1","max-image-preview":"max-image-preview:large","max-video-preview":"max-video-preview:-1"},"canonical":"https:\/\/wheelde.com\/pl\/kariera\/","og_locale":"pl_PL","og_type":"article","og_title":"CNC obradne centre www.wheelde.com","og_description":"U na\u0161oj ponudi mo\u017eete naci veliki izbor novih i polovnih CNC ma\u0161ina za obradu metala: CNC strugove, CNC glodalice, CNC obradne centre","og_url":"https:\/\/wheelde.com\/pl\/kariera\/","og_site_name":"wheelde.com","article_modified_time":"2025-06-26T16:05:17+00:00","schema":{"@context":"https:\/\/schema.org","@graph":[{"@type":"WebPage","@id":"https:\/\/wheelde.com\/pl\/kariera\/","url":"https:\/\/wheelde.com\/pl\/kariera\/","name":"CNC obradne centre www.wheelde.com","isPartOf":{"@id":"https:\/\/wheelde.com\/pl\/#website"},"datePublished":"2024-10-11T13:00:56+00:00","dateModified":"2025-06-26T16:05:17+00:00","description":"U na\u0161oj ponudi mo\u017eete naci veliki izbor novih i polovnih CNC ma\u0161ina za obradu metala: CNC strugove, CNC glodalice, CNC obradne centre","breadcrumb":{"@id":"https:\/\/wheelde.com\/pl\/kariera\/#breadcrumb"},"inLanguage":"pl-PL","potentialAction":[{"@type":"ReadAction","target":["https:\/\/wheelde.com\/pl\/kariera\/"]}]},{"@type":"BreadcrumbList","@id":"https:\/\/wheelde.com\/pl\/kariera\/#breadcrumb","itemListElement":[{"@type":"ListItem","position":1,"name":"Home","item":"https:\/\/wheelde.com\/pl\/"},{"@type":"ListItem","position":2,"name":"Kariera"}]},{"@type":"WebSite","@id":"https:\/\/wheelde.com\/pl\/#website","url":"https:\/\/wheelde.com\/pl\/","name":"wheelde.com","description":"Globalny portal B2B do wyszukiwania u\u017cywanych maszyn produkcyjnych","publisher":{"@id":"https:\/\/wheelde.com\/pl\/#organization"},"potentialAction":[{"@type":"SearchAction","target":{"@type":"EntryPoint","urlTemplate":"https:\/\/wheelde.com\/pl\/?s={search_term_string}"},"query-input":{"@type":"PropertyValueSpecification","valueRequired":true,"valueName":"search_term_string"}}],"inLanguage":"pl-PL"},{"@type":"Organization","@id":"https:\/\/wheelde.com\/pl\/#organization","name":"wheelde.com","url":"https:\/\/wheelde.com\/pl\/","logo":{"@type":"ImageObject","inLanguage":"pl-PL","@id":"https:\/\/wheelde.com\/pl\/#\/schema\/logo\/image\/","url":"https:\/\/wheelde.com\/wp-content\/uploads\/2024\/11\/logo1.webp","contentUrl":"https:\/\/wheelde.com\/wp-content\/uploads\/2024\/11\/logo1.webp","width":408,"height":103,"caption":"wheelde.com"},"image":{"@id":"https:\/\/wheelde.com\/pl\/#\/schema\/logo\/image\/"}}]}},"_links":{"self":[{"href":"https:\/\/wheelde.com\/pl\/wp-json\/wp\/v2\/pages\/14009","targetHints":{"allow":["GET"]}}],"collection":[{"href":"https:\/\/wheelde.com\/pl\/wp-json\/wp\/v2\/pages"}],"about":[{"href":"https:\/\/wheelde.com\/pl\/wp-json\/wp\/v2\/types\/page"}],"author":[{"embeddable":true,"href":"https:\/\/wheelde.com\/pl\/wp-json\/wp\/v2\/users\/2"}],"replies":[{"embeddable":true,"href":"https:\/\/wheelde.com\/pl\/wp-json\/wp\/v2\/comments?post=14009"}],"version-history":[{"count":0,"href":"https:\/\/wheelde.com\/pl\/wp-json\/wp\/v2\/pages\/14009\/revisions"}],"wp:attachment":[{"href":"https:\/\/wheelde.com\/pl\/wp-json\/wp\/v2\/media?parent=14009"}],"curies":[{"name":"wp","href":"https:\/\/api.w.org\/{rel}","templated":true}]}}