{"id":14236,"date":"2023-01-11T23:17:27","date_gmt":"2023-01-11T21:17:27","guid":{"rendered":"https:\/\/wheelde.com\/?page_id=14236"},"modified":"2025-06-27T06:54:29","modified_gmt":"2025-06-27T04:54:29","slug":"rolunk","status":"publish","type":"page","link":"https:\/\/wheelde.com\/hu\/rolunk\/","title":{"rendered":"R\u00f3lunk"},"content":{"rendered":"\t\t<div data-elementor-type=\"wp-page\" data-elementor-id=\"14236\" class=\"elementor elementor-14236 elementor-3820\">\n\t\t\t\t\t\t<section class=\"elementor-section elementor-top-section elementor-element elementor-element-2a54cc8 elementor-section-boxed elementor-section-height-default elementor-section-height-default\" data-id=\"2a54cc8\" data-element_type=\"section\" data-e-type=\"section\">\n\t\t\t\t\t\t<div class=\"elementor-container elementor-column-gap-default\">\n\t\t\t\t\t<div class=\"elementor-column elementor-col-100 elementor-top-column elementor-element elementor-element-552f89e\" data-id=\"552f89e\" data-element_type=\"column\" data-e-type=\"column\">\n\t\t\t<div class=\"elementor-widget-wrap elementor-element-populated\">\n\t\t\t\t\t\t<div class=\"elementor-element elementor-element-adfaae1 elementor-widget elementor-widget-text-editor\" data-id=\"adfaae1\" data-element_type=\"widget\" data-e-type=\"widget\" data-widget_type=\"text-editor.default\">\n\t\t\t\t<div class=\"elementor-widget-container\">\n\t\t\t\t\t\t\t\t\t<div class=\"ipWidget ipWidget-Heading ipSkin-default\">\n<h2 class=\"_title\">\u00dcdv\u00f6z\u00f6lj\u00fck a WheelDE-ben<\/h2>\n<\/div>\n<div class=\"ipWidget ipWidget-Text ipSkin-default\">\n<div class=\"ipsContainer\">\n\n<strong>\u00daJ SZOLG\u00c1LTAT\u00c1S\u00a0 \u2013 Szerz\u0151d\u00e9ses gy\u00e1rt\u00e1si szolg\u00e1ltat\u00e1sok az \u00d6n ig\u00e9nyeinek megfelel\u0151en.<\/strong>\n<ul>\n  <li>CNC megmunk\u00e1l\u00e1s\u00fa prec\u00edzi\u00f3s alkatr\u00e9szek<\/li>\n  <li>Mar\u00e1s<\/li>\n  <li>Eszterg\u00e1l\u00e1s<\/li>\n  <li>Tervez\u00e9s \u00e9s amp; Reverse Engineering<\/li>\n  <li>F\u00e9mlemez gy\u00e1rt\u00e1s<\/li>\n  <li>Hegesztett keretek<\/li>\n  <li>Porbevonat<\/li>\n  <li>Elektromos vezet\u00e9kek<\/li>\n  <li>\u00d6sszeszerel\u00e9s \u00e9s amp; Tesztel\u00e9s<\/li>\n  <li>Tiszta helyis\u00e9g \u00f6ssze\u00e1ll\u00edt\u00e1s<\/li>\n  <li>Ellen\u0151rz\u00e9s \u00e9s amp; Min\u0151s\u00e9gellen\u0151rz\u00e9s<\/li>\n  <li>Beszerz\u00e9s<\/li>\n<\/ul>\n<\/div>\n<\/div>\n<div class=\"ipWidget ipWidget-Text ipSkin-default\">\n<div class=\"ipsContainer\">\n\nNemzetk\u00f6zileg m\u0171k\u00f6d\u0151 kereskedelmi v\u00e1llalat vagyunk, glob\u00e1lisan h\u00e1l\u00f3zatba kapcsolva, \u00e9s az \u00d6n szak\u00e9rt\u0151 partnere vagyunk, ha j\u00f3l karbantartott, haszn\u00e1lt g\u00e9peket \u00e9s gy\u00e1rt\u00f3sorokat\/\u00fczemeket keres.\n\nSkandin\u00e1v, n\u00e9met, francia, lengyel, osztr\u00e1k, egyes\u00fclt kir\u00e1lys\u00e1gbeli, osztr\u00e1k stb. f\u00e9mfeldolgoz\u00f3 c\u00e9gekkel dolgozunk egy\u00fctt. Partnereink folyamatosan meg\u00faj\u00edtj\u00e1k a gy\u00e1rt\u00e1stechnol\u00f3gi\u00e1t, \u00e9s j\u00f3l karbantartott, haszn\u00e1lt g\u00e9peket \u00e9rt\u00e9kes\u00edtenek.\n\nHaszn\u00e1lt g\u00e9pek vagy sz\u00edv\u00f3sorok\/\u00fczemek k\u00f6zvetlen\u00fcl a felhaszn\u00e1l\u00f3t\u00f3l vagy rakt\u00e1runkb\u00f3l v\u00e1s\u00e1rolhat\u00f3k meg.\n\nTerm\u00e9kpalett\u00e1nk a k\u00f6vetkez\u0151ket tartalmazza:\n<ul>\n  <li>CNC megmunk\u00e1l\u00f3 k\u00f6zpontok, v\u00edzszintes<\/li>\n  <li>CNC megmunk\u00e1l\u00f3 k\u00f6zpontok, f\u00fcgg\u0151leges<\/li>\n  <li>CNC f\u00far\u00f3g\u00e9pek<\/li>\n  <li>CNC f\u00fcgg\u0151leges esztergag\u00e9pek<\/li>\n  <li>CNC esztergag\u00e9pek<\/li>\n  <li>CNC eszterga- \u00e9s mar\u00f3k\u00f6zpontok t\u00f6bb tengellyel<\/li>\n  <li>CNC hosszanti esztergag\u00e9pek<\/li>\n  <li>CNC l\u00e9zerv\u00e1g\u00f3 egys\u00e9gek<\/li>\n  <li>T\u00f6bbors\u00f3s automata esztergag\u00e9pek<\/li>\n  <li>Hagyom\u00e1nyos eszterga- \u00e9s mar\u00f3g\u00e9pek<\/li>\n  <li>Hosszra v\u00e1gott vonalak<\/li>\n  <li>M\u00e1s haszn\u00e1lt g\u00e9pek k\u00e9r\u00e9sre<\/li>\n  <li>Tartoz\u00e9kok v\u00e1g\u00e1si m\u0171veletekhez<\/li>\n<\/ul>\n&#8212; Gy\u00e1rt\u00f3sorok\/\u00fczemek&#8211;\n\n<\/div>\n<\/div>\n<div class=\"ipWidget ipWidget-Divider ipSkin-default\"><\/div>\n<div class=\"ipWidget ipWidget-Heading ipSkin-default\">\n<h3 class=\"_title\">Szolg\u00e1ltat\u00e1sunk<\/h3>\n<\/div>\n<div class=\"ipWidget ipWidget-Text ipSkin-default\">\n<div class=\"ipsContainer\"><\/div>\n<\/div>\n<div class=\"ipWidget ipWidget-Text ipSkin-default\">\n<div class=\"ipsContainer\">\n\n&#8211; G\u00e9p\/vonal\/\u00fczem \u00e9rt\u00e9kel\u00e9se \u00e9s marketingje\n&#8211; Szemrev\u00e9telez\u00e9ses ellen\u0151rz\u00e9s \u00e9s jelent\u00e9s\n&#8211; P\u00e9nz\u00fcgyi dokument\u00e1ci\u00f3\n&#8211; Sz\u00e9tszerel\u00e9s, sz\u00e1ll\u00edt\u00e1s el\u0151k\u00e9sz\u00edt\u00e9s\n&#8211; Telep\u00edt\u00e9s \u00e9s ind\u00edt\u00e1s\n\n<\/div>\n<\/div>\t\t\t\t\t\t\t\t<\/div>\n\t\t\t\t<\/div>\n\t\t\t\t\t<\/div>\n\t\t<\/div>\n\t\t\t\t\t<\/div>\n\t\t<\/section>\n\t\t\t\t<\/div>\n\t\t","protected":false},"excerpt":{"rendered":"<p>\u00dcdv\u00f6z\u00f6lj\u00fck a WheelDE-ben \u00daJ SZOLG\u00c1LTAT\u00c1S\u00a0 \u2013 Szerz\u0151d\u00e9ses gy\u00e1rt\u00e1si szolg\u00e1ltat\u00e1sok az \u00d6n ig\u00e9nyeinek megfelel\u0151en. CNC megmunk\u00e1l\u00e1s\u00fa prec\u00edzi\u00f3s alkatr\u00e9szek Mar\u00e1s Eszterg\u00e1l\u00e1s Tervez\u00e9s \u00e9s amp; Reverse Engineering F\u00e9mlemez gy\u00e1rt\u00e1s Hegesztett keretek Porbevonat Elektromos vezet\u00e9kek \u00d6sszeszerel\u00e9s \u00e9s amp; Tesztel\u00e9s Tiszta helyis\u00e9g \u00f6ssze\u00e1ll\u00edt\u00e1s Ellen\u0151rz\u00e9s \u00e9s amp; Min\u0151s\u00e9gellen\u0151rz\u00e9s Beszerz\u00e9s Nemzetk\u00f6zileg m\u0171k\u00f6d\u0151 kereskedelmi v\u00e1llalat vagyunk, glob\u00e1lisan h\u00e1l\u00f3zatba kapcsolva, \u00e9s az \u00d6n szak\u00e9rt\u0151 &hellip;<\/p>\n<p class=\"read-more\"> <a class=\"\" href=\"https:\/\/wheelde.com\/hu\/rolunk\/\"> <span class=\"screen-reader-text\">R\u00f3lunk<\/span> Read More &raquo;<\/a><\/p>\n","protected":false},"author":2,"featured_media":0,"parent":0,"menu_order":0,"comment_status":"closed","ping_status":"closed","template":"","meta":{"_acf_changed":false,"site-sidebar-layout":"default","site-content-layout":"default","ast-global-header-display":"","ast-main-header-display":"","ast-hfb-above-header-display":"","ast-hfb-below-header-display":"","ast-hfb-mobile-header-display":"","site-post-title":"","ast-breadcrumbs-content":"","ast-featured-img":"","footer-sml-layout":"","theme-transparent-header-meta":"default","adv-header-id-meta":"","stick-header-meta":"default","header-above-stick-meta":"","header-main-stick-meta":"","header-below-stick-meta":"","footnotes":""},"class_list":["post-14236","page","type-page","status-publish","hentry"],"acf":[],"yoast_head":"<title>Haszn\u00e1lt g\u00e9pek elad\u00e1sa, ipari berendez\u00e9sek v\u00e9tele CNC<\/title>\n<meta name=\"description\" content=\"Piact\u00e9r haszn\u00e1lt g\u00e9pek \u00e9s gy\u00e1ri berendez\u00e9sek elad\u00e1s\u00e1ra vagy v\u00e1s\u00e1rl\u00e1s\u00e1ra ipari szakemberek sz\u00e1m\u00e1ra. Adja hozz\u00e1 az elad\u00f3 felszerel\u00e9s\u00e9t ingyen.\" \/>\n<meta name=\"robots\" content=\"index, follow, max-snippet:-1, max-image-preview:large, max-video-preview:-1\" \/>\n<link rel=\"canonical\" href=\"https:\/\/wheelde.com\/hu\/rolunk\/\" \/>\n<meta property=\"og:locale\" content=\"hu_HU\" \/>\n<meta property=\"og:type\" content=\"article\" \/>\n<meta property=\"og:title\" content=\"Haszn\u00e1lt g\u00e9pek elad\u00e1sa, ipari berendez\u00e9sek v\u00e9tele CNC\" \/>\n<meta property=\"og:description\" content=\"Piact\u00e9r haszn\u00e1lt g\u00e9pek \u00e9s gy\u00e1ri berendez\u00e9sek elad\u00e1s\u00e1ra vagy v\u00e1s\u00e1rl\u00e1s\u00e1ra ipari szakemberek sz\u00e1m\u00e1ra. Adja hozz\u00e1 az elad\u00f3 felszerel\u00e9s\u00e9t ingyen.\" \/>\n<meta property=\"og:url\" content=\"https:\/\/wheelde.com\/hu\/rolunk\/\" \/>\n<meta property=\"og:site_name\" content=\"wheelde.com\" \/>\n<meta property=\"article:modified_time\" content=\"2025-06-27T04:54:29+00:00\" \/>\n<script type=\"application\/ld+json\" class=\"yoast-schema-graph\">{\"@context\":\"https:\\\/\\\/schema.org\",\"@graph\":[{\"@type\":\"WebPage\",\"@id\":\"https:\\\/\\\/wheelde.com\\\/hu\\\/rolunk\\\/\",\"url\":\"https:\\\/\\\/wheelde.com\\\/hu\\\/rolunk\\\/\",\"name\":\"Haszn\u00e1lt g\u00e9pek elad\u00e1sa, ipari berendez\u00e9sek v\u00e9tele CNC\",\"isPartOf\":{\"@id\":\"https:\\\/\\\/wheelde.com\\\/hu\\\/#website\"},\"datePublished\":\"2023-01-11T21:17:27+00:00\",\"dateModified\":\"2025-06-27T04:54:29+00:00\",\"description\":\"Piact\u00e9r haszn\u00e1lt g\u00e9pek \u00e9s gy\u00e1ri berendez\u00e9sek elad\u00e1s\u00e1ra vagy v\u00e1s\u00e1rl\u00e1s\u00e1ra ipari szakemberek sz\u00e1m\u00e1ra. Adja hozz\u00e1 az elad\u00f3 felszerel\u00e9s\u00e9t ingyen.\",\"breadcrumb\":{\"@id\":\"https:\\\/\\\/wheelde.com\\\/hu\\\/rolunk\\\/#breadcrumb\"},\"inLanguage\":\"hu\",\"potentialAction\":[{\"@type\":\"ReadAction\",\"target\":[\"https:\\\/\\\/wheelde.com\\\/hu\\\/rolunk\\\/\"]}]},{\"@type\":\"BreadcrumbList\",\"@id\":\"https:\\\/\\\/wheelde.com\\\/hu\\\/rolunk\\\/#breadcrumb\",\"itemListElement\":[{\"@type\":\"ListItem\",\"position\":1,\"name\":\"Home\",\"item\":\"https:\\\/\\\/wheelde.com\\\/hu\\\/\"},{\"@type\":\"ListItem\",\"position\":2,\"name\":\"R\u00f3lunk\"}]},{\"@type\":\"WebSite\",\"@id\":\"https:\\\/\\\/wheelde.com\\\/hu\\\/#website\",\"url\":\"https:\\\/\\\/wheelde.com\\\/hu\\\/\",\"name\":\"wheelde.com\",\"description\":\"Global B2B portal to find used production machines\",\"publisher\":{\"@id\":\"https:\\\/\\\/wheelde.com\\\/hu\\\/#organization\"},\"potentialAction\":[{\"@type\":\"SearchAction\",\"target\":{\"@type\":\"EntryPoint\",\"urlTemplate\":\"https:\\\/\\\/wheelde.com\\\/hu\\\/?s={search_term_string}\"},\"query-input\":{\"@type\":\"PropertyValueSpecification\",\"valueRequired\":true,\"valueName\":\"search_term_string\"}}],\"inLanguage\":\"hu\"},{\"@type\":\"Organization\",\"@id\":\"https:\\\/\\\/wheelde.com\\\/hu\\\/#organization\",\"name\":\"wheelde.com\",\"url\":\"https:\\\/\\\/wheelde.com\\\/hu\\\/\",\"logo\":{\"@type\":\"ImageObject\",\"inLanguage\":\"hu\",\"@id\":\"https:\\\/\\\/wheelde.com\\\/hu\\\/#\\\/schema\\\/logo\\\/image\\\/\",\"url\":\"https:\\\/\\\/wheelde.com\\\/wp-content\\\/uploads\\\/2024\\\/11\\\/logo1.webp\",\"contentUrl\":\"https:\\\/\\\/wheelde.com\\\/wp-content\\\/uploads\\\/2024\\\/11\\\/logo1.webp\",\"width\":408,\"height\":103,\"caption\":\"wheelde.com\"},\"image\":{\"@id\":\"https:\\\/\\\/wheelde.com\\\/hu\\\/#\\\/schema\\\/logo\\\/image\\\/\"}}]}<\/script>","yoast_head_json":{"title":"Haszn\u00e1lt g\u00e9pek elad\u00e1sa, ipari berendez\u00e9sek v\u00e9tele CNC","description":"Piact\u00e9r haszn\u00e1lt g\u00e9pek \u00e9s gy\u00e1ri berendez\u00e9sek elad\u00e1s\u00e1ra vagy v\u00e1s\u00e1rl\u00e1s\u00e1ra ipari szakemberek sz\u00e1m\u00e1ra. Adja hozz\u00e1 az elad\u00f3 felszerel\u00e9s\u00e9t ingyen.","robots":{"index":"index","follow":"follow","max-snippet":"max-snippet:-1","max-image-preview":"max-image-preview:large","max-video-preview":"max-video-preview:-1"},"canonical":"https:\/\/wheelde.com\/hu\/rolunk\/","og_locale":"hu_HU","og_type":"article","og_title":"Haszn\u00e1lt g\u00e9pek elad\u00e1sa, ipari berendez\u00e9sek v\u00e9tele CNC","og_description":"Piact\u00e9r haszn\u00e1lt g\u00e9pek \u00e9s gy\u00e1ri berendez\u00e9sek elad\u00e1s\u00e1ra vagy v\u00e1s\u00e1rl\u00e1s\u00e1ra ipari szakemberek sz\u00e1m\u00e1ra. Adja hozz\u00e1 az elad\u00f3 felszerel\u00e9s\u00e9t ingyen.","og_url":"https:\/\/wheelde.com\/hu\/rolunk\/","og_site_name":"wheelde.com","article_modified_time":"2025-06-27T04:54:29+00:00","schema":{"@context":"https:\/\/schema.org","@graph":[{"@type":"WebPage","@id":"https:\/\/wheelde.com\/hu\/rolunk\/","url":"https:\/\/wheelde.com\/hu\/rolunk\/","name":"Haszn\u00e1lt g\u00e9pek elad\u00e1sa, ipari berendez\u00e9sek v\u00e9tele CNC","isPartOf":{"@id":"https:\/\/wheelde.com\/hu\/#website"},"datePublished":"2023-01-11T21:17:27+00:00","dateModified":"2025-06-27T04:54:29+00:00","description":"Piact\u00e9r haszn\u00e1lt g\u00e9pek \u00e9s gy\u00e1ri berendez\u00e9sek elad\u00e1s\u00e1ra vagy v\u00e1s\u00e1rl\u00e1s\u00e1ra ipari szakemberek sz\u00e1m\u00e1ra. Adja hozz\u00e1 az elad\u00f3 felszerel\u00e9s\u00e9t ingyen.","breadcrumb":{"@id":"https:\/\/wheelde.com\/hu\/rolunk\/#breadcrumb"},"inLanguage":"hu","potentialAction":[{"@type":"ReadAction","target":["https:\/\/wheelde.com\/hu\/rolunk\/"]}]},{"@type":"BreadcrumbList","@id":"https:\/\/wheelde.com\/hu\/rolunk\/#breadcrumb","itemListElement":[{"@type":"ListItem","position":1,"name":"Home","item":"https:\/\/wheelde.com\/hu\/"},{"@type":"ListItem","position":2,"name":"R\u00f3lunk"}]},{"@type":"WebSite","@id":"https:\/\/wheelde.com\/hu\/#website","url":"https:\/\/wheelde.com\/hu\/","name":"wheelde.com","description":"Global B2B portal to find used production machines","publisher":{"@id":"https:\/\/wheelde.com\/hu\/#organization"},"potentialAction":[{"@type":"SearchAction","target":{"@type":"EntryPoint","urlTemplate":"https:\/\/wheelde.com\/hu\/?s={search_term_string}"},"query-input":{"@type":"PropertyValueSpecification","valueRequired":true,"valueName":"search_term_string"}}],"inLanguage":"hu"},{"@type":"Organization","@id":"https:\/\/wheelde.com\/hu\/#organization","name":"wheelde.com","url":"https:\/\/wheelde.com\/hu\/","logo":{"@type":"ImageObject","inLanguage":"hu","@id":"https:\/\/wheelde.com\/hu\/#\/schema\/logo\/image\/","url":"https:\/\/wheelde.com\/wp-content\/uploads\/2024\/11\/logo1.webp","contentUrl":"https:\/\/wheelde.com\/wp-content\/uploads\/2024\/11\/logo1.webp","width":408,"height":103,"caption":"wheelde.com"},"image":{"@id":"https:\/\/wheelde.com\/hu\/#\/schema\/logo\/image\/"}}]}},"_links":{"self":[{"href":"https:\/\/wheelde.com\/hu\/wp-json\/wp\/v2\/pages\/14236","targetHints":{"allow":["GET"]}}],"collection":[{"href":"https:\/\/wheelde.com\/hu\/wp-json\/wp\/v2\/pages"}],"about":[{"href":"https:\/\/wheelde.com\/hu\/wp-json\/wp\/v2\/types\/page"}],"author":[{"embeddable":true,"href":"https:\/\/wheelde.com\/hu\/wp-json\/wp\/v2\/users\/2"}],"replies":[{"embeddable":true,"href":"https:\/\/wheelde.com\/hu\/wp-json\/wp\/v2\/comments?post=14236"}],"version-history":[{"count":0,"href":"https:\/\/wheelde.com\/hu\/wp-json\/wp\/v2\/pages\/14236\/revisions"}],"wp:attachment":[{"href":"https:\/\/wheelde.com\/hu\/wp-json\/wp\/v2\/media?parent=14236"}],"curies":[{"name":"wp","href":"https:\/\/api.w.org\/{rel}","templated":true}]}}