{"id":14150,"date":"2023-01-11T23:17:49","date_gmt":"2023-01-11T21:17:49","guid":{"rendered":"https:\/\/wheelde.com\/?page_id=14150"},"modified":"2025-07-18T19:00:56","modified_gmt":"2025-07-18T17:00:56","slug":"services","status":"publish","type":"page","link":"https:\/\/wheelde.com\/fr\/services\/","title":{"rendered":"Services"},"content":{"rendered":"\t\t<div data-elementor-type=\"wp-page\" data-elementor-id=\"14150\" class=\"elementor elementor-14150 elementor-3822\">\n\t\t\t\t\t\t<section class=\"elementor-section elementor-top-section elementor-element elementor-element-bbe1457 elementor-section-boxed elementor-section-height-default elementor-section-height-default\" data-id=\"bbe1457\" data-element_type=\"section\" data-e-type=\"section\">\n\t\t\t\t\t\t<div class=\"elementor-container elementor-column-gap-default\">\n\t\t\t\t\t<div class=\"elementor-column elementor-col-100 elementor-top-column elementor-element elementor-element-55dbbc1\" data-id=\"55dbbc1\" data-element_type=\"column\" data-e-type=\"column\">\n\t\t\t<div class=\"elementor-widget-wrap elementor-element-populated\">\n\t\t\t\t\t\t<div class=\"elementor-element elementor-element-568d0ed elementor-widget elementor-widget-text-editor\" data-id=\"568d0ed\" data-element_type=\"widget\" data-e-type=\"widget\" data-widget_type=\"text-editor.default\">\n\t\t\t\t<div class=\"elementor-widget-container\">\n\t\t\t\t\t\t\t\t\t<div class=\"ipWidget ipWidget-Heading ipSkin-default\">\n<h3 class=\"_title\">Notre service<\/h3>\n<\/div>\n<div class=\"ipWidget ipWidget-Text ipSkin-default\">\n<div class=\"ipsContainer\"><\/div>\n<\/div>\n<div class=\"ipWidget ipWidget-Text ipSkin-default\">\n<div class=\"ipsContainer\">\n\n&#8211; \u00c9valuation et commercialisation de machines\/lignes\/installations\n<\/br>&#8211; Inspection visuelle et rapport\n<\/br>&#8211; Documentation financi\u00e8re\n<\/br>&#8211; D\u00e9montage et pr\u00e9paration du transport\n<\/br>&#8211; Installation et mise en service\n\n<\/div>\n<\/div>\t\t\t\t\t\t\t\t<\/div>\n\t\t\t\t<\/div>\n\t\t\t\t\t<\/div>\n\t\t<\/div>\n\t\t\t\t\t<\/div>\n\t\t<\/section>\n\t\t\t\t<\/div>\n\t\t","protected":false},"excerpt":{"rendered":"<p>Notre service &#8211; \u00c9valuation et commercialisation de machines\/lignes\/installations &#8211; Inspection visuelle et rapport &#8211; Documentation financi\u00e8re &#8211; D\u00e9montage et pr\u00e9paration du transport &#8211; Installation et mise en service<\/p>\n","protected":false},"author":2,"featured_media":0,"parent":0,"menu_order":0,"comment_status":"closed","ping_status":"closed","template":"","meta":{"_acf_changed":false,"site-sidebar-layout":"no-sidebar","site-content-layout":"page-builder","ast-global-header-display":"","ast-main-header-display":"","ast-hfb-above-header-display":"","ast-hfb-below-header-display":"","ast-hfb-mobile-header-display":"","site-post-title":"disabled","ast-breadcrumbs-content":"","ast-featured-img":"disabled","footer-sml-layout":"","theme-transparent-header-meta":"default","adv-header-id-meta":"","stick-header-meta":"default","header-above-stick-meta":"","header-main-stick-meta":"","header-below-stick-meta":"","footnotes":""},"class_list":["post-14150","page","type-page","status-publish","hentry"],"acf":[],"yoast_head":"<title>woodworking machines used in germany<\/title>\n<meta name=\"description\" content=\"Second-hand Woodworking Machinery: top class Woodworking Machinery regularly on offer I www.wheelde.com I used\" \/>\n<meta name=\"robots\" content=\"index, follow, max-snippet:-1, max-image-preview:large, max-video-preview:-1\" \/>\n<link rel=\"canonical\" href=\"https:\/\/wheelde.com\/fr\/services\/\" \/>\n<meta property=\"og:locale\" content=\"fr_FR\" \/>\n<meta property=\"og:type\" content=\"article\" \/>\n<meta property=\"og:title\" content=\"woodworking machines used in germany\" \/>\n<meta property=\"og:description\" content=\"Second-hand Woodworking Machinery: top class Woodworking Machinery regularly on offer I www.wheelde.com I used\" \/>\n<meta property=\"og:url\" content=\"https:\/\/wheelde.com\/fr\/services\/\" \/>\n<meta property=\"og:site_name\" content=\"wheelde.com\" \/>\n<meta property=\"article:modified_time\" content=\"2025-07-18T17:00:56+00:00\" \/>\n<script type=\"application\/ld+json\" class=\"yoast-schema-graph\">{\"@context\":\"https:\\\/\\\/schema.org\",\"@graph\":[{\"@type\":\"WebPage\",\"@id\":\"https:\\\/\\\/wheelde.com\\\/fr\\\/services\\\/\",\"url\":\"https:\\\/\\\/wheelde.com\\\/fr\\\/services\\\/\",\"name\":\"woodworking machines used in germany\",\"isPartOf\":{\"@id\":\"https:\\\/\\\/wheelde.com\\\/fr\\\/#website\"},\"datePublished\":\"2023-01-11T21:17:49+00:00\",\"dateModified\":\"2025-07-18T17:00:56+00:00\",\"description\":\"Second-hand Woodworking Machinery: top class Woodworking Machinery regularly on offer I www.wheelde.com I used\",\"breadcrumb\":{\"@id\":\"https:\\\/\\\/wheelde.com\\\/fr\\\/services\\\/#breadcrumb\"},\"inLanguage\":\"fr-FR\",\"potentialAction\":[{\"@type\":\"ReadAction\",\"target\":[\"https:\\\/\\\/wheelde.com\\\/fr\\\/services\\\/\"]}]},{\"@type\":\"BreadcrumbList\",\"@id\":\"https:\\\/\\\/wheelde.com\\\/fr\\\/services\\\/#breadcrumb\",\"itemListElement\":[{\"@type\":\"ListItem\",\"position\":1,\"name\":\"Home\",\"item\":\"https:\\\/\\\/wheelde.com\\\/fr\\\/\"},{\"@type\":\"ListItem\",\"position\":2,\"name\":\"Services\"}]},{\"@type\":\"WebSite\",\"@id\":\"https:\\\/\\\/wheelde.com\\\/fr\\\/#website\",\"url\":\"https:\\\/\\\/wheelde.com\\\/fr\\\/\",\"name\":\"wheelde.com\",\"description\":\"Global B2B portal to find used production machines\",\"publisher\":{\"@id\":\"https:\\\/\\\/wheelde.com\\\/fr\\\/#organization\"},\"potentialAction\":[{\"@type\":\"SearchAction\",\"target\":{\"@type\":\"EntryPoint\",\"urlTemplate\":\"https:\\\/\\\/wheelde.com\\\/fr\\\/?s={search_term_string}\"},\"query-input\":{\"@type\":\"PropertyValueSpecification\",\"valueRequired\":true,\"valueName\":\"search_term_string\"}}],\"inLanguage\":\"fr-FR\"},{\"@type\":\"Organization\",\"@id\":\"https:\\\/\\\/wheelde.com\\\/fr\\\/#organization\",\"name\":\"wheelde.com\",\"url\":\"https:\\\/\\\/wheelde.com\\\/fr\\\/\",\"logo\":{\"@type\":\"ImageObject\",\"inLanguage\":\"fr-FR\",\"@id\":\"https:\\\/\\\/wheelde.com\\\/fr\\\/#\\\/schema\\\/logo\\\/image\\\/\",\"url\":\"https:\\\/\\\/wheelde.com\\\/wp-content\\\/uploads\\\/2024\\\/11\\\/logo1.webp\",\"contentUrl\":\"https:\\\/\\\/wheelde.com\\\/wp-content\\\/uploads\\\/2024\\\/11\\\/logo1.webp\",\"width\":408,\"height\":103,\"caption\":\"wheelde.com\"},\"image\":{\"@id\":\"https:\\\/\\\/wheelde.com\\\/fr\\\/#\\\/schema\\\/logo\\\/image\\\/\"}}]}<\/script>","yoast_head_json":{"title":"woodworking machines used in germany","description":"Second-hand Woodworking Machinery: top class Woodworking Machinery regularly on offer I www.wheelde.com I used","robots":{"index":"index","follow":"follow","max-snippet":"max-snippet:-1","max-image-preview":"max-image-preview:large","max-video-preview":"max-video-preview:-1"},"canonical":"https:\/\/wheelde.com\/fr\/services\/","og_locale":"fr_FR","og_type":"article","og_title":"woodworking machines used in germany","og_description":"Second-hand Woodworking Machinery: top class Woodworking Machinery regularly on offer I www.wheelde.com I used","og_url":"https:\/\/wheelde.com\/fr\/services\/","og_site_name":"wheelde.com","article_modified_time":"2025-07-18T17:00:56+00:00","schema":{"@context":"https:\/\/schema.org","@graph":[{"@type":"WebPage","@id":"https:\/\/wheelde.com\/fr\/services\/","url":"https:\/\/wheelde.com\/fr\/services\/","name":"woodworking machines used in germany","isPartOf":{"@id":"https:\/\/wheelde.com\/fr\/#website"},"datePublished":"2023-01-11T21:17:49+00:00","dateModified":"2025-07-18T17:00:56+00:00","description":"Second-hand Woodworking Machinery: top class Woodworking Machinery regularly on offer I www.wheelde.com I used","breadcrumb":{"@id":"https:\/\/wheelde.com\/fr\/services\/#breadcrumb"},"inLanguage":"fr-FR","potentialAction":[{"@type":"ReadAction","target":["https:\/\/wheelde.com\/fr\/services\/"]}]},{"@type":"BreadcrumbList","@id":"https:\/\/wheelde.com\/fr\/services\/#breadcrumb","itemListElement":[{"@type":"ListItem","position":1,"name":"Home","item":"https:\/\/wheelde.com\/fr\/"},{"@type":"ListItem","position":2,"name":"Services"}]},{"@type":"WebSite","@id":"https:\/\/wheelde.com\/fr\/#website","url":"https:\/\/wheelde.com\/fr\/","name":"wheelde.com","description":"Global B2B portal to find used production machines","publisher":{"@id":"https:\/\/wheelde.com\/fr\/#organization"},"potentialAction":[{"@type":"SearchAction","target":{"@type":"EntryPoint","urlTemplate":"https:\/\/wheelde.com\/fr\/?s={search_term_string}"},"query-input":{"@type":"PropertyValueSpecification","valueRequired":true,"valueName":"search_term_string"}}],"inLanguage":"fr-FR"},{"@type":"Organization","@id":"https:\/\/wheelde.com\/fr\/#organization","name":"wheelde.com","url":"https:\/\/wheelde.com\/fr\/","logo":{"@type":"ImageObject","inLanguage":"fr-FR","@id":"https:\/\/wheelde.com\/fr\/#\/schema\/logo\/image\/","url":"https:\/\/wheelde.com\/wp-content\/uploads\/2024\/11\/logo1.webp","contentUrl":"https:\/\/wheelde.com\/wp-content\/uploads\/2024\/11\/logo1.webp","width":408,"height":103,"caption":"wheelde.com"},"image":{"@id":"https:\/\/wheelde.com\/fr\/#\/schema\/logo\/image\/"}}]}},"_links":{"self":[{"href":"https:\/\/wheelde.com\/fr\/wp-json\/wp\/v2\/pages\/14150","targetHints":{"allow":["GET"]}}],"collection":[{"href":"https:\/\/wheelde.com\/fr\/wp-json\/wp\/v2\/pages"}],"about":[{"href":"https:\/\/wheelde.com\/fr\/wp-json\/wp\/v2\/types\/page"}],"author":[{"embeddable":true,"href":"https:\/\/wheelde.com\/fr\/wp-json\/wp\/v2\/users\/2"}],"replies":[{"embeddable":true,"href":"https:\/\/wheelde.com\/fr\/wp-json\/wp\/v2\/comments?post=14150"}],"version-history":[{"count":0,"href":"https:\/\/wheelde.com\/fr\/wp-json\/wp\/v2\/pages\/14150\/revisions"}],"wp:attachment":[{"href":"https:\/\/wheelde.com\/fr\/wp-json\/wp\/v2\/media?parent=14150"}],"curies":[{"name":"wp","href":"https:\/\/api.w.org\/{rel}","templated":true}]}}