{"id":13995,"date":"2023-01-11T23:17:27","date_gmt":"2023-01-11T21:17:27","guid":{"rendered":"https:\/\/wheelde.com\/?page_id=13995"},"modified":"2025-07-18T20:43:13","modified_gmt":"2025-07-18T18:43:13","slug":"a-propos-de-nous","status":"publish","type":"page","link":"https:\/\/wheelde.com\/fr\/a-propos-de-nous\/","title":{"rendered":"\u00c0 propos de nous"},"content":{"rendered":"\t\t<div data-elementor-type=\"wp-page\" data-elementor-id=\"13995\" class=\"elementor elementor-13995 elementor-3820\">\n\t\t\t\t\t\t<section class=\"elementor-section elementor-top-section elementor-element elementor-element-2a54cc8 elementor-section-boxed elementor-section-height-default elementor-section-height-default\" data-id=\"2a54cc8\" data-element_type=\"section\" data-e-type=\"section\">\n\t\t\t\t\t\t<div class=\"elementor-container elementor-column-gap-default\">\n\t\t\t\t\t<div class=\"elementor-column elementor-col-100 elementor-top-column elementor-element elementor-element-552f89e\" data-id=\"552f89e\" data-element_type=\"column\" data-e-type=\"column\">\n\t\t\t<div class=\"elementor-widget-wrap elementor-element-populated\">\n\t\t\t\t\t\t<div class=\"elementor-element elementor-element-adfaae1 elementor-widget elementor-widget-text-editor\" data-id=\"adfaae1\" data-element_type=\"widget\" data-e-type=\"widget\" data-widget_type=\"text-editor.default\">\n\t\t\t\t<div class=\"elementor-widget-container\">\n\t\t\t\t\t\t\t\t\t<div class=\"ipWidget ipWidget-Heading ipSkin-default\">\n<h2 class=\"_title\">Bienvenue chez WheelDE<\/h2>\n<\/div>\n<div class=\"ipWidget ipWidget-Text ipSkin-default\">\n<div class=\"ipsContainer\">\n\n<strong>NOUVEAU SERVICE\u00a0 &#8211; Services de fabrication sous contrat adapt\u00e9s \u00e0 vos besoins. <\/strong>\n<ul>\n<li>Pi\u00e8ces de pr\u00e9cision usin\u00e9es CNC<\/li>\n<li>Fraisage<\/li>\n<li>Tournage<\/li>\n<li>Conception et r\u00e9tro-ing\u00e9nierie<\/li>\n<li>Fabrication de t\u00f4les<\/li>\n<li>Cadres soud\u00e9s<\/li>\n<li>Rev\u00eatement en poudre<\/li>\n<li>C\u00e2blage \u00e9lectrique<\/li>\n<li>Assemblage et test<\/li>\n<li>Assemblage en salle blanche<\/li>\n<li>Inspection et Contr\u00f4le qualit\u00e9<\/li>\n<li>Approvisionnement<\/li>\n<\/ul>\n<\/div>\n<\/div>\n<div class=\"ipWidget ipWidget-Text ipSkin-default\">\n<div class=\"ipsContainer\">\n\nNous sommes une soci\u00e9t\u00e9 commerciale internationale, en r\u00e9seau mondial, et nous sommes votre partenaire sp\u00e9cialis\u00e9 si vous recherchez des machines et des lignes\/installations de production d&#8217;occasion bien entretenues.\n\nNous travaillons avec des entreprises de transformation des m\u00e9taux scandinaves, allemandes, fran\u00e7aises, polonaises, autrichiennes, britanniques, etc. Nos partenaires renouvellent constamment leur technologie de production et vendent des machines d&#8217;occasion bien entretenues.\n\nLes machines ou lignes\/installations de production d&#8217;occasion peuvent \u00eatre achet\u00e9es directement aupr\u00e8s de l&#8217;utilisateur ou depuis notre entrep\u00f4t.\n\nNotre gamme de produits comprend\u00a0:\n<ul>\n<li>Centres d&#8217;usinage CNC horizontaux<\/li>\n<li>Centres d&#8217;usinage CNC verticaux<\/li>\n<li>Al\u00e9seuses CNC<\/li>\n<li>Tours verticaux CNC<\/li>\n<li>Tours CNC<\/li>\n<li>Centres de tournage et de fraisage CNC \u00e0 axes multiples<\/li>\n<li>Tours longitudinaux CNC<\/li>\n<li>Unit\u00e9s de d\u00e9coupe laser CNC<\/li>\n<li>Tours automatiques multibroches<\/li>\n<li>Tours et fraiseuses conventionnels<\/li>\n<li>Lignes de coupe \u00e0 longueur<\/li>\n<li>Autres machines d&#8217;occasion sur demande<\/li>\n<li>Accessoires pour op\u00e9rations de coupe<\/li>\n<\/ul>\n&#8212; Lignes\/installations de production&#8211;\n\n<\/div>\n<\/div>\n<div class=\"ipWidget ipWidget-Divider ipSkin-default\"><\/div>\n<div class=\"ipWidget ipWidget-Heading ipSkin-default\">\n<h3 class=\"_title\">Notre service<\/h3>\n<\/div>\n<div class=\"ipWidget ipWidget-Text ipSkin-default\">\n<div class=\"ipsContainer\"><\/div>\n<\/div>\n<div class=\"ipWidget ipWidget-Text ipSkin-default\">\n<div class=\"ipsContainer\">\n\n&#8211; \u00c9valuation et commercialisation de machines\/lignes\/installations\n&#8211; Inspection visuelle et rapport\n&#8211; Documentation financi\u00e8re\n&#8211; D\u00e9montage et pr\u00e9paration du transport\n&#8211; Installation et mise en service\n\n<\/div>\n<\/div>\t\t\t\t\t\t\t\t<\/div>\n\t\t\t\t<\/div>\n\t\t\t\t\t<\/div>\n\t\t<\/div>\n\t\t\t\t\t<\/div>\n\t\t<\/section>\n\t\t\t\t<\/div>\n\t\t","protected":false},"excerpt":{"rendered":"<p>Bienvenue chez WheelDE NOUVEAU SERVICE\u00a0 &#8211; Services de fabrication sous contrat adapt\u00e9s \u00e0 vos besoins. Pi\u00e8ces de pr\u00e9cision usin\u00e9es CNC Fraisage Tournage Conception et r\u00e9tro-ing\u00e9nierie Fabrication de t\u00f4les Cadres soud\u00e9s Rev\u00eatement en poudre C\u00e2blage \u00e9lectrique Assemblage et test Assemblage en salle blanche Inspection et Contr\u00f4le qualit\u00e9 Approvisionnement Nous sommes une soci\u00e9t\u00e9 commerciale internationale, en r\u00e9seau &hellip;<\/p>\n<p class=\"read-more\"> <a class=\"\" href=\"https:\/\/wheelde.com\/fr\/a-propos-de-nous\/\"> <span class=\"screen-reader-text\">\u00c0 propos de nous<\/span> Lire la suite\u00a0\u00bb<\/a><\/p>\n","protected":false},"author":2,"featured_media":0,"parent":0,"menu_order":0,"comment_status":"closed","ping_status":"closed","template":"","meta":{"_acf_changed":false,"site-sidebar-layout":"default","site-content-layout":"default","ast-global-header-display":"","ast-main-header-display":"","ast-hfb-above-header-display":"","ast-hfb-below-header-display":"","ast-hfb-mobile-header-display":"","site-post-title":"","ast-breadcrumbs-content":"","ast-featured-img":"","footer-sml-layout":"","theme-transparent-header-meta":"default","adv-header-id-meta":"","stick-header-meta":"default","header-above-stick-meta":"","header-main-stick-meta":"","header-below-stick-meta":"","footnotes":""},"class_list":["post-13995","page","type-page","status-publish","hentry"],"acf":[],"yoast_head":"<title>Machines d&#039;occasion \u00e0 vendre, achat vente<\/title>\n<meta name=\"description\" content=\"Place de march\u00e9 d\u00e9di\u00e9e aux entreprises industrielles et dont l&#039;objectif est de faciliter la vente et l&#039;achat d&#039;\u00e9quipements industriels\" \/>\n<meta name=\"robots\" content=\"index, follow, max-snippet:-1, max-image-preview:large, max-video-preview:-1\" \/>\n<link rel=\"canonical\" href=\"https:\/\/wheelde.com\/fr\/a-propos-de-nous\/\" \/>\n<meta property=\"og:locale\" content=\"fr_FR\" \/>\n<meta property=\"og:type\" content=\"article\" \/>\n<meta property=\"og:title\" content=\"Machines d&#039;occasion \u00e0 vendre, achat vente\" \/>\n<meta property=\"og:description\" content=\"Place de march\u00e9 d\u00e9di\u00e9e aux entreprises industrielles et dont l&#039;objectif est de faciliter la vente et l&#039;achat d&#039;\u00e9quipements industriels\" \/>\n<meta property=\"og:url\" content=\"https:\/\/wheelde.com\/fr\/a-propos-de-nous\/\" \/>\n<meta property=\"og:site_name\" content=\"wheelde.com\" \/>\n<meta property=\"article:modified_time\" content=\"2025-07-18T18:43:13+00:00\" \/>\n<script type=\"application\/ld+json\" class=\"yoast-schema-graph\">{\"@context\":\"https:\\\/\\\/schema.org\",\"@graph\":[{\"@type\":\"WebPage\",\"@id\":\"https:\\\/\\\/wheelde.com\\\/fr\\\/a-propos-de-nous\\\/\",\"url\":\"https:\\\/\\\/wheelde.com\\\/fr\\\/a-propos-de-nous\\\/\",\"name\":\"Machines d'occasion \u00e0 vendre, achat vente\",\"isPartOf\":{\"@id\":\"https:\\\/\\\/wheelde.com\\\/fr\\\/#website\"},\"datePublished\":\"2023-01-11T21:17:27+00:00\",\"dateModified\":\"2025-07-18T18:43:13+00:00\",\"description\":\"Place de march\u00e9 d\u00e9di\u00e9e aux entreprises industrielles et dont l'objectif est de faciliter la vente et l'achat d'\u00e9quipements industriels\",\"breadcrumb\":{\"@id\":\"https:\\\/\\\/wheelde.com\\\/fr\\\/a-propos-de-nous\\\/#breadcrumb\"},\"inLanguage\":\"fr-FR\",\"potentialAction\":[{\"@type\":\"ReadAction\",\"target\":[\"https:\\\/\\\/wheelde.com\\\/fr\\\/a-propos-de-nous\\\/\"]}]},{\"@type\":\"BreadcrumbList\",\"@id\":\"https:\\\/\\\/wheelde.com\\\/fr\\\/a-propos-de-nous\\\/#breadcrumb\",\"itemListElement\":[{\"@type\":\"ListItem\",\"position\":1,\"name\":\"Home\",\"item\":\"https:\\\/\\\/wheelde.com\\\/fr\\\/\"},{\"@type\":\"ListItem\",\"position\":2,\"name\":\"\u00c0 propos de nous\"}]},{\"@type\":\"WebSite\",\"@id\":\"https:\\\/\\\/wheelde.com\\\/fr\\\/#website\",\"url\":\"https:\\\/\\\/wheelde.com\\\/fr\\\/\",\"name\":\"wheelde.com\",\"description\":\"Global B2B portal to find used production machines\",\"publisher\":{\"@id\":\"https:\\\/\\\/wheelde.com\\\/fr\\\/#organization\"},\"potentialAction\":[{\"@type\":\"SearchAction\",\"target\":{\"@type\":\"EntryPoint\",\"urlTemplate\":\"https:\\\/\\\/wheelde.com\\\/fr\\\/?s={search_term_string}\"},\"query-input\":{\"@type\":\"PropertyValueSpecification\",\"valueRequired\":true,\"valueName\":\"search_term_string\"}}],\"inLanguage\":\"fr-FR\"},{\"@type\":\"Organization\",\"@id\":\"https:\\\/\\\/wheelde.com\\\/fr\\\/#organization\",\"name\":\"wheelde.com\",\"url\":\"https:\\\/\\\/wheelde.com\\\/fr\\\/\",\"logo\":{\"@type\":\"ImageObject\",\"inLanguage\":\"fr-FR\",\"@id\":\"https:\\\/\\\/wheelde.com\\\/fr\\\/#\\\/schema\\\/logo\\\/image\\\/\",\"url\":\"https:\\\/\\\/wheelde.com\\\/wp-content\\\/uploads\\\/2024\\\/11\\\/logo1.webp\",\"contentUrl\":\"https:\\\/\\\/wheelde.com\\\/wp-content\\\/uploads\\\/2024\\\/11\\\/logo1.webp\",\"width\":408,\"height\":103,\"caption\":\"wheelde.com\"},\"image\":{\"@id\":\"https:\\\/\\\/wheelde.com\\\/fr\\\/#\\\/schema\\\/logo\\\/image\\\/\"}}]}<\/script>","yoast_head_json":{"title":"Machines d'occasion \u00e0 vendre, achat vente","description":"Place de march\u00e9 d\u00e9di\u00e9e aux entreprises industrielles et dont l'objectif est de faciliter la vente et l'achat d'\u00e9quipements industriels","robots":{"index":"index","follow":"follow","max-snippet":"max-snippet:-1","max-image-preview":"max-image-preview:large","max-video-preview":"max-video-preview:-1"},"canonical":"https:\/\/wheelde.com\/fr\/a-propos-de-nous\/","og_locale":"fr_FR","og_type":"article","og_title":"Machines d'occasion \u00e0 vendre, achat vente","og_description":"Place de march\u00e9 d\u00e9di\u00e9e aux entreprises industrielles et dont l'objectif est de faciliter la vente et l'achat d'\u00e9quipements industriels","og_url":"https:\/\/wheelde.com\/fr\/a-propos-de-nous\/","og_site_name":"wheelde.com","article_modified_time":"2025-07-18T18:43:13+00:00","schema":{"@context":"https:\/\/schema.org","@graph":[{"@type":"WebPage","@id":"https:\/\/wheelde.com\/fr\/a-propos-de-nous\/","url":"https:\/\/wheelde.com\/fr\/a-propos-de-nous\/","name":"Machines d'occasion \u00e0 vendre, achat vente","isPartOf":{"@id":"https:\/\/wheelde.com\/fr\/#website"},"datePublished":"2023-01-11T21:17:27+00:00","dateModified":"2025-07-18T18:43:13+00:00","description":"Place de march\u00e9 d\u00e9di\u00e9e aux entreprises industrielles et dont l'objectif est de faciliter la vente et l'achat d'\u00e9quipements industriels","breadcrumb":{"@id":"https:\/\/wheelde.com\/fr\/a-propos-de-nous\/#breadcrumb"},"inLanguage":"fr-FR","potentialAction":[{"@type":"ReadAction","target":["https:\/\/wheelde.com\/fr\/a-propos-de-nous\/"]}]},{"@type":"BreadcrumbList","@id":"https:\/\/wheelde.com\/fr\/a-propos-de-nous\/#breadcrumb","itemListElement":[{"@type":"ListItem","position":1,"name":"Home","item":"https:\/\/wheelde.com\/fr\/"},{"@type":"ListItem","position":2,"name":"\u00c0 propos de nous"}]},{"@type":"WebSite","@id":"https:\/\/wheelde.com\/fr\/#website","url":"https:\/\/wheelde.com\/fr\/","name":"wheelde.com","description":"Global B2B portal to find used production machines","publisher":{"@id":"https:\/\/wheelde.com\/fr\/#organization"},"potentialAction":[{"@type":"SearchAction","target":{"@type":"EntryPoint","urlTemplate":"https:\/\/wheelde.com\/fr\/?s={search_term_string}"},"query-input":{"@type":"PropertyValueSpecification","valueRequired":true,"valueName":"search_term_string"}}],"inLanguage":"fr-FR"},{"@type":"Organization","@id":"https:\/\/wheelde.com\/fr\/#organization","name":"wheelde.com","url":"https:\/\/wheelde.com\/fr\/","logo":{"@type":"ImageObject","inLanguage":"fr-FR","@id":"https:\/\/wheelde.com\/fr\/#\/schema\/logo\/image\/","url":"https:\/\/wheelde.com\/wp-content\/uploads\/2024\/11\/logo1.webp","contentUrl":"https:\/\/wheelde.com\/wp-content\/uploads\/2024\/11\/logo1.webp","width":408,"height":103,"caption":"wheelde.com"},"image":{"@id":"https:\/\/wheelde.com\/fr\/#\/schema\/logo\/image\/"}}]}},"_links":{"self":[{"href":"https:\/\/wheelde.com\/fr\/wp-json\/wp\/v2\/pages\/13995","targetHints":{"allow":["GET"]}}],"collection":[{"href":"https:\/\/wheelde.com\/fr\/wp-json\/wp\/v2\/pages"}],"about":[{"href":"https:\/\/wheelde.com\/fr\/wp-json\/wp\/v2\/types\/page"}],"author":[{"embeddable":true,"href":"https:\/\/wheelde.com\/fr\/wp-json\/wp\/v2\/users\/2"}],"replies":[{"embeddable":true,"href":"https:\/\/wheelde.com\/fr\/wp-json\/wp\/v2\/comments?post=13995"}],"version-history":[{"count":0,"href":"https:\/\/wheelde.com\/fr\/wp-json\/wp\/v2\/pages\/13995\/revisions"}],"wp:attachment":[{"href":"https:\/\/wheelde.com\/fr\/wp-json\/wp\/v2\/media?parent=13995"}],"curies":[{"name":"wp","href":"https:\/\/api.w.org\/{rel}","templated":true}]}}