{"id":7527,"date":"2022-12-10T13:07:36","date_gmt":"2022-12-10T11:07:36","guid":{"rendered":"https:\/\/wheelde.com\/machines-search-results\/"},"modified":"2023-02-15T13:54:37","modified_gmt":"2023-02-15T13:54:37","slug":"resultados-de-busqueda-de-maquinas","status":"publish","type":"page","link":"https:\/\/wheelde.com\/es\/resultados-de-busqueda-de-maquinas\/","title":{"rendered":"Resultados de b\u00fasqueda de m\u00e1quinas"},"content":{"rendered":"<div class='weblt-machines'><div class='clear'>Resultados de b\u00fasqueda por palabra clave: <b><\/b><br\/>Total de elementos encontrados: <b>0<\/b><br\/><\/div><\/br><\/br><div class='break'><\/div><div class='weblt-container'><div class='machines-list grid-row'><\/div><\/div><\/div>\n","protected":false},"excerpt":{"rendered":"","protected":false},"author":1,"featured_media":0,"parent":0,"menu_order":0,"comment_status":"closed","ping_status":"closed","template":"","meta":{"_acf_changed":false,"site-sidebar-layout":"default","site-content-layout":"default","ast-global-header-display":"","ast-main-header-display":"","ast-hfb-above-header-display":"","ast-hfb-below-header-display":"","ast-hfb-mobile-header-display":"","site-post-title":"","ast-breadcrumbs-content":"","ast-featured-img":"","footer-sml-layout":"","theme-transparent-header-meta":"default","adv-header-id-meta":"","stick-header-meta":"default","header-above-stick-meta":"","header-main-stick-meta":"","header-below-stick-meta":"","footnotes":""},"class_list":["post-7527","page","type-page","status-publish","hentry"],"acf":[],"yoast_head":"<title>Resultados de b\u00fasqueda de m\u00e1quinas - wheelde.com<\/title>\n<meta name=\"robots\" content=\"index, follow, max-snippet:-1, max-image-preview:large, max-video-preview:-1\" \/>\n<link rel=\"canonical\" href=\"https:\/\/wheelde.com\/es\/resultados-de-busqueda-de-maquinas\/\" \/>\n<meta property=\"og:locale\" content=\"es_ES\" \/>\n<meta property=\"og:type\" content=\"article\" \/>\n<meta property=\"og:title\" content=\"Resultados de b\u00fasqueda de m\u00e1quinas - wheelde.com\" \/>\n<meta property=\"og:url\" content=\"https:\/\/wheelde.com\/es\/resultados-de-busqueda-de-maquinas\/\" \/>\n<meta property=\"og:site_name\" content=\"wheelde.com\" \/>\n<meta property=\"article:modified_time\" content=\"2023-02-15T13:54:37+00:00\" \/>\n<script type=\"application\/ld+json\" class=\"yoast-schema-graph\">{\"@context\":\"https:\\\/\\\/schema.org\",\"@graph\":[{\"@type\":\"WebPage\",\"@id\":\"https:\\\/\\\/wheelde.com\\\/es\\\/resultados-de-busqueda-de-maquinas\\\/\",\"url\":\"https:\\\/\\\/wheelde.com\\\/es\\\/resultados-de-busqueda-de-maquinas\\\/\",\"name\":\"Resultados de b\u00fasqueda de m\u00e1quinas - wheelde.com\",\"isPartOf\":{\"@id\":\"https:\\\/\\\/wheelde.com\\\/es\\\/#website\"},\"datePublished\":\"2022-12-10T11:07:36+00:00\",\"dateModified\":\"2023-02-15T13:54:37+00:00\",\"breadcrumb\":{\"@id\":\"https:\\\/\\\/wheelde.com\\\/es\\\/resultados-de-busqueda-de-maquinas\\\/#breadcrumb\"},\"inLanguage\":\"es\",\"potentialAction\":[{\"@type\":\"ReadAction\",\"target\":[\"https:\\\/\\\/wheelde.com\\\/es\\\/resultados-de-busqueda-de-maquinas\\\/\"]}]},{\"@type\":\"BreadcrumbList\",\"@id\":\"https:\\\/\\\/wheelde.com\\\/es\\\/resultados-de-busqueda-de-maquinas\\\/#breadcrumb\",\"itemListElement\":[{\"@type\":\"ListItem\",\"position\":1,\"name\":\"Home\",\"item\":\"https:\\\/\\\/wheelde.com\\\/es\\\/\"},{\"@type\":\"ListItem\",\"position\":2,\"name\":\"Resultados de b\u00fasqueda de m\u00e1quinas\"}]},{\"@type\":\"WebSite\",\"@id\":\"https:\\\/\\\/wheelde.com\\\/es\\\/#website\",\"url\":\"https:\\\/\\\/wheelde.com\\\/es\\\/\",\"name\":\"wheelde.com\",\"description\":\"Portal B2B global para encontrar m\u00e1quinas de producci\u00f3n usadas\",\"publisher\":{\"@id\":\"https:\\\/\\\/wheelde.com\\\/es\\\/#organization\"},\"potentialAction\":[{\"@type\":\"SearchAction\",\"target\":{\"@type\":\"EntryPoint\",\"urlTemplate\":\"https:\\\/\\\/wheelde.com\\\/es\\\/?s={search_term_string}\"},\"query-input\":{\"@type\":\"PropertyValueSpecification\",\"valueRequired\":true,\"valueName\":\"search_term_string\"}}],\"inLanguage\":\"es\"},{\"@type\":\"Organization\",\"@id\":\"https:\\\/\\\/wheelde.com\\\/es\\\/#organization\",\"name\":\"wheelde.com\",\"url\":\"https:\\\/\\\/wheelde.com\\\/es\\\/\",\"logo\":{\"@type\":\"ImageObject\",\"inLanguage\":\"es\",\"@id\":\"https:\\\/\\\/wheelde.com\\\/es\\\/#\\\/schema\\\/logo\\\/image\\\/\",\"url\":\"https:\\\/\\\/wheelde.com\\\/wp-content\\\/uploads\\\/2024\\\/11\\\/logo1.webp\",\"contentUrl\":\"https:\\\/\\\/wheelde.com\\\/wp-content\\\/uploads\\\/2024\\\/11\\\/logo1.webp\",\"width\":408,\"height\":103,\"caption\":\"wheelde.com\"},\"image\":{\"@id\":\"https:\\\/\\\/wheelde.com\\\/es\\\/#\\\/schema\\\/logo\\\/image\\\/\"}}]}<\/script>","yoast_head_json":{"title":"Resultados de b\u00fasqueda de m\u00e1quinas - wheelde.com","robots":{"index":"index","follow":"follow","max-snippet":"max-snippet:-1","max-image-preview":"max-image-preview:large","max-video-preview":"max-video-preview:-1"},"canonical":"https:\/\/wheelde.com\/es\/resultados-de-busqueda-de-maquinas\/","og_locale":"es_ES","og_type":"article","og_title":"Resultados de b\u00fasqueda de m\u00e1quinas - wheelde.com","og_url":"https:\/\/wheelde.com\/es\/resultados-de-busqueda-de-maquinas\/","og_site_name":"wheelde.com","article_modified_time":"2023-02-15T13:54:37+00:00","schema":{"@context":"https:\/\/schema.org","@graph":[{"@type":"WebPage","@id":"https:\/\/wheelde.com\/es\/resultados-de-busqueda-de-maquinas\/","url":"https:\/\/wheelde.com\/es\/resultados-de-busqueda-de-maquinas\/","name":"Resultados de b\u00fasqueda de m\u00e1quinas - wheelde.com","isPartOf":{"@id":"https:\/\/wheelde.com\/es\/#website"},"datePublished":"2022-12-10T11:07:36+00:00","dateModified":"2023-02-15T13:54:37+00:00","breadcrumb":{"@id":"https:\/\/wheelde.com\/es\/resultados-de-busqueda-de-maquinas\/#breadcrumb"},"inLanguage":"es","potentialAction":[{"@type":"ReadAction","target":["https:\/\/wheelde.com\/es\/resultados-de-busqueda-de-maquinas\/"]}]},{"@type":"BreadcrumbList","@id":"https:\/\/wheelde.com\/es\/resultados-de-busqueda-de-maquinas\/#breadcrumb","itemListElement":[{"@type":"ListItem","position":1,"name":"Home","item":"https:\/\/wheelde.com\/es\/"},{"@type":"ListItem","position":2,"name":"Resultados de b\u00fasqueda de m\u00e1quinas"}]},{"@type":"WebSite","@id":"https:\/\/wheelde.com\/es\/#website","url":"https:\/\/wheelde.com\/es\/","name":"wheelde.com","description":"Portal B2B global para encontrar m\u00e1quinas de producci\u00f3n usadas","publisher":{"@id":"https:\/\/wheelde.com\/es\/#organization"},"potentialAction":[{"@type":"SearchAction","target":{"@type":"EntryPoint","urlTemplate":"https:\/\/wheelde.com\/es\/?s={search_term_string}"},"query-input":{"@type":"PropertyValueSpecification","valueRequired":true,"valueName":"search_term_string"}}],"inLanguage":"es"},{"@type":"Organization","@id":"https:\/\/wheelde.com\/es\/#organization","name":"wheelde.com","url":"https:\/\/wheelde.com\/es\/","logo":{"@type":"ImageObject","inLanguage":"es","@id":"https:\/\/wheelde.com\/es\/#\/schema\/logo\/image\/","url":"https:\/\/wheelde.com\/wp-content\/uploads\/2024\/11\/logo1.webp","contentUrl":"https:\/\/wheelde.com\/wp-content\/uploads\/2024\/11\/logo1.webp","width":408,"height":103,"caption":"wheelde.com"},"image":{"@id":"https:\/\/wheelde.com\/es\/#\/schema\/logo\/image\/"}}]}},"_links":{"self":[{"href":"https:\/\/wheelde.com\/es\/wp-json\/wp\/v2\/pages\/7527","targetHints":{"allow":["GET"]}}],"collection":[{"href":"https:\/\/wheelde.com\/es\/wp-json\/wp\/v2\/pages"}],"about":[{"href":"https:\/\/wheelde.com\/es\/wp-json\/wp\/v2\/types\/page"}],"author":[{"embeddable":true,"href":"https:\/\/wheelde.com\/es\/wp-json\/wp\/v2\/users\/1"}],"replies":[{"embeddable":true,"href":"https:\/\/wheelde.com\/es\/wp-json\/wp\/v2\/comments?post=7527"}],"version-history":[{"count":0,"href":"https:\/\/wheelde.com\/es\/wp-json\/wp\/v2\/pages\/7527\/revisions"}],"wp:attachment":[{"href":"https:\/\/wheelde.com\/es\/wp-json\/wp\/v2\/media?parent=7527"}],"curies":[{"name":"wp","href":"https:\/\/api.w.org\/{rel}","templated":true}]}}