{"id":14149,"date":"2023-01-11T23:17:49","date_gmt":"2023-01-11T21:17:49","guid":{"rendered":"https:\/\/wheelde.com\/?page_id=14149"},"modified":"2025-07-18T19:03:15","modified_gmt":"2025-07-18T17:03:15","slug":"sluzby","status":"publish","type":"page","link":"https:\/\/wheelde.com\/cs\/sluzby\/","title":{"rendered":"Slu\u017eby"},"content":{"rendered":"\t\t<div data-elementor-type=\"wp-page\" data-elementor-id=\"14149\" class=\"elementor elementor-14149 elementor-3822\">\n\t\t\t\t\t\t<section class=\"elementor-section elementor-top-section elementor-element elementor-element-bbe1457 elementor-section-boxed elementor-section-height-default elementor-section-height-default\" data-id=\"bbe1457\" data-element_type=\"section\" data-e-type=\"section\">\n\t\t\t\t\t\t<div class=\"elementor-container elementor-column-gap-default\">\n\t\t\t\t\t<div class=\"elementor-column elementor-col-100 elementor-top-column elementor-element elementor-element-55dbbc1\" data-id=\"55dbbc1\" data-element_type=\"column\" data-e-type=\"column\">\n\t\t\t<div class=\"elementor-widget-wrap elementor-element-populated\">\n\t\t\t\t\t\t<div class=\"elementor-element elementor-element-568d0ed elementor-widget elementor-widget-text-editor\" data-id=\"568d0ed\" data-element_type=\"widget\" data-e-type=\"widget\" data-widget_type=\"text-editor.default\">\n\t\t\t\t<div class=\"elementor-widget-container\">\n\t\t\t\t\t\t\t\t\t<div class=\"ipWidget ipWidget-Heading ipSkin-default\">\n<h3 class=\"_title\">Na\u0161e slu\u017eba<\/h3>\n<\/div>\n<div class=\"ipWidget ipWidget-Text ipSkin-default\">\n<div class=\"ipsContainer\"><\/div>\n<\/div>\n<div class=\"ipWidget ipWidget-Text ipSkin-default\">\n<div class=\"ipsContainer\">\n\n&#8211; Hodnocen\u00ed a marketing stroj\u016f\/linky\/za\u0159\u00edzen\u00ed\n<\/br>&#8211; Vizu\u00e1ln\u00ed kontrola a zpr\u00e1va\n<\/br>&#8211; Finan\u010dn\u00ed dokumentace\n<\/br>&#8211; Demont\u00e1\u017e a p\u0159\u00edprava transportu\n<\/br>&#8211; Instalace a spu\u0161t\u011bn\u00ed\n\n<\/div>\n<\/div>\t\t\t\t\t\t\t\t<\/div>\n\t\t\t\t<\/div>\n\t\t\t\t\t<\/div>\n\t\t<\/div>\n\t\t\t\t\t<\/div>\n\t\t<\/section>\n\t\t\t\t<\/div>\n\t\t","protected":false},"excerpt":{"rendered":"<p>Na\u0161e slu\u017eba &#8211; Hodnocen\u00ed a marketing stroj\u016f\/linky\/za\u0159\u00edzen\u00ed &#8211; Vizu\u00e1ln\u00ed kontrola a zpr\u00e1va &#8211; Finan\u010dn\u00ed dokumentace &#8211; Demont\u00e1\u017e a p\u0159\u00edprava transportu &#8211; Instalace a spu\u0161t\u011bn\u00ed<\/p>\n","protected":false},"author":2,"featured_media":0,"parent":0,"menu_order":0,"comment_status":"closed","ping_status":"closed","template":"","meta":{"_acf_changed":false,"site-sidebar-layout":"no-sidebar","site-content-layout":"page-builder","ast-global-header-display":"","ast-main-header-display":"","ast-hfb-above-header-display":"","ast-hfb-below-header-display":"","ast-hfb-mobile-header-display":"","site-post-title":"disabled","ast-breadcrumbs-content":"","ast-featured-img":"disabled","footer-sml-layout":"","theme-transparent-header-meta":"default","adv-header-id-meta":"","stick-header-meta":"default","header-above-stick-meta":"","header-main-stick-meta":"","header-below-stick-meta":"","footnotes":""},"class_list":["post-14149","page","type-page","status-publish","hentry"],"acf":[],"yoast_head":"<title>Used machines buy &amp; sell<\/title>\n<meta name=\"description\" content=\"Buy \/ Sell used machines ex stock from your dealer \u221a Metal, Wood, Textile &amp; Plastic \u221a Used machinery dealers in Germany\" \/>\n<meta name=\"robots\" content=\"index, follow, max-snippet:-1, max-image-preview:large, max-video-preview:-1\" \/>\n<link rel=\"canonical\" href=\"https:\/\/wheelde.com\/cs\/sluzby\/\" \/>\n<meta property=\"og:locale\" content=\"cs_CZ\" \/>\n<meta property=\"og:type\" content=\"article\" \/>\n<meta property=\"og:title\" content=\"Used machines buy &amp; sell\" \/>\n<meta property=\"og:description\" content=\"Buy \/ Sell used machines ex stock from your dealer \u221a Metal, Wood, Textile &amp; Plastic \u221a Used machinery dealers in Germany\" \/>\n<meta property=\"og:url\" content=\"https:\/\/wheelde.com\/cs\/sluzby\/\" \/>\n<meta property=\"og:site_name\" content=\"wheelde.com\" \/>\n<meta property=\"article:modified_time\" content=\"2025-07-18T17:03:15+00:00\" \/>\n<script type=\"application\/ld+json\" class=\"yoast-schema-graph\">{\"@context\":\"https:\\\/\\\/schema.org\",\"@graph\":[{\"@type\":\"WebPage\",\"@id\":\"https:\\\/\\\/wheelde.com\\\/cs\\\/sluzby\\\/\",\"url\":\"https:\\\/\\\/wheelde.com\\\/cs\\\/sluzby\\\/\",\"name\":\"Used machines buy & sell\",\"isPartOf\":{\"@id\":\"https:\\\/\\\/wheelde.com\\\/cs\\\/#website\"},\"datePublished\":\"2023-01-11T21:17:49+00:00\",\"dateModified\":\"2025-07-18T17:03:15+00:00\",\"description\":\"Buy \\\/ Sell used machines ex stock from your dealer \u221a Metal, Wood, Textile & Plastic \u221a Used machinery dealers in Germany\",\"breadcrumb\":{\"@id\":\"https:\\\/\\\/wheelde.com\\\/cs\\\/sluzby\\\/#breadcrumb\"},\"inLanguage\":\"cs\",\"potentialAction\":[{\"@type\":\"ReadAction\",\"target\":[\"https:\\\/\\\/wheelde.com\\\/cs\\\/sluzby\\\/\"]}]},{\"@type\":\"BreadcrumbList\",\"@id\":\"https:\\\/\\\/wheelde.com\\\/cs\\\/sluzby\\\/#breadcrumb\",\"itemListElement\":[{\"@type\":\"ListItem\",\"position\":1,\"name\":\"Home\",\"item\":\"https:\\\/\\\/wheelde.com\\\/cs\\\/\"},{\"@type\":\"ListItem\",\"position\":2,\"name\":\"Slu\u017eby\"}]},{\"@type\":\"WebSite\",\"@id\":\"https:\\\/\\\/wheelde.com\\\/cs\\\/#website\",\"url\":\"https:\\\/\\\/wheelde.com\\\/cs\\\/\",\"name\":\"wheelde.com\",\"description\":\"Global B2B portal to find used production machines\",\"publisher\":{\"@id\":\"https:\\\/\\\/wheelde.com\\\/cs\\\/#organization\"},\"potentialAction\":[{\"@type\":\"SearchAction\",\"target\":{\"@type\":\"EntryPoint\",\"urlTemplate\":\"https:\\\/\\\/wheelde.com\\\/cs\\\/?s={search_term_string}\"},\"query-input\":{\"@type\":\"PropertyValueSpecification\",\"valueRequired\":true,\"valueName\":\"search_term_string\"}}],\"inLanguage\":\"cs\"},{\"@type\":\"Organization\",\"@id\":\"https:\\\/\\\/wheelde.com\\\/cs\\\/#organization\",\"name\":\"wheelde.com\",\"url\":\"https:\\\/\\\/wheelde.com\\\/cs\\\/\",\"logo\":{\"@type\":\"ImageObject\",\"inLanguage\":\"cs\",\"@id\":\"https:\\\/\\\/wheelde.com\\\/cs\\\/#\\\/schema\\\/logo\\\/image\\\/\",\"url\":\"https:\\\/\\\/wheelde.com\\\/wp-content\\\/uploads\\\/2024\\\/11\\\/logo1.webp\",\"contentUrl\":\"https:\\\/\\\/wheelde.com\\\/wp-content\\\/uploads\\\/2024\\\/11\\\/logo1.webp\",\"width\":408,\"height\":103,\"caption\":\"wheelde.com\"},\"image\":{\"@id\":\"https:\\\/\\\/wheelde.com\\\/cs\\\/#\\\/schema\\\/logo\\\/image\\\/\"}}]}<\/script>","yoast_head_json":{"title":"Used machines buy & sell","description":"Buy \/ Sell used machines ex stock from your dealer \u221a Metal, Wood, Textile & Plastic \u221a Used machinery dealers in Germany","robots":{"index":"index","follow":"follow","max-snippet":"max-snippet:-1","max-image-preview":"max-image-preview:large","max-video-preview":"max-video-preview:-1"},"canonical":"https:\/\/wheelde.com\/cs\/sluzby\/","og_locale":"cs_CZ","og_type":"article","og_title":"Used machines buy & sell","og_description":"Buy \/ Sell used machines ex stock from your dealer \u221a Metal, Wood, Textile & Plastic \u221a Used machinery dealers in Germany","og_url":"https:\/\/wheelde.com\/cs\/sluzby\/","og_site_name":"wheelde.com","article_modified_time":"2025-07-18T17:03:15+00:00","schema":{"@context":"https:\/\/schema.org","@graph":[{"@type":"WebPage","@id":"https:\/\/wheelde.com\/cs\/sluzby\/","url":"https:\/\/wheelde.com\/cs\/sluzby\/","name":"Used machines buy & sell","isPartOf":{"@id":"https:\/\/wheelde.com\/cs\/#website"},"datePublished":"2023-01-11T21:17:49+00:00","dateModified":"2025-07-18T17:03:15+00:00","description":"Buy \/ Sell used machines ex stock from your dealer \u221a Metal, Wood, Textile & Plastic \u221a Used machinery dealers in Germany","breadcrumb":{"@id":"https:\/\/wheelde.com\/cs\/sluzby\/#breadcrumb"},"inLanguage":"cs","potentialAction":[{"@type":"ReadAction","target":["https:\/\/wheelde.com\/cs\/sluzby\/"]}]},{"@type":"BreadcrumbList","@id":"https:\/\/wheelde.com\/cs\/sluzby\/#breadcrumb","itemListElement":[{"@type":"ListItem","position":1,"name":"Home","item":"https:\/\/wheelde.com\/cs\/"},{"@type":"ListItem","position":2,"name":"Slu\u017eby"}]},{"@type":"WebSite","@id":"https:\/\/wheelde.com\/cs\/#website","url":"https:\/\/wheelde.com\/cs\/","name":"wheelde.com","description":"Global B2B portal to find used production machines","publisher":{"@id":"https:\/\/wheelde.com\/cs\/#organization"},"potentialAction":[{"@type":"SearchAction","target":{"@type":"EntryPoint","urlTemplate":"https:\/\/wheelde.com\/cs\/?s={search_term_string}"},"query-input":{"@type":"PropertyValueSpecification","valueRequired":true,"valueName":"search_term_string"}}],"inLanguage":"cs"},{"@type":"Organization","@id":"https:\/\/wheelde.com\/cs\/#organization","name":"wheelde.com","url":"https:\/\/wheelde.com\/cs\/","logo":{"@type":"ImageObject","inLanguage":"cs","@id":"https:\/\/wheelde.com\/cs\/#\/schema\/logo\/image\/","url":"https:\/\/wheelde.com\/wp-content\/uploads\/2024\/11\/logo1.webp","contentUrl":"https:\/\/wheelde.com\/wp-content\/uploads\/2024\/11\/logo1.webp","width":408,"height":103,"caption":"wheelde.com"},"image":{"@id":"https:\/\/wheelde.com\/cs\/#\/schema\/logo\/image\/"}}]}},"_links":{"self":[{"href":"https:\/\/wheelde.com\/cs\/wp-json\/wp\/v2\/pages\/14149","targetHints":{"allow":["GET"]}}],"collection":[{"href":"https:\/\/wheelde.com\/cs\/wp-json\/wp\/v2\/pages"}],"about":[{"href":"https:\/\/wheelde.com\/cs\/wp-json\/wp\/v2\/types\/page"}],"author":[{"embeddable":true,"href":"https:\/\/wheelde.com\/cs\/wp-json\/wp\/v2\/users\/2"}],"replies":[{"embeddable":true,"href":"https:\/\/wheelde.com\/cs\/wp-json\/wp\/v2\/comments?post=14149"}],"version-history":[{"count":0,"href":"https:\/\/wheelde.com\/cs\/wp-json\/wp\/v2\/pages\/14149\/revisions"}],"wp:attachment":[{"href":"https:\/\/wheelde.com\/cs\/wp-json\/wp\/v2\/media?parent=14149"}],"curies":[{"name":"wp","href":"https:\/\/api.w.org\/{rel}","templated":true}]}}