{"id":13994,"date":"2023-01-11T23:17:27","date_gmt":"2023-01-11T21:17:27","guid":{"rendered":"https:\/\/wheelde.com\/?page_id=13994"},"modified":"2025-07-18T20:43:03","modified_gmt":"2025-07-18T18:43:03","slug":"o-nas","status":"publish","type":"page","link":"https:\/\/wheelde.com\/cs\/o-nas\/","title":{"rendered":"O n\u00e1s"},"content":{"rendered":"\t\t<div data-elementor-type=\"wp-page\" data-elementor-id=\"13994\" class=\"elementor elementor-13994 elementor-3820\">\n\t\t\t\t\t\t<section class=\"elementor-section elementor-top-section elementor-element elementor-element-2a54cc8 elementor-section-boxed elementor-section-height-default elementor-section-height-default\" data-id=\"2a54cc8\" data-element_type=\"section\" data-e-type=\"section\">\n\t\t\t\t\t\t<div class=\"elementor-container elementor-column-gap-default\">\n\t\t\t\t\t<div class=\"elementor-column elementor-col-100 elementor-top-column elementor-element elementor-element-552f89e\" data-id=\"552f89e\" data-element_type=\"column\" data-e-type=\"column\">\n\t\t\t<div class=\"elementor-widget-wrap elementor-element-populated\">\n\t\t\t\t\t\t<div class=\"elementor-element elementor-element-adfaae1 elementor-widget elementor-widget-text-editor\" data-id=\"adfaae1\" data-element_type=\"widget\" data-e-type=\"widget\" data-widget_type=\"text-editor.default\">\n\t\t\t\t<div class=\"elementor-widget-container\">\n\t\t\t\t\t\t\t\t\t<div class=\"ipWidget ipWidget-Heading ipSkin-default\">\n<h2 class=\"_title\">V\u00edtejte ve WheelDE<\/h2>\n<\/div>\n<div class=\"ipWidget ipWidget-Text ipSkin-default\">\n<div class=\"ipsContainer\">\n\n<strong>NOV\u00c1 SLU\u017dBA\u00a0 \u2013 Smluvn\u00ed v\u00fdrobn\u00ed slu\u017eby podle va\u0161ich pot\u0159eb.<\/strong>\n<ul>\n  <li>P\u0159esn\u00e9 d\u00edly obr\u00e1b\u011bn\u00e9 CNC<\/li>\n  <li>Fr\u00e9zov\u00e1n\u00ed<\/li>\n  <li>Ot\u00e1\u010den\u00ed<\/li>\n  <li>Design &amp; Reverzn\u00ed in\u017een\u00fdrstv\u00ed<\/li>\n  <li>V\u00fdroba plech\u016f<\/li>\n  <li>Sva\u0159ovan\u00e9 r\u00e1my<\/li>\n  <li>Pr\u00e1\u0161kov\u00e9 lakov\u00e1n\u00ed<\/li>\n  <li>Elektrick\u00e9 rozvody<\/li>\n  <li>Mont\u00e1\u017e &amp; Testov\u00e1n\u00ed<\/li>\n  <li>Sestaven\u00ed v \u010dist\u00e9 m\u00edstnosti<\/li>\n  <li>Inspekce &amp; Kontrola kvality<\/li>\n  <li>Zad\u00e1v\u00e1n\u00ed ve\u0159ejn\u00fdch zak\u00e1zek<\/li>\n<\/ul>\n<\/div>\n<\/div>\n<div class=\"ipWidget ipWidget-Text ipSkin-default\">\n<div class=\"ipsContainer\">\n\nJsme mezin\u00e1rodn\u011b p\u016fsob\u00edc\u00ed obchodn\u00ed spole\u010dnost, glob\u00e1ln\u011b propojen\u00e1 a jsme va\u0161\u00edm odborn\u00fdm partnerem, pokud hled\u00e1te dob\u0159e udr\u017eovan\u00e9, pou\u017eit\u00e9 stroje a v\u00fdrobn\u00ed linky\/z\u00e1vody.\n\nSpolupracujeme se skandin\u00e1vsk\u00fdmi, n\u011bmeck\u00fdmi, francouzsk\u00fdmi, polsk\u00fdmi, rakousk\u00fdmi, britsk\u00fdmi, rakousk\u00fdmi a dal\u0161\u00edmi spole\u010dnostmi na zpracov\u00e1n\u00ed kov\u016f. Na\u0161i partne\u0159i neust\u00e1le obnovuj\u00ed v\u00fdrobn\u00ed technologie a prod\u00e1vaj\u00ed udr\u017eovan\u00e9, pou\u017eit\u00e9 stroje.\n\nPou\u017eit\u00e9 stroje nebo v\u00fdrobn\u00ed linky\/za\u0159\u00edzen\u00ed lze zakoupit p\u0159\u00edmo u u\u017eivatele nebo z na\u0161eho skladu.\n\nN\u00e1\u0161 sortiment zahrnuje:\n<ul>\n  <li>CNC obr\u00e1b\u011bc\u00ed centra, horizont\u00e1ln\u00ed<\/li>\n  <li>CNC obr\u00e1b\u011bc\u00ed centra, vertik\u00e1ln\u00ed<\/li>\n  <li>CNC vyvrt\u00e1va\u010dky<\/li>\n  <li>CNC vertik\u00e1ln\u00ed soustruhy<\/li>\n  <li>CNC soustruhy<\/li>\n  <li>CNC soustru\u017enick\u00e1 a fr\u00e9zovac\u00ed centra s v\u00edce osami<\/li>\n  <li>CNC pod\u00e9ln\u00e9 soustruhy<\/li>\n  <li>CNC laserov\u00e9 \u0159ezac\u00ed jednotky<\/li>\n  <li>V\u00edcev\u0159etenov\u00e9 automatick\u00e9 soustruhy<\/li>\n  <li>Konven\u010dn\u00ed soustru\u017enick\u00e9 a fr\u00e9zovac\u00ed stroje<\/li>\n  <li>\u010c\u00e1ry o\u0159\u00edznut\u00e9 na d\u00e9lku<\/li>\n  <li>Dal\u0161\u00ed pou\u017eit\u00e9 stroje na vy\u017e\u00e1d\u00e1n\u00ed<\/li>\n  <li>P\u0159\u00edslu\u0161enstv\u00ed pro \u0159ez\u00e1n\u00ed<\/li>\n<\/ul>\n&#8212; V\u00fdrobn\u00ed linky\/z\u00e1vody &#8212;\n\n<\/div>\n<\/div>\n<div class=\"ipWidget ipWidget-Divider ipSkin-default\"><\/div>\n<div class=\"ipWidget ipWidget-Heading ipSkin-default\">\n<h3 class=\"_title\">Na\u0161e slu\u017eba<\/h3>\n<\/div>\n<div class=\"ipWidget ipWidget-Text ipSkin-default\">\n<div class=\"ipsContainer\"><\/div>\n<\/div>\n<div class=\"ipWidget ipWidget-Text ipSkin-default\">\n<div class=\"ipsContainer\">\n\n&#8211; Hodnocen\u00ed a marketing stroj\u016f\/linky\/za\u0159\u00edzen\u00ed\n&#8211; Vizu\u00e1ln\u00ed kontrola a zpr\u00e1va\n&#8211; Finan\u010dn\u00ed dokumentace\n&#8211; Demont\u00e1\u017e a p\u0159\u00edprava transportu\n&#8211; Instalace a spu\u0161t\u011bn\u00ed\n\n<\/div>\n<\/div>\t\t\t\t\t\t\t\t<\/div>\n\t\t\t\t<\/div>\n\t\t\t\t\t<\/div>\n\t\t<\/div>\n\t\t\t\t\t<\/div>\n\t\t<\/section>\n\t\t\t\t<\/div>\n\t\t","protected":false},"excerpt":{"rendered":"<p>V\u00edtejte ve WheelDE NOV\u00c1 SLU\u017dBA\u00a0 \u2013 Smluvn\u00ed v\u00fdrobn\u00ed slu\u017eby podle va\u0161ich pot\u0159eb. P\u0159esn\u00e9 d\u00edly obr\u00e1b\u011bn\u00e9 CNC Fr\u00e9zov\u00e1n\u00ed Ot\u00e1\u010den\u00ed Design &amp; Reverzn\u00ed in\u017een\u00fdrstv\u00ed V\u00fdroba plech\u016f Sva\u0159ovan\u00e9 r\u00e1my Pr\u00e1\u0161kov\u00e9 lakov\u00e1n\u00ed Elektrick\u00e9 rozvody Mont\u00e1\u017e &amp; Testov\u00e1n\u00ed Sestaven\u00ed v \u010dist\u00e9 m\u00edstnosti Inspekce &amp; Kontrola kvality Zad\u00e1v\u00e1n\u00ed ve\u0159ejn\u00fdch zak\u00e1zek Jsme mezin\u00e1rodn\u011b p\u016fsob\u00edc\u00ed obchodn\u00ed spole\u010dnost, glob\u00e1ln\u011b propojen\u00e1 a jsme va\u0161\u00edm odborn\u00fdm &hellip;<\/p>\n<p class=\"read-more\"> <a class=\"\" href=\"https:\/\/wheelde.com\/cs\/o-nas\/\"> <span class=\"screen-reader-text\">O n\u00e1s<\/span> Pokra\u010dovat ve \u010dten\u00ed &raquo;<\/a><\/p>\n","protected":false},"author":2,"featured_media":0,"parent":0,"menu_order":0,"comment_status":"closed","ping_status":"closed","template":"","meta":{"_acf_changed":false,"site-sidebar-layout":"default","site-content-layout":"default","ast-global-header-display":"","ast-main-header-display":"","ast-hfb-above-header-display":"","ast-hfb-below-header-display":"","ast-hfb-mobile-header-display":"","site-post-title":"","ast-breadcrumbs-content":"","ast-featured-img":"","footer-sml-layout":"","theme-transparent-header-meta":"default","adv-header-id-meta":"","stick-header-meta":"default","header-above-stick-meta":"","header-main-stick-meta":"","header-below-stick-meta":"","footnotes":""},"class_list":["post-13994","page","type-page","status-publish","hentry"],"acf":[],"yoast_head":"<title>300 000 nov\u00e9 a pou\u017eit\u00e9 stroje v bazar stroje na opracovanie dreva<\/title>\n<meta name=\"description\" content=\"je v\u00e1\u0161 vyhled\u00e1va\u010d specializovan\u00fd na pou\u017eit\u00e9 stroje. Porovnejte ceny a najd\u011bte v\u00fdhodn\u00e9 pou\u017eit\u00e9 stroj stroje na opracovanie dreva\" \/>\n<meta name=\"robots\" content=\"index, follow, max-snippet:-1, max-image-preview:large, max-video-preview:-1\" \/>\n<link rel=\"canonical\" href=\"https:\/\/wheelde.com\/cs\/o-nas\/\" \/>\n<meta property=\"og:locale\" content=\"cs_CZ\" \/>\n<meta property=\"og:type\" content=\"article\" \/>\n<meta property=\"og:title\" content=\"300 000 nov\u00e9 a pou\u017eit\u00e9 stroje v bazar stroje na opracovanie dreva\" \/>\n<meta property=\"og:description\" content=\"je v\u00e1\u0161 vyhled\u00e1va\u010d specializovan\u00fd na pou\u017eit\u00e9 stroje. Porovnejte ceny a najd\u011bte v\u00fdhodn\u00e9 pou\u017eit\u00e9 stroj stroje na opracovanie dreva\" \/>\n<meta property=\"og:url\" content=\"https:\/\/wheelde.com\/cs\/o-nas\/\" \/>\n<meta property=\"og:site_name\" content=\"wheelde.com\" \/>\n<meta property=\"article:modified_time\" content=\"2025-07-18T18:43:03+00:00\" \/>\n<script type=\"application\/ld+json\" class=\"yoast-schema-graph\">{\"@context\":\"https:\\\/\\\/schema.org\",\"@graph\":[{\"@type\":\"WebPage\",\"@id\":\"https:\\\/\\\/wheelde.com\\\/cs\\\/o-nas\\\/\",\"url\":\"https:\\\/\\\/wheelde.com\\\/cs\\\/o-nas\\\/\",\"name\":\"300 000 nov\u00e9 a pou\u017eit\u00e9 stroje v bazar stroje na opracovanie dreva\",\"isPartOf\":{\"@id\":\"https:\\\/\\\/wheelde.com\\\/cs\\\/#website\"},\"datePublished\":\"2023-01-11T21:17:27+00:00\",\"dateModified\":\"2025-07-18T18:43:03+00:00\",\"description\":\"je v\u00e1\u0161 vyhled\u00e1va\u010d specializovan\u00fd na pou\u017eit\u00e9 stroje. Porovnejte ceny a najd\u011bte v\u00fdhodn\u00e9 pou\u017eit\u00e9 stroj stroje na opracovanie dreva\",\"breadcrumb\":{\"@id\":\"https:\\\/\\\/wheelde.com\\\/cs\\\/o-nas\\\/#breadcrumb\"},\"inLanguage\":\"cs\",\"potentialAction\":[{\"@type\":\"ReadAction\",\"target\":[\"https:\\\/\\\/wheelde.com\\\/cs\\\/o-nas\\\/\"]}]},{\"@type\":\"BreadcrumbList\",\"@id\":\"https:\\\/\\\/wheelde.com\\\/cs\\\/o-nas\\\/#breadcrumb\",\"itemListElement\":[{\"@type\":\"ListItem\",\"position\":1,\"name\":\"Home\",\"item\":\"https:\\\/\\\/wheelde.com\\\/cs\\\/\"},{\"@type\":\"ListItem\",\"position\":2,\"name\":\"O n\u00e1s\"}]},{\"@type\":\"WebSite\",\"@id\":\"https:\\\/\\\/wheelde.com\\\/cs\\\/#website\",\"url\":\"https:\\\/\\\/wheelde.com\\\/cs\\\/\",\"name\":\"wheelde.com\",\"description\":\"Global B2B portal to find used production machines\",\"publisher\":{\"@id\":\"https:\\\/\\\/wheelde.com\\\/cs\\\/#organization\"},\"potentialAction\":[{\"@type\":\"SearchAction\",\"target\":{\"@type\":\"EntryPoint\",\"urlTemplate\":\"https:\\\/\\\/wheelde.com\\\/cs\\\/?s={search_term_string}\"},\"query-input\":{\"@type\":\"PropertyValueSpecification\",\"valueRequired\":true,\"valueName\":\"search_term_string\"}}],\"inLanguage\":\"cs\"},{\"@type\":\"Organization\",\"@id\":\"https:\\\/\\\/wheelde.com\\\/cs\\\/#organization\",\"name\":\"wheelde.com\",\"url\":\"https:\\\/\\\/wheelde.com\\\/cs\\\/\",\"logo\":{\"@type\":\"ImageObject\",\"inLanguage\":\"cs\",\"@id\":\"https:\\\/\\\/wheelde.com\\\/cs\\\/#\\\/schema\\\/logo\\\/image\\\/\",\"url\":\"https:\\\/\\\/wheelde.com\\\/wp-content\\\/uploads\\\/2024\\\/11\\\/logo1.webp\",\"contentUrl\":\"https:\\\/\\\/wheelde.com\\\/wp-content\\\/uploads\\\/2024\\\/11\\\/logo1.webp\",\"width\":408,\"height\":103,\"caption\":\"wheelde.com\"},\"image\":{\"@id\":\"https:\\\/\\\/wheelde.com\\\/cs\\\/#\\\/schema\\\/logo\\\/image\\\/\"}}]}<\/script>","yoast_head_json":{"title":"300 000 nov\u00e9 a pou\u017eit\u00e9 stroje v bazar stroje na opracovanie dreva","description":"je v\u00e1\u0161 vyhled\u00e1va\u010d specializovan\u00fd na pou\u017eit\u00e9 stroje. Porovnejte ceny a najd\u011bte v\u00fdhodn\u00e9 pou\u017eit\u00e9 stroj stroje na opracovanie dreva","robots":{"index":"index","follow":"follow","max-snippet":"max-snippet:-1","max-image-preview":"max-image-preview:large","max-video-preview":"max-video-preview:-1"},"canonical":"https:\/\/wheelde.com\/cs\/o-nas\/","og_locale":"cs_CZ","og_type":"article","og_title":"300 000 nov\u00e9 a pou\u017eit\u00e9 stroje v bazar stroje na opracovanie dreva","og_description":"je v\u00e1\u0161 vyhled\u00e1va\u010d specializovan\u00fd na pou\u017eit\u00e9 stroje. Porovnejte ceny a najd\u011bte v\u00fdhodn\u00e9 pou\u017eit\u00e9 stroj stroje na opracovanie dreva","og_url":"https:\/\/wheelde.com\/cs\/o-nas\/","og_site_name":"wheelde.com","article_modified_time":"2025-07-18T18:43:03+00:00","schema":{"@context":"https:\/\/schema.org","@graph":[{"@type":"WebPage","@id":"https:\/\/wheelde.com\/cs\/o-nas\/","url":"https:\/\/wheelde.com\/cs\/o-nas\/","name":"300 000 nov\u00e9 a pou\u017eit\u00e9 stroje v bazar stroje na opracovanie dreva","isPartOf":{"@id":"https:\/\/wheelde.com\/cs\/#website"},"datePublished":"2023-01-11T21:17:27+00:00","dateModified":"2025-07-18T18:43:03+00:00","description":"je v\u00e1\u0161 vyhled\u00e1va\u010d specializovan\u00fd na pou\u017eit\u00e9 stroje. Porovnejte ceny a najd\u011bte v\u00fdhodn\u00e9 pou\u017eit\u00e9 stroj stroje na opracovanie dreva","breadcrumb":{"@id":"https:\/\/wheelde.com\/cs\/o-nas\/#breadcrumb"},"inLanguage":"cs","potentialAction":[{"@type":"ReadAction","target":["https:\/\/wheelde.com\/cs\/o-nas\/"]}]},{"@type":"BreadcrumbList","@id":"https:\/\/wheelde.com\/cs\/o-nas\/#breadcrumb","itemListElement":[{"@type":"ListItem","position":1,"name":"Home","item":"https:\/\/wheelde.com\/cs\/"},{"@type":"ListItem","position":2,"name":"O n\u00e1s"}]},{"@type":"WebSite","@id":"https:\/\/wheelde.com\/cs\/#website","url":"https:\/\/wheelde.com\/cs\/","name":"wheelde.com","description":"Global B2B portal to find used production machines","publisher":{"@id":"https:\/\/wheelde.com\/cs\/#organization"},"potentialAction":[{"@type":"SearchAction","target":{"@type":"EntryPoint","urlTemplate":"https:\/\/wheelde.com\/cs\/?s={search_term_string}"},"query-input":{"@type":"PropertyValueSpecification","valueRequired":true,"valueName":"search_term_string"}}],"inLanguage":"cs"},{"@type":"Organization","@id":"https:\/\/wheelde.com\/cs\/#organization","name":"wheelde.com","url":"https:\/\/wheelde.com\/cs\/","logo":{"@type":"ImageObject","inLanguage":"cs","@id":"https:\/\/wheelde.com\/cs\/#\/schema\/logo\/image\/","url":"https:\/\/wheelde.com\/wp-content\/uploads\/2024\/11\/logo1.webp","contentUrl":"https:\/\/wheelde.com\/wp-content\/uploads\/2024\/11\/logo1.webp","width":408,"height":103,"caption":"wheelde.com"},"image":{"@id":"https:\/\/wheelde.com\/cs\/#\/schema\/logo\/image\/"}}]}},"_links":{"self":[{"href":"https:\/\/wheelde.com\/cs\/wp-json\/wp\/v2\/pages\/13994","targetHints":{"allow":["GET"]}}],"collection":[{"href":"https:\/\/wheelde.com\/cs\/wp-json\/wp\/v2\/pages"}],"about":[{"href":"https:\/\/wheelde.com\/cs\/wp-json\/wp\/v2\/types\/page"}],"author":[{"embeddable":true,"href":"https:\/\/wheelde.com\/cs\/wp-json\/wp\/v2\/users\/2"}],"replies":[{"embeddable":true,"href":"https:\/\/wheelde.com\/cs\/wp-json\/wp\/v2\/comments?post=13994"}],"version-history":[{"count":0,"href":"https:\/\/wheelde.com\/cs\/wp-json\/wp\/v2\/pages\/13994\/revisions"}],"wp:attachment":[{"href":"https:\/\/wheelde.com\/cs\/wp-json\/wp\/v2\/media?parent=13994"}],"curies":[{"name":"wp","href":"https:\/\/api.w.org\/{rel}","templated":true}]}}